{"id":818,"date":"2025-03-08T13:43:49","date_gmt":"2025-03-08T13:43:49","guid":{"rendered":"https:\/\/www.szentkuthymiklos.hu\/web\/?page_id=818"},"modified":"2025-03-08T13:43:50","modified_gmt":"2025-03-08T13:43:50","slug":"miklos-szentkuthys-works-in-foregin-countries","status":"publish","type":"page","link":"https:\/\/www.szentkuthymiklos.hu\/web\/en\/bibliography\/miklos-szentkuthys-works-in-foregin-countries\/","title":{"rendered":"Mikl\u00f3s Szentkuthy&#8217;s works in foregin countries"},"content":{"rendered":"\n<p><\/p>\n\n\n\n<p><strong>Belgium:<\/strong><\/p>\n\n\n\n<p>&nbsp;\u00c9didtions Vies parall\u00e8les&nbsp;, Bruxelles<\/p>\n\n\n\n<p>&#8211; En marge de Casanova, 2015&nbsp;<\/p>\n\n\n\n<p>&#8211; Renaissance noire, 2016&nbsp;<\/p>\n\n\n\n<p>&#8211; Escorial, 2017&nbsp;<\/p>\n\n\n\n<p>&#8211; Europa Minor, 2018<\/p>\n\n\n\n<p>&#8211; Cynthia, 2019<\/p>\n\n\n\n<p><strong>France:<\/strong><\/p>\n\n\n\n<p>\u00c9ditions Ph\u00e9bus, Paris&nbsp;:<\/p>\n\n\n\n<p>&#8211; Caravane, revue annuelle, \u00ab&nbsp;Litt\u00e9rature a d\u00e9couvrir&nbsp;\u00bb les premieres 55 paged sur Mikl\u00f3s Szentkuthy. 1991<\/p>\n\n\n\n<p><em>&#8211; En marge de Casanova, <\/em>1991&nbsp;<\/p>\n\n\n\n<p><em>&#8211; Renaissance noire<\/em>,1991&nbsp;<\/p>\n\n\n\n<p><em>&#8211; Escorial<\/em>, 1993<\/p>\n\n\n\n<p><em>&#8211; Europa Minor, <\/em>2006<\/p>\n\n\n\n<p><em>&#8211; La confession frivole<\/em>,1999&nbsp;<\/p>\n\n\n\n<p><em>Librairie Jos\u00e9 Corti, Paris&nbsp;:<\/em><\/p>\n\n\n\n<p><em>&#8211; Vers l\u2019unique m\u00e9taphore<\/em>,1991&nbsp;<\/p>\n\n\n\n<p><em>&#8211; En lisant Augustin<\/em>,1996&nbsp;<\/p>\n\n\n\n<p><em>&#8211; Le calendrier de l\u2019humilit\u00e9<\/em>,1998<em>&nbsp;<\/em><\/p>\n\n\n\n<p><em>&#8211; Robert Baroque<\/em>,1998&nbsp;<\/p>\n\n\n\n<p><em>\u00c9ditions du Seuil, Paris :<\/em><\/p>\n\n\n\n<p>&#8211; <em>La Chronique Burgonde,<\/em> 1996&nbsp;<\/p>\n\n\n\n<p><em>Europe\u00a0:<\/em> revue litt\u00e9raire, Paris, 2001.\u00a0<\/p>\n\n\n\n<p><strong>Portugal:<\/strong><\/p>\n\n\n\n<p>Editorial Teorema, Lisboa<\/p>\n\n\n\n<p><em>&#8211; \u00c0 Margem de Casanova<\/em>, 1992<\/p>\n\n\n\n<p><em>&#8211; Escorial,1999&nbsp;<\/em><\/p>\n\n\n\n<p><strong>Romania:<\/strong><\/p>\n\n\n\n<p><em>&#8211; Bianca Lanza di Casalanza<\/em> \u2013 Editura Univers, Bucuresti, 1999<\/p>\n\n\n\n<p><strong>Slovakia:<\/strong><\/p>\n\n\n\n<p><em>&#8211; Divertimento. Variacie na zivot Wolfganga Amadea Mozarta \u2013 <\/em>Tatran, Bratislava, 1990<\/p>\n\n\n\n<p>Burgundsk\u00e1 kronika, 2017<\/p>\n\n\n\n<p><strong>Spain\u00a0:<\/strong><\/p>\n\n\n\n<p>Ediciones Siruela, Madrid<\/p>\n\n\n\n<p><em>&#8211; A prop\u00f3sito de Casanova, <\/em>2002&nbsp;<\/p>\n\n\n\n<p><em>&#8211; Renacimiento Negro, <\/em>2007&nbsp;<\/p>\n\n\n\n<p>Ediciones del Subsuelo, Barcelona<\/p>\n\n\n\n<p>&#8211; <em>Leyendo a Agust\u00edn, <\/em>2014&nbsp;<\/p>\n\n\n\n<p><strong>Poland:<\/strong><\/p>\n\n\n\n<p>Literatura na swiecie \u2013 \u00ab&nbsp;Pan Miklos Szentkuthy&nbsp;\u00bb, &#8211; no 3 &#8211;&nbsp; foly\u00f3irat Szentkuthy-k\u00fcl\u00f6nsz\u00e1m, 344 oldalon Szentkuthy szerepel benne, 2019.&nbsp;<\/p>\n\n\n\n<p><strong>Turkey:<\/strong><\/p>\n\n\n\n<p>Aylak&nbsp; Adam K\u00fclt\u00fcr Sanat Yayincilik, Istanbul&nbsp; &#8211; Casanova \u00fczerine notlar, 2015<\/p>\n\n\n\n<p><strong>Germany<\/strong>:<\/p>\n\n\n\n<p>Die Andere Bibliotek<\/p>\n\n\n\n<p>-Apropos Casanova, 2020<\/p>\n\n\n\n<p><strong>USA:<\/strong><\/p>\n\n\n\n<p>Contra Mundum Press, New York (Rainer J. Hanshe)<\/p>\n\n\n\n<p>&#8211; Marginalia on Casanova, 2012&nbsp;<\/p>\n\n\n\n<p>&#8211; Black Renaissance, 2018&nbsp;<\/p>\n\n\n\n<p>&#8211; Towards the One and Only Metaphore, 2013&nbsp;<\/p>\n\n\n\n<p>&#8211; Chapter on Love, 2020&nbsp;<\/p>\n\n\n\n<p>&#8211; Prae I., 2015<\/p>\n\n\n\n<p>&#8211; Prae II. 2022<\/p>\n","protected":false},"excerpt":{"rendered":"<p>Belgium: &nbsp;\u00c9didtions Vies parall\u00e8les&nbsp;, Bruxelles &#8211; En marge de Casanova, 2015&nbsp; &#8211; Renaissance noire, 2016&nbsp; &#8211; Escorial, 2017&nbsp; &#8211; Europa Minor, 2018 &#8211; Cynthia, 2019 France: \u00c9ditions Ph\u00e9bus, Paris&nbsp;: &#8211; Caravane, revue annuelle, \u00ab&nbsp;Litt\u00e9rature a d\u00e9couvrir&nbsp;\u00bb les premieres 55 paged sur Mikl\u00f3s Szentkuthy. 1991 &#8211; En marge de Casanova, 1991&nbsp; &#8211; Renaissance noire,1991&nbsp; &#8211; Escorial, [&hellip;]<\/p>\n","protected":false},"author":4,"featured_media":0,"parent":375,"menu_order":3,"comment_status":"closed","ping_status":"closed","template":"","meta":{"footnotes":""},"categories":[],"class_list":["post-818","page","type-page","status-publish","hentry"],"_links":{"self":[{"href":"https:\/\/www.szentkuthymiklos.hu\/web\/wp-json\/wp\/v2\/pages\/818","targetHints":{"allow":["GET"]}}],"collection":[{"href":"https:\/\/www.szentkuthymiklos.hu\/web\/wp-json\/wp\/v2\/pages"}],"about":[{"href":"https:\/\/www.szentkuthymiklos.hu\/web\/wp-json\/wp\/v2\/types\/page"}],"author":[{"embeddable":true,"href":"https:\/\/www.szentkuthymiklos.hu\/web\/wp-json\/wp\/v2\/users\/4"}],"replies":[{"embeddable":true,"href":"https:\/\/www.szentkuthymiklos.hu\/web\/wp-json\/wp\/v2\/comments?post=818"}],"version-history":[{"count":1,"href":"https:\/\/www.szentkuthymiklos.hu\/web\/wp-json\/wp\/v2\/pages\/818\/revisions"}],"predecessor-version":[{"id":819,"href":"https:\/\/www.szentkuthymiklos.hu\/web\/wp-json\/wp\/v2\/pages\/818\/revisions\/819"}],"up":[{"embeddable":true,"href":"https:\/\/www.szentkuthymiklos.hu\/web\/wp-json\/wp\/v2\/pages\/375"}],"wp:attachment":[{"href":"https:\/\/www.szentkuthymiklos.hu\/web\/wp-json\/wp\/v2\/media?parent=818"}],"wp:term":[{"taxonomy":"category","embeddable":true,"href":"https:\/\/www.szentkuthymiklos.hu\/web\/wp-json\/wp\/v2\/categories?post=818"}],"curies":[{"name":"wp","href":"https:\/\/api.w.org\/{rel}","templated":true}]}}