{"id":798,"date":"2025-03-01T13:21:32","date_gmt":"2025-03-01T13:21:32","guid":{"rendered":"https:\/\/www.szentkuthymiklos.hu\/web\/?page_id=798"},"modified":"2025-03-08T13:15:25","modified_gmt":"2025-03-08T13:15:25","slug":"fekete-j-jozsef-post","status":"publish","type":"page","link":"https:\/\/www.szentkuthymiklos.hu\/web\/rola-szolo-muvek\/fekete-j-jozsef-post\/","title":{"rendered":"Fekete J. J\u00f3zsef: POST"},"content":{"rendered":"\n<p class=\"has-text-align-center\">Fekete J. J\u00f3zsef: POST<\/p>\n\n\n\n<p class=\"has-text-align-center\">Forum K\u00f6nyvkiad\u00f3, 2005.<\/p>\n\n\n\n<p>Fekete J. J\u00f3zsef P O S T c\u00edm\u0171 monogr\u00e1fi\u00e1ja, amely a c\u00edmmel Szentkuthy Mikl\u00f3s legnevezetesebb m\u0171ve c\u00edm\u00e9nek ellent\u00e9te, t\u00f6bb mint h\u00fasz esztend\u0151 folyamatosan folytatott Szentkuthy-olvasatainak a summ\u00e1ja &#8211; nagyar\u00e1ny\u00fa sz\u00e1mbav\u00e9tele mindazoknak az olvas\u00e1si tapasztalatoknak, amelyek ezekb\u0151l az el\u0151tanulm\u00e1nyokb\u00f3l sz\u00fclettek. Ilyen m\u00f3don Fekete J. J\u00f3zsefet Szentkuthy Mikl\u00f3s m\u0171v\u00e9szete egyik legalaposabb ismer\u0151j\u00e9nek \u00e9s interpret\u00e1l\u00f3j\u00e1nak tarthatjuk &#8211; k\u00f6vetkez\u00e9sk\u00e9ppen m\u0171ve monogr\u00e1fia karakter\u0171; a legteljesebb, ami a XX. sz\u00e1zad magyar pr\u00f3zairodalma egyik legvitatottabb, a szokv\u00e1nyossal dacol\u00f3 \u00edr\u00f3 m\u0171v\u00e9szet\u00e9t az olvas\u00f3 sz\u00e1m\u00e1ra megk\u00f6zel\u00edthet\u0151v\u00e9 teszi. A most kez\u00fcnkben lev\u0151 monogr\u00e1fia azt mutatja, hogy Fekete J. J\u00f3zsef alaposan ismeri Szentkuthy igaz\u00e1n nagy terjedelm\u0171 \u00e9letm\u0171v\u00e9nek r\u00e9szleteit, s mint bevallotta, megbabon\u00e1zta az \u00edr\u00f3 \u201evar\u00e1zslatos st\u00edlusa&#8221;. Teh\u00e1t nem zord kritikus, hanem az \u00edr\u00f3hoz vezet\u0151 tiszteletteljes kalauz monogr\u00e1fi\u00e1ja tizennyolc fejezet\u00e9ben \u00e9s az irodalomt\u00f6rt\u00e9net elv\u00e1rta mell\u00e9kletekkel. B\u00e1tran mozog az \u00edr\u00f3 sz\u00f6veg-\u0151serdej\u00e9ben, kijel\u00f6lve, hogy Szentkuthy \u201enem a val\u00f3s\u00e1got teremtette \u00fajj\u00e1, hanem a lehets\u00e9ges val\u00f3s\u00e1g egyik\u00e9t fogalmazta meg&#8221;, azt \u00e1h\u00edtva, hogy a m\u0171 \u201eirodalom, val\u00f3s\u00e1g \u00e9s hittan&#8221; legyen egyszerre. Ez a kiv\u00e9teles jellegzetess\u00e9g \u00f6szt\u00f6nzi a felki\u00e1lt\u00e1sra a Cynthia c\u00edm\u0171 reg\u00e9nye kapcs\u00e1n: \u201eMennyire emberi reg\u00e9ny . . . Mennyire nem reg\u00e9ny!&#8221; Meg kell \u00e1llap\u00edtani m\u00e9g, hogy teljess\u00e9gre t\u00f6rekedve Szentkuthy Mikl\u00f3s posztumusz m\u0171veit keletkez\u00e9si idej\u00fck kijel\u00f6lte hely\u00e9n vizsg\u00e1lta. Bori Imre<\/p>\n","protected":false},"excerpt":{"rendered":"<p>Fekete J. J\u00f3zsef: POST Forum K\u00f6nyvkiad\u00f3, 2005. Fekete J. J\u00f3zsef P O S T c\u00edm\u0171 monogr\u00e1fi\u00e1ja, amely a c\u00edmmel Szentkuthy Mikl\u00f3s legnevezetesebb m\u0171ve c\u00edm\u00e9nek ellent\u00e9te, t\u00f6bb mint h\u00fasz esztend\u0151 folyamatosan folytatott Szentkuthy-olvasatainak a summ\u00e1ja &#8211; nagyar\u00e1ny\u00fa sz\u00e1mbav\u00e9tele mindazoknak az olvas\u00e1si tapasztalatoknak, amelyek ezekb\u0151l az el\u0151tanulm\u00e1nyokb\u00f3l sz\u00fclettek. Ilyen m\u00f3don Fekete J. J\u00f3zsefet Szentkuthy Mikl\u00f3s m\u0171v\u00e9szete egyik [&hellip;]<\/p>\n","protected":false},"author":4,"featured_media":0,"parent":505,"menu_order":6,"comment_status":"closed","ping_status":"closed","template":"","meta":{"footnotes":""},"categories":[54],"class_list":["post-798","page","type-page","status-publish","hentry","category-rola-szolo-muvek"],"_links":{"self":[{"href":"https:\/\/www.szentkuthymiklos.hu\/web\/wp-json\/wp\/v2\/pages\/798","targetHints":{"allow":["GET"]}}],"collection":[{"href":"https:\/\/www.szentkuthymiklos.hu\/web\/wp-json\/wp\/v2\/pages"}],"about":[{"href":"https:\/\/www.szentkuthymiklos.hu\/web\/wp-json\/wp\/v2\/types\/page"}],"author":[{"embeddable":true,"href":"https:\/\/www.szentkuthymiklos.hu\/web\/wp-json\/wp\/v2\/users\/4"}],"replies":[{"embeddable":true,"href":"https:\/\/www.szentkuthymiklos.hu\/web\/wp-json\/wp\/v2\/comments?post=798"}],"version-history":[{"count":1,"href":"https:\/\/www.szentkuthymiklos.hu\/web\/wp-json\/wp\/v2\/pages\/798\/revisions"}],"predecessor-version":[{"id":799,"href":"https:\/\/www.szentkuthymiklos.hu\/web\/wp-json\/wp\/v2\/pages\/798\/revisions\/799"}],"up":[{"embeddable":true,"href":"https:\/\/www.szentkuthymiklos.hu\/web\/wp-json\/wp\/v2\/pages\/505"}],"wp:attachment":[{"href":"https:\/\/www.szentkuthymiklos.hu\/web\/wp-json\/wp\/v2\/media?parent=798"}],"wp:term":[{"taxonomy":"category","embeddable":true,"href":"https:\/\/www.szentkuthymiklos.hu\/web\/wp-json\/wp\/v2\/categories?post=798"}],"curies":[{"name":"wp","href":"https:\/\/api.w.org\/{rel}","templated":true}]}}