{"id":796,"date":"2025-03-01T13:19:36","date_gmt":"2025-03-01T13:19:36","guid":{"rendered":"https:\/\/www.szentkuthymiklos.hu\/web\/?page_id=796"},"modified":"2025-03-08T13:15:00","modified_gmt":"2025-03-08T13:15:00","slug":"fekete-j-jozsef-olvasat","status":"publish","type":"page","link":"https:\/\/www.szentkuthymiklos.hu\/web\/rola-szolo-muvek\/fekete-j-jozsef-olvasat\/","title":{"rendered":"Fekete J. J\u00f3zsef: Olvasat"},"content":{"rendered":"\n<p class=\"has-text-align-center\">Fekete J. J\u00f3zsef: Olvasat<\/p>\n\n\n\n<p class=\"has-text-align-center\">Forum K\u00f6nyvkiad\u00f3, 1986.<\/p>\n\n\n\n<p><strong>Tartalomjegyz\u00e9k<\/strong><\/p>\n\n\n\n<p>Bevezet\u0151&nbsp;&nbsp;&nbsp;&nbsp;&nbsp;&nbsp;&nbsp;&nbsp; 5<\/p>\n\n\n\n<p>Ki Orpheusz? 9<\/p>\n\n\n\n<p>Az el\u0151d\u00f6k&nbsp;&nbsp;&nbsp;&nbsp;&nbsp;&nbsp; 11<\/p>\n\n\n\n<p>A reg\u00e9nyelm\u00e9let \u00e9s a Prae&nbsp;&nbsp;&nbsp;&nbsp; 13<\/p>\n\n\n\n<p>A Prae m\u0171faja 18<\/p>\n\n\n\n<p>A val\u00f3s\u00e1g kit\u00e1g\u00edt\u00e1sa&nbsp;&nbsp; 22<\/p>\n\n\n\n<p>A Prae ideje&nbsp;&nbsp;&nbsp; 26<\/p>\n\n\n\n<p>A Prae kompoz\u00edci\u00f3ja 28<\/p>\n\n\n\n<p>A Prae az eszt\u00e9tikumr\u00f3l \u00e9s a nyelvr\u0151l&nbsp;&nbsp;&nbsp;&nbsp;&nbsp;&nbsp;&nbsp;&nbsp;&nbsp;&nbsp; 30<\/p>\n\n\n\n<p>\u00cdr\u00f3i szeml\u00e9lete a Prae ut\u00e1n&nbsp;&nbsp;&nbsp;&nbsp; 36<\/p>\n\n\n\n<p>Szent Orpheus brevi\u00e1riuma&nbsp;&nbsp; 41<\/p>\n\n\n\n<p>Az id\u0151 szerepe a Brevi\u00e1riumban&nbsp;&nbsp;&nbsp;&nbsp;&nbsp;&nbsp; 47<\/p>\n\n\n\n<p>A Brevi\u00e1rium szerkezete&nbsp;&nbsp;&nbsp;&nbsp;&nbsp;&nbsp; 50<\/p>\n\n\n\n<p>Sz\u00ednh\u00e1z &#8211; grand guignol &#8211; hal\u00e1lt\u00e1nc&nbsp; 56<\/p>\n\n\n\n<p>A t\u00f6rt\u00e9nelmi reg\u00e9nyek m\u00f3dszere \u00e9s hiteless\u00e9ge&nbsp;&nbsp;&nbsp;&nbsp;&nbsp;&nbsp; 60<\/p>\n\n\n\n<p>Az \u00edr\u00f3 eszmeis\u00e9ge&nbsp;&nbsp;&nbsp;&nbsp;&nbsp; 68<\/p>\n\n\n\n<p>Az \u00edr\u00f3 realizmusa&nbsp;&nbsp;&nbsp;&nbsp;&nbsp; 74<\/p>\n\n\n\n<p>Sz\u00fcrrealizmus vagy barokk? 86<\/p>\n\n\n\n<p>Nyelv\u00e9ben \u00e9l az \u00edr\u00f3&nbsp;&nbsp;&nbsp; 90<\/p>\n\n\n\n<p>Ut\u00f3sz\u00f3 99<\/p>\n\n\n\n<p>Az elemzett m\u0171vek jegyz\u00e9ke 101<\/p>\n\n\n\n<p>Irodalom&nbsp;&nbsp;&nbsp;&nbsp;&nbsp;&nbsp;&nbsp;&nbsp; 103<\/p>\n\n\n\n<p>Tartalom&nbsp;&nbsp;&nbsp;&nbsp;&nbsp;&nbsp;&nbsp;&nbsp; 105<\/p>\n","protected":false},"excerpt":{"rendered":"<p>Fekete J. J\u00f3zsef: Olvasat Forum K\u00f6nyvkiad\u00f3, 1986. Tartalomjegyz\u00e9k Bevezet\u0151&nbsp;&nbsp;&nbsp;&nbsp;&nbsp;&nbsp;&nbsp;&nbsp; 5 Ki Orpheusz? 9 Az el\u0151d\u00f6k&nbsp;&nbsp;&nbsp;&nbsp;&nbsp;&nbsp; 11 A reg\u00e9nyelm\u00e9let \u00e9s a Prae&nbsp;&nbsp;&nbsp;&nbsp; 13 A Prae m\u0171faja 18 A val\u00f3s\u00e1g kit\u00e1g\u00edt\u00e1sa&nbsp;&nbsp; 22 A Prae ideje&nbsp;&nbsp;&nbsp; 26 A Prae kompoz\u00edci\u00f3ja 28 A Prae az eszt\u00e9tikumr\u00f3l \u00e9s a nyelvr\u0151l&nbsp;&nbsp;&nbsp;&nbsp;&nbsp;&nbsp;&nbsp;&nbsp;&nbsp;&nbsp; 30 \u00cdr\u00f3i szeml\u00e9lete a Prae ut\u00e1n&nbsp;&nbsp;&nbsp;&nbsp; 36 Szent Orpheus brevi\u00e1riuma&nbsp;&nbsp; [&hellip;]<\/p>\n","protected":false},"author":4,"featured_media":0,"parent":505,"menu_order":4,"comment_status":"closed","ping_status":"closed","template":"","meta":{"footnotes":""},"categories":[54],"class_list":["post-796","page","type-page","status-publish","hentry","category-rola-szolo-muvek"],"_links":{"self":[{"href":"https:\/\/www.szentkuthymiklos.hu\/web\/wp-json\/wp\/v2\/pages\/796","targetHints":{"allow":["GET"]}}],"collection":[{"href":"https:\/\/www.szentkuthymiklos.hu\/web\/wp-json\/wp\/v2\/pages"}],"about":[{"href":"https:\/\/www.szentkuthymiklos.hu\/web\/wp-json\/wp\/v2\/types\/page"}],"author":[{"embeddable":true,"href":"https:\/\/www.szentkuthymiklos.hu\/web\/wp-json\/wp\/v2\/users\/4"}],"replies":[{"embeddable":true,"href":"https:\/\/www.szentkuthymiklos.hu\/web\/wp-json\/wp\/v2\/comments?post=796"}],"version-history":[{"count":2,"href":"https:\/\/www.szentkuthymiklos.hu\/web\/wp-json\/wp\/v2\/pages\/796\/revisions"}],"predecessor-version":[{"id":807,"href":"https:\/\/www.szentkuthymiklos.hu\/web\/wp-json\/wp\/v2\/pages\/796\/revisions\/807"}],"up":[{"embeddable":true,"href":"https:\/\/www.szentkuthymiklos.hu\/web\/wp-json\/wp\/v2\/pages\/505"}],"wp:attachment":[{"href":"https:\/\/www.szentkuthymiklos.hu\/web\/wp-json\/wp\/v2\/media?parent=796"}],"wp:term":[{"taxonomy":"category","embeddable":true,"href":"https:\/\/www.szentkuthymiklos.hu\/web\/wp-json\/wp\/v2\/categories?post=796"}],"curies":[{"name":"wp","href":"https:\/\/api.w.org\/{rel}","templated":true}]}}