{"id":794,"date":"2025-03-01T13:36:49","date_gmt":"2025-03-01T13:36:49","guid":{"rendered":"https:\/\/www.szentkuthymiklos.hu\/web\/?page_id=794"},"modified":"2025-03-01T13:36:50","modified_gmt":"2025-03-01T13:36:50","slug":"harmonikus-tepett-lelek","status":"publish","type":"page","link":"https:\/\/www.szentkuthymiklos.hu\/web\/esszek-tanulmanyok-muforditasok-levelezes\/harmonikus-tepett-lelek\/","title":{"rendered":"Harmonikus t\u00e9pett l\u00e9lek"},"content":{"rendered":"\n<p>R\u00e9z P\u00e1l videobesz\u00e9lget\u00e9se Szentkuthy Mikl\u00f3ssal<\/p>\n\n\n\n<p>Magvet\u0151 Kiad\u00f3, 1994.<\/p>\n\n\n\n<p>Egy hallatlanul izgalmas alkot\u00f3i szem\u00e9lyis\u00e9g arcj\u00e1t\u00e9k\u00e1t, besz\u00e9dmodor\u00e1t, j\u00e1t\u00e9kos-boh\u00f3ckod\u00f3 vagy \u00e9ppen hal\u00e1losan komoly, nemegyszer pedig h\u00e1tborzongat\u00f3an diabolikus reflexi\u00f3t, gesztusait \u00f6r\u00f6k\u00edtette meg az a videofilmre r\u00f6gz\u00edtett besz\u00e9lget\u00e9s, amelyet Szentkuthy Mikl\u00f3ssal R\u00e9z P\u00e1l folytatott 1986 nyar\u00e1n. Megd\u00f6bbent\u0151, hogy a film \u00e9lm\u00e9ny\u00e9t milyen er\u0151teljesen adja vissza az a gondosan \u00f6ssze\u00e1ll\u00edtott sz\u00f6veg, amely a tizenk\u00e9t \u00f3r\u00e1s &#8211; Jeles Andr\u00e1s \u00e1ltal k\u00e9sz\u00edtett &#8211; film hanganyag\u00e1b\u00f3l k\u00e9sz\u00fclt. A sz\u00f3 k\u00e9pi erej\u00e9t \u00e9rezz\u00fck Szentkuthy nagyszer\u0171, frapp\u00e1ns v\u00e1laszaib\u00f3l, szeretteli g\u00fanyol\u00f3d\u00e1saib\u00f3l.<\/p>\n\n\n\n<p>A Szentkuthy-rajong\u00f3knak igazi csemege ez a kis k\u00f6nyv. S mi m\u00e1r tudjuk: a k\u00f6tetben meg\u00f6r\u00f6k\u00edtett dial\u00f3gus egyike az \u00edr\u00f3 utols\u00f3 portr\u00e9inak&#8230;<\/p>\n","protected":false},"excerpt":{"rendered":"<p>R\u00e9z P\u00e1l videobesz\u00e9lget\u00e9se Szentkuthy Mikl\u00f3ssal Magvet\u0151 Kiad\u00f3, 1994. Egy hallatlanul izgalmas alkot\u00f3i szem\u00e9lyis\u00e9g arcj\u00e1t\u00e9k\u00e1t, besz\u00e9dmodor\u00e1t, j\u00e1t\u00e9kos-boh\u00f3ckod\u00f3 vagy \u00e9ppen hal\u00e1losan komoly, nemegyszer pedig h\u00e1tborzongat\u00f3an diabolikus reflexi\u00f3t, gesztusait \u00f6r\u00f6k\u00edtette meg az a videofilmre r\u00f6gz\u00edtett besz\u00e9lget\u00e9s, amelyet Szentkuthy Mikl\u00f3ssal R\u00e9z P\u00e1l folytatott 1986 nyar\u00e1n. Megd\u00f6bbent\u0151, hogy a film \u00e9lm\u00e9ny\u00e9t milyen er\u0151teljesen adja vissza az a gondosan \u00f6ssze\u00e1ll\u00edtott sz\u00f6veg, [&hellip;]<\/p>\n","protected":false},"author":4,"featured_media":0,"parent":125,"menu_order":11,"comment_status":"closed","ping_status":"closed","template":"","meta":{"footnotes":""},"categories":[6],"class_list":["post-794","page","type-page","status-publish","hentry","category-esszek"],"_links":{"self":[{"href":"https:\/\/www.szentkuthymiklos.hu\/web\/wp-json\/wp\/v2\/pages\/794","targetHints":{"allow":["GET"]}}],"collection":[{"href":"https:\/\/www.szentkuthymiklos.hu\/web\/wp-json\/wp\/v2\/pages"}],"about":[{"href":"https:\/\/www.szentkuthymiklos.hu\/web\/wp-json\/wp\/v2\/types\/page"}],"author":[{"embeddable":true,"href":"https:\/\/www.szentkuthymiklos.hu\/web\/wp-json\/wp\/v2\/users\/4"}],"replies":[{"embeddable":true,"href":"https:\/\/www.szentkuthymiklos.hu\/web\/wp-json\/wp\/v2\/comments?post=794"}],"version-history":[{"count":2,"href":"https:\/\/www.szentkuthymiklos.hu\/web\/wp-json\/wp\/v2\/pages\/794\/revisions"}],"predecessor-version":[{"id":808,"href":"https:\/\/www.szentkuthymiklos.hu\/web\/wp-json\/wp\/v2\/pages\/794\/revisions\/808"}],"up":[{"embeddable":true,"href":"https:\/\/www.szentkuthymiklos.hu\/web\/wp-json\/wp\/v2\/pages\/125"}],"wp:attachment":[{"href":"https:\/\/www.szentkuthymiklos.hu\/web\/wp-json\/wp\/v2\/media?parent=794"}],"wp:term":[{"taxonomy":"category","embeddable":true,"href":"https:\/\/www.szentkuthymiklos.hu\/web\/wp-json\/wp\/v2\/categories?post=794"}],"curies":[{"name":"wp","href":"https:\/\/api.w.org\/{rel}","templated":true}]}}