{"id":789,"date":"2025-03-01T13:11:38","date_gmt":"2025-03-01T13:11:38","guid":{"rendered":"https:\/\/www.szentkuthymiklos.hu\/web\/?page_id=789"},"modified":"2025-03-01T13:11:39","modified_gmt":"2025-03-01T13:11:39","slug":"reszlet","status":"publish","type":"page","link":"https:\/\/www.szentkuthymiklos.hu\/web\/rola-szolo-muvek\/tompa-maria-szentkuthy-miklos-vonzasaban\/reszlet\/","title":{"rendered":"R\u00e9szlet"},"content":{"rendered":"\n<p class=\"has-text-align-center\"><em>Tompa M\u00e1ria:\u00a0 Szentkuthy Mikl\u00f3s vonz\u00e1s\u00e1ban <\/em><\/p>\n\n\n\n<p class=\"has-text-align-center\"><strong>R\u00e9szlet<\/strong><\/p>\n\n\n\n<p>Az Arc \u00e9s \u00e1larc c\u00edm\u0171 Szentkuthy-reg\u00e9nyben van egy sz\u00f6vegr\u00e9sz, amely Szentkuthy gondolkod\u00e1s\u00e1nak legfontosabb elemeit, az \u00e9letm\u0171 meg\u00e9rt\u00e9s\u00e9t demonstr\u00e1lja. A fiatal Goethe filoz\u00f3fiatan\u00e1r\u00e1t\u00f3l feladatk\u00e9nt kapja Plat\u00f3n Men\u00f3nja egy mondat\u00e1nak \u00e9rtelmez\u00e9s\u00e9t: \u2026ha \u00fagy v\u00e9lj\u00fck, hogy azt, amit az ember nem tud: kutatni kell \u2013: jobbak, f\u00e9rfiasabbak \u00e9s kev\u00e9sb\u00e9 lust\u00e1k vagyunk, mint ha azt v\u00e9lj\u00fck, hogy amit az ember nem tud, azt nem lehet megtal\u00e1lni \u00e9s az ember egy\u00e1ltal\u00e1ban ne is kutassa?&nbsp; \u2013 Erre a kamasz Goethe egy szerte\u00e1gaz\u00f3 term\u00e9szetle\u00edr\u00e1st k\u00f6lt, aminek persze semmi k\u00f6ze a feladatk\u00e9nt kapott filoz\u00f3fiai komment\u00e1l\u00e1shoz, \u00e9s k\u00f6rnyezet\u00e9t siker\u00fcl elk\u00e9pesztenie a fiorit\u00far\u00e1kkal teli term\u00e9szetle\u00edr\u00e1ssal. A v\u00e9g\u00e9n ezt \u00edrja Szentkuthy\/Goethe:&nbsp;<\/p>\n\n\n\n<p><em>\u00c9n rend\u00fcletlen\u00fcl v\u00e9gigolvastam vaderdei vadjegyzeteimet. Mikor megk\u00e9rdezt\u00e9k, hogy \u201emi ez!?\u201d \u2013 v\u00edgan kifejtettem, hogy a filoz\u00f3fia egyetlen lehets\u00e9ges alakja: az eleven val\u00f3s\u00e1gos vil\u00e1g megfigyel\u00e9se.&nbsp;<\/em><\/p>\n\n\n\n<p>\u00c9s n\u00e9h\u00e1ny sorral lejjebb:<\/p>\n\n\n\n<p><em>\u2026az elm\u00e9letek helyett szebb \u00e9s filozofikusabb a term\u00e9szet val\u00f3s\u00e1ga.&nbsp;<\/em><\/p>\n\n\n\n<p>Erre az id\u00e9zetre Fleisz Katalin 2016 szeptember\u00e9ben \u00edrt remek tanulm\u00e1nya h\u00edvta fel a figyelmemet (Szentkuthy Goeth\u00e9r\u0151l Arc \u00e9s \u00e1larc c\u00edmen megjelent reg\u00e9ny\u00e9nek elemz\u00e9se a tanulm\u00e1ny t\u00e1rgya), \u00e9s hossz\u00fa gondolatsort ind\u00edtott el bennem.&nbsp;<\/p>\n\n\n\n<p>J\u00f3l eml\u00e9kszem, amikor a Frivolit\u00e1sok \u00e9s hitvall\u00e1sok felv\u00e9telekor eljutottunk az egyetemi \u00e9veihez, sz\u00f3ba ker\u00fclt a filoz\u00f3fia \u201ebekebelez\u00e9se\u201d is, de Szentkuthy Pascal egyik l\u00e9nyeges gondolat\u00e1t id\u00e9zte:&nbsp;<\/p>\n\n\n\n<p><em>\u2026\u201eLa vraie \u00e9loquence se moque de l\u2019\u00e9loquence\u201d, \u00e9s ennek d\u00f6bbenetes, f\u00e9lelmetes, szinte abszurdit\u00e1sig vitt folytat\u00e1sa: \u201e\u2026la vraie morale se moque de la morale\u201d,&nbsp; \u2013 azut\u00e1n pedig eg\u00e9sz \u00e9letemet v\u00e9gigk\u00eds\u00e9r\u0151 utols\u00f3 konzekvencia: \u201e Se moquer de la philosophie, c\u2019est vraiment philosopher\u201d. (Az igazi \u00e9kessz\u00f3l\u00e1s fittyet h\u00e1ny az \u00e9kessz\u00f3l\u00e1sra\u2026&nbsp; Az igazi erk\u00f6lcs fittyet h\u00e1ny az erk\u00f6lcsre\u2026 Semmibe venni a filoz\u00f3fi\u00e1t annyit jelent, mint igaz\u00e1n filozof\u00e1lni.)&nbsp;&nbsp;&nbsp;<\/em><\/p>\n\n\n\n<p>\u00dagy t\u0171nik, Szentkuthy a Goethe-reg\u00e9nyben a j\u00e1t\u00e9kos term\u00e9szetle\u00edr\u00e1ssal azt a glob\u00e1lis \u00e9let\u00e9rz\u00e9st akarta demonstr\u00e1lni, hogy az id\u00e9zett filozofikus v\u00e1laszt\u00e1s-k\u00e9nyszerre mi emberek nem tudunk hiteles megold\u00e1st tal\u00e1lni. Mi csak k\u00e9rdez\u00fcnk, a Nagyterm\u00e9szet v\u00e1laszol. A Nagyterm\u00e9szet t\u00f6rv\u00e9nyei \u00e9s azok kihat\u00e1sai mindig felr\u00e1znak benn\u00fcnket, mikor t\u00fals\u00e1gosan elringattuk magunkat abban a hitben, hogy az ember a teremt\u00e9s koron\u00e1ja.&nbsp;<\/p>\n","protected":false},"excerpt":{"rendered":"<p>Tompa M\u00e1ria:\u00a0 Szentkuthy Mikl\u00f3s vonz\u00e1s\u00e1ban R\u00e9szlet Az Arc \u00e9s \u00e1larc c\u00edm\u0171 Szentkuthy-reg\u00e9nyben van egy sz\u00f6vegr\u00e9sz, amely Szentkuthy gondolkod\u00e1s\u00e1nak legfontosabb elemeit, az \u00e9letm\u0171 meg\u00e9rt\u00e9s\u00e9t demonstr\u00e1lja. A fiatal Goethe filoz\u00f3fiatan\u00e1r\u00e1t\u00f3l feladatk\u00e9nt kapja Plat\u00f3n Men\u00f3nja egy mondat\u00e1nak \u00e9rtelmez\u00e9s\u00e9t: \u2026ha \u00fagy v\u00e9lj\u00fck, hogy azt, amit az ember nem tud: kutatni kell \u2013: jobbak, f\u00e9rfiasabbak \u00e9s kev\u00e9sb\u00e9 lust\u00e1k vagyunk, mint [&hellip;]<\/p>\n","protected":false},"author":4,"featured_media":0,"parent":787,"menu_order":2,"comment_status":"closed","ping_status":"closed","template":"","meta":{"footnotes":""},"categories":[54],"class_list":["post-789","page","type-page","status-publish","hentry","category-rola-szolo-muvek"],"_links":{"self":[{"href":"https:\/\/www.szentkuthymiklos.hu\/web\/wp-json\/wp\/v2\/pages\/789","targetHints":{"allow":["GET"]}}],"collection":[{"href":"https:\/\/www.szentkuthymiklos.hu\/web\/wp-json\/wp\/v2\/pages"}],"about":[{"href":"https:\/\/www.szentkuthymiklos.hu\/web\/wp-json\/wp\/v2\/types\/page"}],"author":[{"embeddable":true,"href":"https:\/\/www.szentkuthymiklos.hu\/web\/wp-json\/wp\/v2\/users\/4"}],"replies":[{"embeddable":true,"href":"https:\/\/www.szentkuthymiklos.hu\/web\/wp-json\/wp\/v2\/comments?post=789"}],"version-history":[{"count":1,"href":"https:\/\/www.szentkuthymiklos.hu\/web\/wp-json\/wp\/v2\/pages\/789\/revisions"}],"predecessor-version":[{"id":790,"href":"https:\/\/www.szentkuthymiklos.hu\/web\/wp-json\/wp\/v2\/pages\/789\/revisions\/790"}],"up":[{"embeddable":true,"href":"https:\/\/www.szentkuthymiklos.hu\/web\/wp-json\/wp\/v2\/pages\/787"}],"wp:attachment":[{"href":"https:\/\/www.szentkuthymiklos.hu\/web\/wp-json\/wp\/v2\/media?parent=789"}],"wp:term":[{"taxonomy":"category","embeddable":true,"href":"https:\/\/www.szentkuthymiklos.hu\/web\/wp-json\/wp\/v2\/categories?post=789"}],"curies":[{"name":"wp","href":"https:\/\/api.w.org\/{rel}","templated":true}]}}