{"id":785,"date":"2025-03-01T13:12:35","date_gmt":"2025-03-01T13:12:35","guid":{"rendered":"https:\/\/www.szentkuthymiklos.hu\/web\/?page_id=785"},"modified":"2025-03-01T13:13:34","modified_gmt":"2025-03-01T13:13:34","slug":"tartalomjegyzek","status":"publish","type":"page","link":"https:\/\/www.szentkuthymiklos.hu\/web\/rola-szolo-muvek\/tompa-maria-szentkuthy-miklos-vonzasaban\/tartalomjegyzek\/","title":{"rendered":"Tartalomjegyz\u00e9k"},"content":{"rendered":"\n<p class=\"has-text-align-center\"><em>Tompa M\u00e1ria: Szentkuthy Mikl\u00f3s vonz\u00e1s\u00e1ban<\/em><\/p>\n\n\n\n<p class=\"has-text-align-center\"><em>Kort\u00e1rs K\u00f6nyvkiad\u00f3, 2019.<\/em><\/p>\n\n\n\n<p class=\"has-text-align-center\"><strong>Tartalomjegyz\u00e9k<\/strong><\/p>\n\n\n\n<p>Bevezet\u0151 \u2026\u2026\u2026\u2026\u2026\u2026\u2026\u2026\u2026\u2026&#8230;\u2026\u2026\u2026\u2026\u2026\u2026\u2026\u2026\u2026\u2026\u2026\u2026\u2026\u2026.\u2026. 5<\/p>\n\n\n\n<p>Izz\u00edt\u00f3 \u00e9s fegyelmez\u0151 f\u00e9nyk\u00f6r \u2026.\u2026\u2026\u2026\u2026\u2026\u2026\u2026\u2026\u2026\u2026\u2026\u2026\u2026\u2026\u2026&#8230;&#8230; 9<\/p>\n\n\n\n<p>Val\u00f3s\u00e1g \u00e9s ill\u00fazi\u00f3 t\u00e1nca&nbsp; (Szentkuthy Mikl\u00f3s&nbsp; sz\u00ednpada) \u2026\u2026.\u2026..\u2026..107<\/p>\n\n\n\n<p>Alsdorf \u2026\u2026\u2026\u2026\u2026\u2026\u2026\u2026\u2026\u2026\u2026\u2026\u2026\u2026\u2026\u2026\u2026\u2026\u2026\u2026\u2026\u2026..\u2026\u2026\u2026\u2026124<\/p>\n\n\n\n<p>Mit \u00e9r Freud, ha nincs hozz\u00e1 Pinocchio? (A mes\u00e9k vil\u00e1ga)..\u2026\u2026..\u2026.131<\/p>\n\n\n\n<p>Profilok \u00e9s metafizika&nbsp; (Szentkuthy Mikl\u00f3s tekintete) \u2026\u2026.\u2026\u2026\u2026&#8230;.. 139<\/p>\n\n\n\n<p>A rejt\u0151zk\u00f6d\u0151 istenn\u0151&nbsp; (A szerelmet gy\u0151zi le minden?)..\u2026\u2026\u2026.\u2026\u2026.. 169<\/p>\n\n\n\n<p>Orpheus h\u00e1reme (Gy\u0171jtem\u00e9ny \u00e9s m\u00edtoszteremt\u00e9s Szentkuthy Mikl\u00f3s k\u00f6nyvt\u00e1r\u00e1ban) \u2026205<\/p>\n\n\n\n<p>F\u00e1jdalmak \u00e9s titkok j\u00e1t\u00e9ka (Az \u00f6tlet rejt\u00e9lyes \u00e9lettana) &#8230;.\u2026\u2026\u2026\u2026\u2026 219<\/p>\n\n\n\n<p>Egy v\u00e9gtelen\u00fcl teljes napl\u00f3 fel\u00e9 \u2026\u2026\u2026\u2026\u2026\u2026\u2026\u2026\u2026\u2026\u2026\u2026\u2026..\u2026\u2026..&nbsp; 231<\/p>\n\n\n\n<p>Barokk R\u00f3bertt\u0151l Euridik\u00e9ig \u2026\u2026\u2026\u2026\u2026\u2026\u2026\u2026\u2026\u2026\u2026\u2026\u2026.\u2026\u2026\u2026\u2026 &nbsp; 249<\/p>\n\n\n\n<p>Barokk R\u00f3bert (1927; 1991) \u2026\u2026\u2026\u2026\u2026\u2026..\u2026 249<\/p>\n\n\n\n<p>Narcisszusz t\u00fckre (1933; 1995) \u2026\u2026&#8230;\u2026..\u2026..255<\/p>\n\n\n\n<p>Cicer\u00f3 v\u00e1ndor\u00e9vei (1945; 1991) \u2026.\u2026&#8230;\u2026..\u2026.259<\/p>\n\n\n\n<p>Bianca Lanza di Casalanza&nbsp; (1946-47; 1994) &#8230;264&nbsp;<\/p>\n\n\n\n<p>Bez\u00e1rult Eur\u00f3pa (1949; 2000) \u2026\u2026 \u2026\u2026\u2026&#8230;&#8230; 268<\/p>\n\n\n\n<p>V\u00e9res Szam\u00e1r&nbsp; (Szent Orpheus Brevi\u00e1riuma, IX., 1981-82)\u2026 271<\/p>\n\n\n\n<p>Pendragon \u00e9s XIII. Apoll\u00f3 (1946-47; 2009) ..\u2026.279<\/p>\n\n\n\n<p>Euridik\u00e9 nyom\u00e1ban (Szent Orpheus Brevi\u00e1riuma, X. 1988; 1993) \u2026 282<\/p>\n\n\n\n<p>A pattog\u00f3 ism\u00e9tl\u00e9sek&nbsp; (Igen, itt vagy!) \u2026..\u2026.\u2026\u2026\u2026\u2026\u2026\u2026\u2026\u2026\u2026\u2026\u2026\u2026288&nbsp;<\/p>\n\n\n\n<p>Al\u00e1zatt\u00f3l Var\u00e1zskertig&nbsp; \u2026\u2026\u2026\u2026\u2026..\u2026\u2026\u2026\u2026\u2026\u2026\u2026\u2026\u2026\u2026\u2026\u2026\u2026\u2026..\u2026 291<\/p>\n\n\n\n<p>Az al\u00e1zat kalend\u00e1riuma (1935-36; 1998) \u2026.\u2026\u2026..291<\/p>\n\n\n\n<p>\u00c1goston olvas\u00e1sa k\u00f6zben (1939; 1993) \u2026\u2026\u2026 \u2026294<\/p>\n\n\n\n<p>Harm\u00f3nikus t\u00e9pett l\u00e9lek (1986) \u2026\u2026\u2026\u2026\u2026\u2026\u2026\u2026296<\/p>\n\n\n\n<p>A Hamvas Int\u00e9zetn\u00e9l megjelent m\u0171vek (2001\u20132012) \u2026 298<\/p>\n\n\n\n<p>\u00c9g\u0151 katedra&nbsp; (2001) \u2026\u2026\u2026\u2026\u2026\u2026\u2026\u2026\u2026\u2026 \u2026\u2026. 299<\/p>\n\n\n\n<p>Az \u00e9let faggatottja (2006)&nbsp; \u2026\u2026\u2026\u2026\u2026\u2026\u2026\u2026\u2026\u2026306<\/p>\n\n\n\n<p>\u00d6r\u00f6k k\u00f6zels\u00e9g, ezer eml\u00e9k (2007) \u2026\u2026\u2026\u2026\u2026\u2026. 316<\/p>\n\n\n\n<p>V\u00e1logatott levelez\u00e9s&nbsp; (2008) \u2026\u2026\u2026\u2026\u2026\u2026\u2026\u2026\u2026 325<\/p>\n\n\n\n<p>Var\u00e1zskert&nbsp; (2012) \u2026\u2026\u2026\u2026\u2026\u2026\u2026\u2026\u2026\u2026\u2026..\u2026.. 332<\/p>\n\n\n\n<p>Lear el\u0151ad\u00e1s (1947?)\u2026\u2026\u2026\u2026\u2026..\u2026\u2026\u2026\u2026\u2026\u2026\u2026\u2026\u2026\u2026\u2026\u2026.\u2026\u2026\u2026\u2026\u2026 335<\/p>\n\n\n\n<p>Nekem a hist\u00f3ria a mitol\u00f3gi\u00e1m (Szentkuthy Mikl\u00f3s t\u00f6rt\u00e9nelemszeml\u00e9lete)&nbsp; 338<\/p>\n\n\n\n<p>Szervusztok \u00e9des m\u00f3kusok!&nbsp; (A hal\u00e1l t\u00e1ncos \u00e9s \u00e9nekl\u0151 csendje) \u2026\u2026\u2026.\u2026356<\/p>\n\n\n\n<p>A porszemt\u0151l az Androm\u00e9da k\u00f6d\u00f6kig (Szentkuthy fant\u00e1zialabd\u00e1i a dimenzi\u00f3k k\u00f6z\u00f6tt )\u2026375&nbsp;<\/p>\n","protected":false},"excerpt":{"rendered":"<p>Tompa M\u00e1ria: Szentkuthy Mikl\u00f3s vonz\u00e1s\u00e1ban Kort\u00e1rs K\u00f6nyvkiad\u00f3, 2019. Tartalomjegyz\u00e9k Bevezet\u0151 \u2026\u2026\u2026\u2026\u2026\u2026\u2026\u2026\u2026\u2026&#8230;\u2026\u2026\u2026\u2026\u2026\u2026\u2026\u2026\u2026\u2026\u2026\u2026\u2026\u2026.\u2026. 5 Izz\u00edt\u00f3 \u00e9s fegyelmez\u0151 f\u00e9nyk\u00f6r \u2026.\u2026\u2026\u2026\u2026\u2026\u2026\u2026\u2026\u2026\u2026\u2026\u2026\u2026\u2026\u2026&#8230;&#8230; 9 Val\u00f3s\u00e1g \u00e9s ill\u00fazi\u00f3 t\u00e1nca&nbsp; (Szentkuthy Mikl\u00f3s&nbsp; sz\u00ednpada) \u2026\u2026.\u2026..\u2026..107 Alsdorf \u2026\u2026\u2026\u2026\u2026\u2026\u2026\u2026\u2026\u2026\u2026\u2026\u2026\u2026\u2026\u2026\u2026\u2026\u2026\u2026\u2026\u2026..\u2026\u2026\u2026\u2026124 Mit \u00e9r Freud, ha nincs hozz\u00e1 Pinocchio? (A mes\u00e9k vil\u00e1ga)..\u2026\u2026..\u2026.131 Profilok \u00e9s metafizika&nbsp; (Szentkuthy Mikl\u00f3s tekintete) \u2026\u2026.\u2026\u2026\u2026&#8230;.. 139 A rejt\u0151zk\u00f6d\u0151 istenn\u0151&nbsp; (A szerelmet gy\u0151zi le minden?)..\u2026\u2026\u2026.\u2026\u2026.. 169 [&hellip;]<\/p>\n","protected":false},"author":4,"featured_media":0,"parent":787,"menu_order":1,"comment_status":"closed","ping_status":"closed","template":"","meta":{"footnotes":""},"categories":[54],"class_list":["post-785","page","type-page","status-publish","hentry","category-rola-szolo-muvek"],"_links":{"self":[{"href":"https:\/\/www.szentkuthymiklos.hu\/web\/wp-json\/wp\/v2\/pages\/785","targetHints":{"allow":["GET"]}}],"collection":[{"href":"https:\/\/www.szentkuthymiklos.hu\/web\/wp-json\/wp\/v2\/pages"}],"about":[{"href":"https:\/\/www.szentkuthymiklos.hu\/web\/wp-json\/wp\/v2\/types\/page"}],"author":[{"embeddable":true,"href":"https:\/\/www.szentkuthymiklos.hu\/web\/wp-json\/wp\/v2\/users\/4"}],"replies":[{"embeddable":true,"href":"https:\/\/www.szentkuthymiklos.hu\/web\/wp-json\/wp\/v2\/comments?post=785"}],"version-history":[{"count":2,"href":"https:\/\/www.szentkuthymiklos.hu\/web\/wp-json\/wp\/v2\/pages\/785\/revisions"}],"predecessor-version":[{"id":791,"href":"https:\/\/www.szentkuthymiklos.hu\/web\/wp-json\/wp\/v2\/pages\/785\/revisions\/791"}],"up":[{"embeddable":true,"href":"https:\/\/www.szentkuthymiklos.hu\/web\/wp-json\/wp\/v2\/pages\/787"}],"wp:attachment":[{"href":"https:\/\/www.szentkuthymiklos.hu\/web\/wp-json\/wp\/v2\/media?parent=785"}],"wp:term":[{"taxonomy":"category","embeddable":true,"href":"https:\/\/www.szentkuthymiklos.hu\/web\/wp-json\/wp\/v2\/categories?post=785"}],"curies":[{"name":"wp","href":"https:\/\/api.w.org\/{rel}","templated":true}]}}