{"id":781,"date":"2025-03-01T13:01:23","date_gmt":"2025-03-01T13:01:23","guid":{"rendered":"https:\/\/www.szentkuthymiklos.hu\/web\/?page_id=781"},"modified":"2025-03-01T13:01:24","modified_gmt":"2025-03-01T13:01:24","slug":"fulszoveg","status":"publish","type":"page","link":"https:\/\/www.szentkuthymiklos.hu\/web\/esszek-tanulmanyok-muforditasok-levelezes\/inicialek-es-amenek\/fulszoveg\/","title":{"rendered":"F\u00fclsz\u00f6veg"},"content":{"rendered":"\n<p class=\"has-text-align-center\"><em>Szentkuthy Mikl\u00f3s: Inici\u00e1l\u00e9k \u00e9s \u00e1menek<\/em><\/p>\n\n\n\n<p class=\"has-text-align-center\"><strong>F\u00fclsz\u00f6veg<\/strong><\/p>\n\n\n\n<p>A szerz\u0151 \u00edgy aj\u00e1nlja k\u00f6nyv\u00e9t:&nbsp;<\/p>\n\n\n\n<p>Orpheus, a <em>Brev\u00e1rium<\/em> \u00edr\u00f3ja, szerkeszt\u0151je, mindig mosolyg\u00f3, \u00f6nironikus pr\u00e9dik\u00e1l\u00f3ja \u00e9s v\u00e9n kom\u00e9di\u00e1sa egy k\u00e9k hajnalk\u00e1s arany reggelen gy\u0171r\u00f6tt k\u00e9ziratcsom\u00f3t adott egy m\u00e1sol\u00f3 nov\u00edcia kez\u00e9be ezzel a duruzsol\u00f3 megjegyz\u00e9ssel: ,,Ti, bakfis-szent bolondok, azt pletyk\u00e1zt\u00e1tok r\u00f3lam, hogy \u00e9n vagyok a megtestes\u00fclt sokoldal\u00fas\u00e1g, kam\u00e9leon vagyok, ezerarc\u00fa. P\u00e1r napja r\u00e9gebbi \u00e9s \u00fajabb pap\u00edrjaim k\u00f6z\u00f6tt kotor\u00e1sztam, \u00e9s ezeket a lapokat tal\u00e1ltam: \u00d6rd\u00f6g vigye el! Mintha ezek a lehullott levelek titeket igazoln\u00e1nak! Mintha \u00e9gbe-pokolba csavarg\u00f3 skribler-k\u00f3kler mivoltom belsej\u00e9nek lelt\u00e1ra, vegytani k\u00e9plete volna\u2026 Na eriggy, m\u00e1sold, p\u00fcnk\u00f6sdre vissza hozd!\u201d<\/p>\n\n\n\n<p>A maol\u00f3 nov\u00edcia a lapokat olvasva \u2013 megijedt! Titokban odaadta v\u00e9lem\u00e9nyez\u00e9s c\u00e9lj\u00e1b\u00f3l az \u00e9ppen kolostorokban vizit\u00e1l\u00f3 f\u0151 inkviz\u00edtornak. Az v\u00e9gig olvasta, majd Winchester tud\u00f3s \u00e9s l\u00e9lekb\u00fav\u00e1r p\u00fcsp\u00f6k\u00e9nek ezt \u00edrta:<\/p>\n\n\n\n<p>,,A c\u00edm, <em>Inici\u00e1l\u00e9k \u00e9s \u00e1menek<\/em>, el\u00e9gg\u00e9 indokolt: id\u0151rendre utal, legkor\u00e1bbi feljegyz\u00e9sekt\u0151l k\u00e9s\u0151 \u0151szi szellemi kalandokra, ugyanakkor az \u00f6r\u00f6k k\u00e9rdez\u00e9sekre. A sokoldal\u00fas\u00e1g \u00e9s mai ezzel egy\u00fctt j\u00e1r, a kontrasztok sz\u00fcntelen p\u00e1rbaja, a legellent\u00e9tesebb gondolatok, t\u00e9m\u00e1k, m\u0171fajok nyugtalan\u00edt\u00f3 farsangja: k\u00e9ts\u00e9gtelen. M\u00e1ris sorolom kegyelmess\u00e9gednek:<\/p>\n\n\n\n<p>Orpheus legifjabb kor\u00e1ban szinte nevets\u00e9ges hiperentellekt\u00fcel, de szenved\u00e9lyes v\u00e9di \u00e9rettebb kor\u00e1ban az egyszer\u0171s\u00e9get minden ter\u00fcleten. Tobz\u00f3d\u00f3 sz\u00fcrrealit\u00e1s v\u00e1ltakozik a legeslegszolidabb realizmussal, apokaliptikus pr\u00f3f\u00e9tas\u00e1g viccalapok humoreszkjeivel. \u00c9s amit okvetlen\u00fcl n\u00e9gyszemk\u00f6zt kell megbesz\u00e9lnek Kegyelmess\u00e9geddel: legspanyolosabb, legbarokkabb katolicizmus p\u00e1rosul, val\u00f3ban ijeszt\u0151en, k\u00e1roml\u00f3 blaszf\u00e9mi\u00e1kkal \u00e9s Nihil-kultusszal, ugyan\u00edgy: delir\u00e1l\u00f3 erotika a legszentebb imak\u00f6nyvekbe ill\u0151, legszebb imak\u00f6nyvekbe ill\u0151, legszebb R\u00f3zsaf\u00fcz\u00e9r-elm\u00e9lked\u00e9sekkel. St\u00edlus\u00e1ban szupermisztika gyan\u00fasan megf\u00e9r a k\u00fclv\u00e1rosok cinikus utcanyelv\u00e9vel, Calder\u00f3n szakr\u00e1l-dramaturgi\u00e1ja a falusi paraszt-farce-ok monoton haragjaivel \u00e9s buny\u00f3ival, igaz, hogy a b\u00e1bsz\u00ednh\u00e1z v\u00e9res hanc\u00faroz\u00e1sai m\u00f6g\u00f6tt a krisztusi erk\u00f6lcs \u00f6r\u00f6kim\u00e1d\u00e1sa l\u00e1ngol. Ez a kiirthatatlan, irdatlan moralit\u00e1s \u00edratta pokoli szat\u00edr\u00e1it a Hist\u00f3ria v\u00e9res szamarair\u00f3l, ez\u00e9rt lett sz\u00ednj\u00e1t\u00e9kok alakj\u00e1ban harcos n\u00e9pnevel\u0151.<\/p>\n\n\n\n<p>Maradok Kegyelmess\u00e9gednek\u2026\u201d<\/p>\n","protected":false},"excerpt":{"rendered":"<p>Szentkuthy Mikl\u00f3s: Inici\u00e1l\u00e9k \u00e9s \u00e1menek F\u00fclsz\u00f6veg A szerz\u0151 \u00edgy aj\u00e1nlja k\u00f6nyv\u00e9t:&nbsp; Orpheus, a Brev\u00e1rium \u00edr\u00f3ja, szerkeszt\u0151je, mindig mosolyg\u00f3, \u00f6nironikus pr\u00e9dik\u00e1l\u00f3ja \u00e9s v\u00e9n kom\u00e9di\u00e1sa egy k\u00e9k hajnalk\u00e1s arany reggelen gy\u0171r\u00f6tt k\u00e9ziratcsom\u00f3t adott egy m\u00e1sol\u00f3 nov\u00edcia kez\u00e9be ezzel a duruzsol\u00f3 megjegyz\u00e9ssel: ,,Ti, bakfis-szent bolondok, azt pletyk\u00e1zt\u00e1tok r\u00f3lam, hogy \u00e9n vagyok a megtestes\u00fclt sokoldal\u00fas\u00e1g, kam\u00e9leon vagyok, ezerarc\u00fa. P\u00e1r [&hellip;]<\/p>\n","protected":false},"author":4,"featured_media":0,"parent":779,"menu_order":1,"comment_status":"closed","ping_status":"closed","template":"","meta":{"footnotes":""},"categories":[6],"class_list":["post-781","page","type-page","status-publish","hentry","category-esszek"],"_links":{"self":[{"href":"https:\/\/www.szentkuthymiklos.hu\/web\/wp-json\/wp\/v2\/pages\/781","targetHints":{"allow":["GET"]}}],"collection":[{"href":"https:\/\/www.szentkuthymiklos.hu\/web\/wp-json\/wp\/v2\/pages"}],"about":[{"href":"https:\/\/www.szentkuthymiklos.hu\/web\/wp-json\/wp\/v2\/types\/page"}],"author":[{"embeddable":true,"href":"https:\/\/www.szentkuthymiklos.hu\/web\/wp-json\/wp\/v2\/users\/4"}],"replies":[{"embeddable":true,"href":"https:\/\/www.szentkuthymiklos.hu\/web\/wp-json\/wp\/v2\/comments?post=781"}],"version-history":[{"count":1,"href":"https:\/\/www.szentkuthymiklos.hu\/web\/wp-json\/wp\/v2\/pages\/781\/revisions"}],"predecessor-version":[{"id":782,"href":"https:\/\/www.szentkuthymiklos.hu\/web\/wp-json\/wp\/v2\/pages\/781\/revisions\/782"}],"up":[{"embeddable":true,"href":"https:\/\/www.szentkuthymiklos.hu\/web\/wp-json\/wp\/v2\/pages\/779"}],"wp:attachment":[{"href":"https:\/\/www.szentkuthymiklos.hu\/web\/wp-json\/wp\/v2\/media?parent=781"}],"wp:term":[{"taxonomy":"category","embeddable":true,"href":"https:\/\/www.szentkuthymiklos.hu\/web\/wp-json\/wp\/v2\/categories?post=781"}],"curies":[{"name":"wp","href":"https:\/\/api.w.org\/{rel}","templated":true}]}}