{"id":775,"date":"2025-03-01T12:36:18","date_gmt":"2025-03-01T12:36:18","guid":{"rendered":"https:\/\/www.szentkuthymiklos.hu\/web\/?page_id=775"},"modified":"2025-03-01T12:36:19","modified_gmt":"2025-03-01T12:36:19","slug":"tartalomjegyzek","status":"publish","type":"page","link":"https:\/\/www.szentkuthymiklos.hu\/web\/esszek-tanulmanyok-muforditasok-levelezes\/frivolitasok-es-hitvallasok\/tartalomjegyzek\/","title":{"rendered":"Tartalomjegyz\u00e9k"},"content":{"rendered":"\n<p class=\"has-text-align-center\">Szentkuthy Mikl\u00f3s: <em>Frivolit\u00e1sok <\/em>\u00e9s hitvall\u00e1sok<\/p>\n\n\n\n<p class=\"has-text-align-center\"><strong>Tartalomjegyz\u00e9k<\/strong><\/p>\n\n\n\n<p>Frivolit\u00e1sok \u00e9s hitvall\u00e1sok<\/p>\n\n\n\n<p>V\u00e9grendelet \u00e9s invok\u00e1ci\u00f3<\/p>\n\n\n\n<p>Csal\u00e1di val\u00f3s\u00e1gok, csal\u00e1di legend\u00e1k. Figur\u00e1k vonulnak: Martinovics \u00f6sszek\u00f6t\u0151je a p\u00e1rizsi forradalm\u00e1rokkal. Protomedicus Hungariae: J\u00f3zsef n\u00e1dor bar\u00e1tja. Ifj\u00fa katon\u00e1k M\u00e1ria Ter\u00e9zia test\u0151rs\u00e9g\u00e9ben. Egy milliomos n\u00e9met sz\u00edn\u00e9sz Pest-Bud\u00e1n<\/p>\n\n\n\n<p>\u00d3papa \u00f6l\u00e9ben \u00e9s Casanova-kik\u00e9pz\u00e9s\u00e9ben. Sophie tanti: els\u0151 tal\u00e1lkoz\u00e1som sz\u00ednh\u00e1zzal \u00e9s m\u0171v\u00e9szettel<\/p>\n\n\n\n<p>Miniat\u0171r Prousti\u00e1da avagy a B\u00e1stya s\u00e9t\u00e1ny fl\u00f3r\u00e1j\u00e1nak \u00e9s faun\u00e1j\u00e1nak \u0151sl\u00e9nytani \u00e9s kritikai m\u00fazeuma<\/p>\n\n\n\n<p>Pater noster!<\/p>\n\n\n\n<p>A H\u00e9tf\u00e1jdalm\u00fa Sz\u0171zr\u0151l nevezett Gizella n\u0151v\u00e9r<\/p>\n\n\n\n<p>Elemista \u00e9lm\u00e9nyek: 1987 k\u00e9sz alaprajza<\/p>\n\n\n\n<p>A kisgimnazista (1918\u20131922) elindul a t\u00f6rt\u00e9nelem, a vall\u00e1s, az irodalom labirintus\u00e1ban, \u201eAlice in Wonderland\u201d \u00e1tdolgozott kiad\u00e1sa: \u201eOrpheus in Earthyland\u201d. Tan\u00e1csk\u00f6zt\u00e1rsas\u00e1g, M\u00e1ria-kongreg\u00e1ci\u00f3, pedag\u00f3gia panoptikuma, ima\u00e9letem \u00e9s olvasm\u00e1nyaim: a kezd\u0151 \u00edr\u00f3 szecesszi\u00f3s t\u00e1ptalaja<\/p>\n\n\n\n<p>A nagygimnazista (1922\u20131926) a labirintusban k\u00f6zeledik a Min\u00f3tauroszhoz? A Balzac t\u00edpus\u00fa \u201eOpus Magnum\u201d-hoz? A moderns\u00e9g els\u0151 nagy k\u00eds\u00e9rt\u00e9seivel szent\u00e9vi zar\u00e1ndoklatra R\u00f3m\u00e1ba 1925-ben. Jobboldal, baloldal\u2026 A Napkelet foly\u00f3irat gyermek munkat\u00e1rsa<\/p>\n\n\n\n<p>Egy filol\u00f3gus faun tanul\u00f3- \u00e9s v\u00e1ndor\u00e9vei<\/p>\n\n\n\n<p>Prae \u2013 1928\u20131934<\/p>\n\n\n\n<p>Egy \u00f3raad\u00f3-helyettes tan\u00e1r kir\u00e1ndul\u00e1sai: a pedag\u00f3gia buktat\u00f3i \u00e9s sikerei. Magyar politika fesz\u00fclts\u00e9gei a V\u00e1lasz foly\u00f3irat \u00e9veiben. Rugaszkod\u00e1s sz\u0171k haz\u00e1b\u00f3l a vil\u00e1gt\u00f6rt\u00e9nelem Summa Finalis\u00e1ig. Els\u0151 szeret\u0151k \u00e9s \u00f6r\u00f6k szerelmek. Olvasm\u00e1nyok szir\u00e9nhangjai be nem dugott f\u00fcleknek. N\u00e9psz\u00f6vets\u00e9g (Genf) politikai humbugjai, Garda-t\u00f3 \u00fcdv\u00f6z\u00edt\u0151 ciprusai<\/p>\n\n\n\n<p>Az egyetlen metafora fel\u00e9, 1935<\/p>\n\n\n\n<p>Fejezet a szerelemr\u0151l, 1936<\/p>\n\n\n\n<p>Szent Orpheus Brevi\u00e1rium\u00e1t hangolja lantj\u00e1n, 1938. Zenekari k\u00eds\u00e9ret: szentek \u00e9lete, Aphrodit\u00e9 continuo. Sz\u00e9ljegyzetek Casanov\u00e1hoz, 1939: cenzor-eg\u00e9rk\u00e9k cincog\u00e1sa szent szem\u00e9rm\u00fcnk \u00e9s szent hit\u00fcnk k\u00f6r\u00fcl. A Mikes Kelemen Akad\u00e9mia. A concerto v\u00e9ge: egy pofon \u00e9s a Kir\u00e1lyi Tanker\u00fclet<\/p>\n\n\n\n<p>Ikon Erotikon Logikon \u2013 Szent Orpheus arck\u00e9pe a biz\u00e1nci irodalom t\u00fckr\u00e9ben<\/p>\n\n\n\n<p>Sz\u00e1m\u0171z\u00f6tt tan\u00e1r az \u00f3budai \u00c1rp\u00e1d-gimn\u00e1ziumban. \u201eFity\u00f3\u201d kom\u00e9di\u00e1s m\u00e9g nagyobb kom\u00e9di\u00e1soknak tan\u00edt Shakespeare-t. A gimn\u00e1zium k\u00e9t arca: rozoga b\u00e9rh\u00e1z, \u201eBauhaus\u201d kubo-palota. A h\u00e1bor\u00fa egyetlen arca. Hitler-hit\u0171 tan\u00e1rok gal\u00e9ri\u00e1ja. Keleti olvasm\u00e1nyaim nagy korszaka. V\u00e9nusz a habokb\u00f3l, \u00e9n a vil\u00e1gt\u00f6rt\u00e9nelem apokalipszis\u00e9b\u0151l sz\u00fclettem: Orpheus 1939\u20131942<\/p>\n\n\n\n<p>Munkam\u00f3dszered?<\/p>\n\n\n\n<p>Siralomh\u00e1z \u00e9s v\u00e1g\u00f3h\u00edd banalit\u00e1sai: 1944\u201345. Horogkereszt, nyilaskereszt, pince\u00e9let, \u201eFity\u00f3 tan\u00e1r \u00far\u201d l\u00e9goltalmi marsall a V\u00e1rban \u0151stur\u00e1ni germanom\u00e1nok t\u00e9bolyd\u00e1j\u00e1ban. Felszabadul\u00e1s priv\u00e1t buktat\u00f3kkal. Commedia dell\u2019art\u00e9k egy romtoronyban. 1946\u20131948: liter\u00e1tor sz\u00f6cske ugr\u00e1l a romok k\u00f6z\u00f6tt<\/p>\n\n\n\n<p>Egy napom<\/p>\n\n\n\n<p>Hit \u00e9s hitetlens\u00e9g pr\u00f3bah\u00e1zass\u00e1ga frigyl\u00e1d\u00e1val<\/p>\n\n\n\n<p>Elementa inspirationis<\/p>\n\n\n\n<p>Pedag\u00f3giai vend\u00e9gszerepl\u00e9sem az Accademia Gaillard\u00e1ban. Tov\u00e1bbi vend\u00e9gj\u00e1t\u00e9kaim fejt\u00e1g\u00edt\u00f3 l\u00e9tes\u00edtm\u00e9nyekben. Nyomor. Bimb\u00f3z\u00f3 l\u00e1nyok a hal\u00e1l \u00e1rny\u00e9k\u00e1ban. Krimi avagy t\u00e1rsb\u00e9rleti r\u00e9mreg\u00e9ny. Kiemelt nimf\u00e1k, k\u00ednai v\u00e1z\u00e1k<\/p>\n\n\n\n<p>\u00d6narck\u00e9p \u00e1larcokban<\/p>\n\n\n\n<p>A meg nem val\u00f3s\u00edtott \u00f6narck\u00e9p \u00e1larcokban<\/p>\n\n\n\n<p>Epil\u00f3gus<\/p>\n","protected":false},"excerpt":{"rendered":"<p>Szentkuthy Mikl\u00f3s: Frivolit\u00e1sok \u00e9s hitvall\u00e1sok Tartalomjegyz\u00e9k Frivolit\u00e1sok \u00e9s hitvall\u00e1sok V\u00e9grendelet \u00e9s invok\u00e1ci\u00f3 Csal\u00e1di val\u00f3s\u00e1gok, csal\u00e1di legend\u00e1k. Figur\u00e1k vonulnak: Martinovics \u00f6sszek\u00f6t\u0151je a p\u00e1rizsi forradalm\u00e1rokkal. Protomedicus Hungariae: J\u00f3zsef n\u00e1dor bar\u00e1tja. Ifj\u00fa katon\u00e1k M\u00e1ria Ter\u00e9zia test\u0151rs\u00e9g\u00e9ben. Egy milliomos n\u00e9met sz\u00edn\u00e9sz Pest-Bud\u00e1n \u00d3papa \u00f6l\u00e9ben \u00e9s Casanova-kik\u00e9pz\u00e9s\u00e9ben. Sophie tanti: els\u0151 tal\u00e1lkoz\u00e1som sz\u00ednh\u00e1zzal \u00e9s m\u0171v\u00e9szettel Miniat\u0171r Prousti\u00e1da avagy a B\u00e1stya s\u00e9t\u00e1ny [&hellip;]<\/p>\n","protected":false},"author":4,"featured_media":0,"parent":771,"menu_order":1,"comment_status":"closed","ping_status":"closed","template":"","meta":{"footnotes":""},"categories":[6],"class_list":["post-775","page","type-page","status-publish","hentry","category-esszek"],"_links":{"self":[{"href":"https:\/\/www.szentkuthymiklos.hu\/web\/wp-json\/wp\/v2\/pages\/775","targetHints":{"allow":["GET"]}}],"collection":[{"href":"https:\/\/www.szentkuthymiklos.hu\/web\/wp-json\/wp\/v2\/pages"}],"about":[{"href":"https:\/\/www.szentkuthymiklos.hu\/web\/wp-json\/wp\/v2\/types\/page"}],"author":[{"embeddable":true,"href":"https:\/\/www.szentkuthymiklos.hu\/web\/wp-json\/wp\/v2\/users\/4"}],"replies":[{"embeddable":true,"href":"https:\/\/www.szentkuthymiklos.hu\/web\/wp-json\/wp\/v2\/comments?post=775"}],"version-history":[{"count":1,"href":"https:\/\/www.szentkuthymiklos.hu\/web\/wp-json\/wp\/v2\/pages\/775\/revisions"}],"predecessor-version":[{"id":776,"href":"https:\/\/www.szentkuthymiklos.hu\/web\/wp-json\/wp\/v2\/pages\/775\/revisions\/776"}],"up":[{"embeddable":true,"href":"https:\/\/www.szentkuthymiklos.hu\/web\/wp-json\/wp\/v2\/pages\/771"}],"wp:attachment":[{"href":"https:\/\/www.szentkuthymiklos.hu\/web\/wp-json\/wp\/v2\/media?parent=775"}],"wp:term":[{"taxonomy":"category","embeddable":true,"href":"https:\/\/www.szentkuthymiklos.hu\/web\/wp-json\/wp\/v2\/categories?post=775"}],"curies":[{"name":"wp","href":"https:\/\/api.w.org\/{rel}","templated":true}]}}