{"id":773,"date":"2025-03-01T12:33:53","date_gmt":"2025-03-01T12:33:53","guid":{"rendered":"https:\/\/www.szentkuthymiklos.hu\/web\/?page_id=773"},"modified":"2025-03-01T12:33:54","modified_gmt":"2025-03-01T12:33:54","slug":"reszlet","status":"publish","type":"page","link":"https:\/\/www.szentkuthymiklos.hu\/web\/regenyek\/cicero-vandorevei\/reszlet\/","title":{"rendered":"R\u00e9szlet"},"content":{"rendered":"\n<p class=\"has-text-align-center\"><em>Szentkuthy Mikl\u00f3s: Cicero v\u00e1ndor\u00e9vei<\/em><\/p>\n\n\n\n<p class=\"has-text-align-center\"><strong>R\u00e9szlet<\/strong><\/p>\n\n\n\n<p>X\u00e9nia m\u00e9g egy ideig merengett nagy alkonyati szerelm\u00e9r\u0151l: az aranymocs\u00e1rhoz m\u00e9g illettek a t\u00f6bbi sz\u00ednek, a vajsz\u00edn\u0171 t\u00f3g\u00e1k, a vajsz\u00edn\u0171 boros kancs\u00f3k, a vajsz\u00edn\u0171 f\u00fcgg\u00f6ny\u00f6k a s\u00e9tacs\u00f3nak baldachinj\u00e1n, a vajsz\u00edn\u0171 madarak, melyek sz\u00e1rnycsap\u00e1s n\u00e9lk\u00fcl \u00fasztak az arany s\u0171r\u0171s\u00e9gben, mint mandul\u00e1k a m\u00e9zben\u2026 Az eg\u00e9szen tompaz\u00f6ld s\u00e1s hegyes levelei, mintha csak \u00e1rny\u00e9kl\u00e1ndzs\u00e1k lenn\u00e9nek, vagy alvil\u00e1gi p\u00f3kh\u00e1l\u00f3k, csupa rajz, csupa finom t\u00f6r\u00e9s \u00e9s sz\u00f6glet, mint a gy\u00f6ngyh\u00e1zhalak csontv\u00e1za vagy nem t\u00f6r\u0151d\u00f6ms\u00e9ggel papiruszra freccsentett tusvon\u00e1sok, f\u00f6l\u00f6tt\u00fck v\u00f6r\u00f6s t\u00f6rzs\u0171 feny\u0151k, seb, lazac, alkonyat \u00e9s r\u00e9sz k\u00fcl\u00f6nb\u00f6z\u0151 \u00e1rnyalataival a g\u00f6rcs\u00f6s-b\u00fctyk\u00f6s fah\u00e9jon, az \u00e1gak messze-messze \u00e9s nagyon m\u00e9lyen elkalandoznak a partt\u00f3l, bele a t\u00f3ba, \u00e9gbe l\u00e1bk\u00f6dbe \u00e9s aranysemmibe mintha gy\u00f6k\u00e9r vagy t\u00f6rzs vagy f\u00f6ld nem is volna vil\u00e1gon, csak a balzsamos nirv\u00e1na elt\u00e9vedt \u00e9rrendszere volna\u2026 \u00c9s X\u00e9nia <em>szerelmes<\/em> \u00e9s Plovius <em>k\u00f6lt\u0151<\/em>, \u00fagy ahogy egy el\u0151kel\u0151 csal\u00e1db\u00f3l sz\u00e1rmaz\u00f3 \u00f6r\u00f6ml\u00e1ny szerelmes tud lenni, aki k\u00f6zben kultikus het\u00e9ra \u00e9s pergamoni udvari sz\u00edn\u00e9szn\u0151 is volt; \u00e9s ahogy egy depresszi\u00f3s r\u00f3mai k\u00fcl\u00f6nc k\u00f6lt\u0151 tud lenni, aki csak a saj\u00e1t \u00f6rd\u00f6gi idegbajait, az afrikai \u00e9s egyiptomi barokk giccs reg\u00e9nyeket \u00e9s az elk\u00e9nyeztetett szajh\u00e1k sz\u00e9pked\u00e9seit ismeri.<\/p>\n\n\n\n<p>De Cicero szerette ezt a vil\u00e1got, \u00e9s valami furcsa, korav\u00e9n el\u0151sejtelemmel \u00e9rezte, hogy \u00e9ppen ez kell egy tanul\u00f3 \u00e9veit j\u00e1r\u00f3 fi\u00fanak.<\/p>\n","protected":false},"excerpt":{"rendered":"<p>Szentkuthy Mikl\u00f3s: Cicero v\u00e1ndor\u00e9vei R\u00e9szlet X\u00e9nia m\u00e9g egy ideig merengett nagy alkonyati szerelm\u00e9r\u0151l: az aranymocs\u00e1rhoz m\u00e9g illettek a t\u00f6bbi sz\u00ednek, a vajsz\u00edn\u0171 t\u00f3g\u00e1k, a vajsz\u00edn\u0171 boros kancs\u00f3k, a vajsz\u00edn\u0171 f\u00fcgg\u00f6ny\u00f6k a s\u00e9tacs\u00f3nak baldachinj\u00e1n, a vajsz\u00edn\u0171 madarak, melyek sz\u00e1rnycsap\u00e1s n\u00e9lk\u00fcl \u00fasztak az arany s\u0171r\u0171s\u00e9gben, mint mandul\u00e1k a m\u00e9zben\u2026 Az eg\u00e9szen tompaz\u00f6ld s\u00e1s hegyes levelei, mintha csak [&hellip;]<\/p>\n","protected":false},"author":4,"featured_media":0,"parent":769,"menu_order":2,"comment_status":"closed","ping_status":"closed","template":"","meta":{"footnotes":""},"categories":[3],"class_list":["post-773","page","type-page","status-publish","hentry","category-regenyek"],"_links":{"self":[{"href":"https:\/\/www.szentkuthymiklos.hu\/web\/wp-json\/wp\/v2\/pages\/773","targetHints":{"allow":["GET"]}}],"collection":[{"href":"https:\/\/www.szentkuthymiklos.hu\/web\/wp-json\/wp\/v2\/pages"}],"about":[{"href":"https:\/\/www.szentkuthymiklos.hu\/web\/wp-json\/wp\/v2\/types\/page"}],"author":[{"embeddable":true,"href":"https:\/\/www.szentkuthymiklos.hu\/web\/wp-json\/wp\/v2\/users\/4"}],"replies":[{"embeddable":true,"href":"https:\/\/www.szentkuthymiklos.hu\/web\/wp-json\/wp\/v2\/comments?post=773"}],"version-history":[{"count":1,"href":"https:\/\/www.szentkuthymiklos.hu\/web\/wp-json\/wp\/v2\/pages\/773\/revisions"}],"predecessor-version":[{"id":774,"href":"https:\/\/www.szentkuthymiklos.hu\/web\/wp-json\/wp\/v2\/pages\/773\/revisions\/774"}],"up":[{"embeddable":true,"href":"https:\/\/www.szentkuthymiklos.hu\/web\/wp-json\/wp\/v2\/pages\/769"}],"wp:attachment":[{"href":"https:\/\/www.szentkuthymiklos.hu\/web\/wp-json\/wp\/v2\/media?parent=773"}],"wp:term":[{"taxonomy":"category","embeddable":true,"href":"https:\/\/www.szentkuthymiklos.hu\/web\/wp-json\/wp\/v2\/categories?post=773"}],"curies":[{"name":"wp","href":"https:\/\/api.w.org\/{rel}","templated":true}]}}