{"id":728,"date":"2025-02-16T12:05:14","date_gmt":"2025-02-16T12:05:14","guid":{"rendered":"https:\/\/www.szentkuthymiklos.hu\/web\/?page_id=728"},"modified":"2025-02-16T12:05:15","modified_gmt":"2025-02-16T12:05:15","slug":"reszlet","status":"publish","type":"page","link":"https:\/\/www.szentkuthymiklos.hu\/web\/regenyek\/ot-eletrajzi-fantazia\/handel\/reszlet\/","title":{"rendered":"R\u00e9szlet"},"content":{"rendered":"\n<p class=\"has-text-align-center\"><em>Szentkuthy Mikl\u00f3s: H\u00e4ndel <\/em><\/p>\n\n\n\n<p class=\"has-text-align-center\"><strong>R\u00e9szlet<\/strong><\/p>\n\n\n\n<p>Mint tudjuk, George: n\u00e9gy v\u00e9grendeletet \u00edrt, a k\u00f6r\u00fclm\u00e9nyek v\u00e1ltoz\u00e1sainak megfelel\u0151en. 1750-ben, 1756-ban, 1757-ben, \u00e9s imm\u00e1r hal\u00e1la \u00e9v\u00e9ben, 1759-ben.<\/p>\n\n\n\n<p>Azok a memo\u00e1r jelleg\u0171, lelk\u00e9t gy\u00f3n\u00e1sszer\u0171en leleplez\u0151 vallom\u00e1sok, melyeket ez az elbesz\u00e9l\u00e9s George sz\u00e1j\u00e1b\u00f3l sz\u00f3 szerint k\u00f6z\u00f6lt legk\u00f6zelebbi bar\u00e1taival: mintegy l\u00edrai bevezet\u00e9s\u00fcl szolg\u00e1ltak a k\u00e9s\u0151bb megfogalmazand\u00f3, er\u0151sen jogi \u00e9s p\u00e9nz\u00fcgyi jelleg\u0171 v\u00e9grendeleti okirathoz. Ezek az im\u00e9nt id\u00e9zett szubjekt\u00edv bevezet\u0151 nyilatkozatok: a legels\u0151 v\u00e9grendelet \u00edr\u00e1sba foglal\u00e1sa el\u0151tt keletkezhettek, hatvan\u00f6t \u00e9ves kor\u00e1ban \u2013 a Theodora bemutat\u00f3ja ut\u00e1n \u00e9s legutols\u00f3 n\u00e9metorsz\u00e1gi utaz\u00e1sa el\u0151tt.<\/p>\n\n\n\n<p>Az elbesz\u00e9l\u00e9s ezekb\u0151l a hivatalos v\u00e9grendeletekb\u0151l \u2013 George-nak sebn\u00e9l nyitottabb egy\u00e9ni hangja ut\u00e1n \u2013 epikailag \u00e9s mor\u00e1lisan k\u00f6telez\u0151 sz\u00fcrkes\u00e9ggel, a k\u00f6vetkez\u0151 adatokat tartja sz\u00fcks\u00e9gesnek az esetleg m\u00e9g tov\u00e1bbiak ir\u00e1nt is \u00e9rdekl\u0151d\u0151k t\u00e1j\u00e9koztat\u00e1s\u00e1ra k\u00f6z\u00f6lni:<\/p>\n\n\n\n<p>Majd mindegyik testamentum\u00e1t: alkalmazottair\u00f3l val\u00f3 megeml\u00e9kez\u00e9ssel \u00e9s nekik sz\u00f3l\u00f3 hagyom\u00e1nyoz\u00e1ssal kezdi. George k\u00e9pgy\u0171jtem\u00e9ny\u00e9ben volt egy olasz metszet, mely azt a jelenetet \u00e1br\u00e1zolja, mikor J\u00e9zus megmossa \u2013 az al\u00e1zat er\u00e9ny\u00e9nek leghathat\u00f3sabb tan\u00edt\u00e1sak\u00e9ppen \u2013 tan\u00edtv\u00e1nyainak, az apostoloknak l\u00e1bait. George, minden orgon\u00e1l\u00f3 t\u00fcntet\u00e9s n\u00e9lk\u00fcl, sokszor emlegette vend\u00e9geinek, hogy k\u00e9peket \u00e9s f\u0151leg \u201eszentk\u00e9peket\u201d tulajdonk\u00e9ppen csak azoknak volna joguk, ak\u00e1r aranytap\u00e9t\u00e1s, ak\u00e1r z\u00f6ldsal\u00e9tromos falaikra kiakasztani, akik ezeknek a k\u00e9peknek tartalm\u00e1t: \u00e9let\u00fckben is sz\u00f3 szerint \u00e9lik, \u00e9s a k\u00e9pek alkot\u00f3ival legbens\u0151bb m\u0171v\u00e9szeti rokons\u00e1gban vannak. Teh\u00e1t: erk\u00f6lcstelen \u00e9s m\u0171v\u00e9szietlen (a-musisch) emberek falair\u00f3l azokat \u2013 le kellene t\u00e9pni! De a m\u0171v\u00e9szet tal\u00e1n nem is l\u00e9nyeges, s\u0151t semmik\u00e9ppen sem az; az erk\u00f6lcs: ann\u00e1l ink\u00e1bb. Hogy ezt az elvet George els\u0151sorban mag\u00e1ra n\u00e9zve \u00e9rezte k\u00f6telez\u0151nek, ennek legjobb bizony\u00edt\u00e9ka, hogy: inasair\u00f3l, szolg\u00e1ir\u00f3l eml\u00e9kezett meg els\u0151sorban, teh\u00e1t a L\u00e1bmos\u00e1s-metszetet senkinek sem lett volna joga \u00e9s oka az \u0151 fal\u00e1r\u00f3l leszak\u00edtani. P\u00f3zr\u00f3l itt, George-n\u00e1l, sz\u00f3 sem lehetett. Ruh\u00e1it \u00e9s feh\u00e9rnem\u0171j\u00e9t hagyja els\u0151 szolg\u00e1j\u00e1nak.<\/p>\n\n\n\n<p>Ez a szolga porolta, vasalta, mosta (foltozta!), molyozta \u00e9s cipelte szab\u00f3t\u00f3l haza, hazulr\u00f3l szab\u00f3hoz: George koncert-koszt\u00fcmjeit, hol neh\u00e9z aranyh\u00edmz\u00e9sekkel (azokat majd lefejti\u2026 vagy eladja\u2026), hol f\u00e9lelmetes feket\u00e9ben. George s\u00falyos betegs\u00e9gei idej\u00e9n: ingek, leped\u0151k, als\u00f3nadr\u00e1gok, ny\u00e1ri \u00e9s t\u00e9li takar\u00f3k, zsebkend\u0151k \u00e9s t\u00f6r\u00fclk\u00f6z\u0151k mind az inas gondjaira voltak b\u00edzva; mindenki tudja, hogy nagybeteg ember feh\u00e9rnem\u0171je, pongyol\u00e1ja, pl\u00e9dje \u2013 az emberi test mennyi k\u00f3rh\u00e1zi, a diszkr\u00e9ci\u00f3 leple al\u00e1 tartoz\u00f3, sokszor ellenszenvet \u00e9breszt\u0151 tiszt\u00e1talans\u00e1gnak tan\u00faja. Az inas k\u00e9sz\u00edtette a ruh\u00e1kat istentiszteletre is (mintha sz\u00edn\u00e9szk\u00e9nt oper\u00e1ban l\u00e9pne f\u00f6l) \u2013 George rendszeresen j\u00e1rt templomba \u2013 George legszentebb szerzem\u00e9nyei is \u00f6r\u00f6kk\u00e9 sz\u00ednh\u00e1znak \u00e9s koncertteremnek sz\u00f3ltak \u2013 az \u201e\u00f6rd\u00f6gi opera\u201d \u00e9s bizonyos m\u0171v\u00e9szeti deizmus megv\u00e1ltoztathatatlan, egy\u00e9ni t\u00f6rv\u00e9nyei szerint. Az inas dolgozott hetekkel el\u00e9bb, ha George a kir\u00e1lyi udvarba k\u00e9sz\u00fclt, \u00fcnnepi fogad\u00e1sra: sok mindent hallott \u00e9s l\u00e1tott ebben a mindig \u00e9rdekes \u00e1tvezet\u0151 id\u0151ben, mikor gazd\u00e1ja m\u00e9g-m\u00e1r kil\u00e9p\u0151ben van otthoni, legmag\u00e1nosabb \u00e9let\u00e9b\u0151l, de m\u00e9g nincs eg\u00e9szen rajta a t\u00e1rsas\u00e1gi \u00e9let, ak\u00e1rhogy is, de m\u00e9gis csak hipokrita maszkja. \u201eA par\u00f3k\u00e1kat majd \u00e9gess\u00e9tek el!\u201d \u2013 mondta egy ilyen alkalommal, hal\u00e1l\u00e1ra gondolva, George.<\/p>\n\n\n\n<p>Micsoda melankolikus, cinkos-cinikus mosollyal kef\u00e9lte a ruh\u00e1kat az inas, mikor n\u0151i vend\u00e9get v\u00e1rt gazd\u00e1ja: t\u00f6bbet tudott mosolya meg\u00e9rt\u0151, csukott f\u00e9szk\u00e9ben ez az inas a \u201ek\u00e9nyes\u201d k\u00e9rd\u00e9sr\u0151l, mint mi mindannyian.<\/p>\n\n\n\n<p>\u00c9s legt\u00f6bbet l\u00e1tott \u00e9s hallott (a tal\u00e1n naivs\u00e1gra hajlamos elbesz\u00e9l\u00e9s legal\u00e1bbis \u00edgy tartja) \u2013 George-nak a hal\u00e1lra vonatkoz\u00f3 gondolataib\u00f3l. Mikor p\u00e9ld\u00e1ul: el\u0151re elk\u00e9sz\u00edtett\u00e9k d\u00edszes kopors\u00f3i, halottas ruh\u00e1j\u00e1t, t\u00e1n kedves Hamletje hangj\u00e1n enyelegve a szab\u00f3val, az egyel\u0151re bizonytalan b\u0151s\u00e9g vagy der\u00e9kban \u201esveifol\u00e1s\u201d k\u00f6r\u00fcl.<\/p>\n\n\n\n<p>Csembal\u00f3j\u00e1t, kis h\u00e1zi orgon\u00e1j\u00e1t, egy csom\u00f3 egy\u00e9b hangszer\u00e9t \u00e9s kott\u00e1t: zenei titk\u00e1rj\u00e1ra hagyom\u00e1nyozta. Ezt k\u00fcl\u00f6nben inas\u00e1val is megbesz\u00e9lte. George el\u00e9gikus humorral minden hangszerhez odament, egy-egy utols\u00f3 taktust billentett vagy pend\u00edtett rajtuk, miel\u0151tt \u201enev\u00fcket\u201d bele\u00edrta volna a v\u00e9grendeletbe. Mikor azt\u00e1n George elment hazulr\u00f3l, a csel\u00e9ds\u00e9g pletyk\u00e1s \u00e9s misztikus megillet\u0151d\u00e9ssel n\u00e9zte az oly ijeszt\u0151en egyforma \u00e9s n\u00e9ma billenty\u0171ket \u2013 vajon melyiket \u00fct\u00f6tte le gazd\u00e1juk, a t\u00f6rl\u0151rongy vajh! mikor \u00e9rinti azokat a billenty\u0171ket, melyeknek nincsenek egy\u00e9ni \u00e1br\u00e1zatjaik, mint az inasoknak, \u00fcvegbibircsekhez hasonl\u00f3, moccanni sem mer\u0151 k\u00f6nnyeikkel.<\/p>\n\n\n\n<p>A sz\u00ednh\u00e1zbeli nagy orgon\u00e1t: egy bar\u00e1tj\u00e1ra hagyom\u00e1nyozta, persze att\u00f3l is elb\u00facs\u00fazott hasonl\u00f3, de nem eg\u00e9szen hasonl\u00f3 modorban.<\/p>\n\n\n\n<p>Vagy n\u00e9gy-\u00f6t \u00e9vvel ezel\u0151tt \u2013 George hatvan k\u00f6r\u00fcl j\u00e1rhatott \u2013, egy n\u00e9met tud\u00f3s zenei t\u00e1rsas\u00e1g: tagjai k\u00f6z\u00e9 v\u00e1lasztotta George-ot, \u00e9s \u2013 a n\u00e9met t\u00e1rsas\u00e1g egyik k\u00e9pvisel\u0151je, Londonban j\u00e1rv\u00e1n \u2013, egy n\u00e9met szerz\u0151 m\u0171v\u00e9t George lak\u00e1s\u00e1n hagyta. George valamelyik gy\u00f3gyf\u00fcrd\u0151ben k\u00far\u00e1ltatta mag\u00e1t az id\u0151ben, \u00e9s vend\u00e9get \u00edgy a legjobb akarattal sem fogadhatott. Mikor George b\u00facs\u00fazott sz\u00ednh\u00e1zbeli nagy orgon\u00e1j\u00e1t\u00f3l: ezt az ismeretlen n\u00e9met darabot j\u00e1tszotta. Rejt\u00e9lyes volt, idegen volt, csod\u00e1latos helyenkint, r\u00e9gi ismer\u0151s m\u00e1sutt \u2013 az elhagyott gyerekkori N\u00e9metorsz\u00e1g \u00e9s azok az eg\u00e9szen m\u00e1s lehet\u0151s\u00e9gek (George sz\u00e1m\u00e1ra nyilv\u00e1n lehetetlens\u00e9gek), melyek It\u00e1lia \u00e9s London helyett ny\u00edltak volna sz\u00e1m\u00e1ra. Orgona-partita (\u00e9s k\u00e1nonszer\u0171 v\u00e1ltozatai) \u201eVom Himmel hoch da komm ich her\u201d (mennyek magas\u00e1b\u00f3l t\u00e9rek \u00edm hozz\u00e1tok) sz\u00f6veg\u00e9re \u00e9s t\u00e9m\u00e1j\u00e1ra. Valahol h\u00e1rombet\u0171s monogram is volt a kott\u00e1n. Szerz\u0151\u00e9? Aj\u00e1nd\u00e9koz\u00f3\u00e9?<\/p>\n\n\n\n<p>Rokons\u00e1g\u00e1r\u00f3l (gy\u00e9r) v\u00e9grendeleteiben nem feledkezett meg. El-elmerengve \u00edrta be az \u00f6r\u00f6k\u00f6s\u00f6k neveit: Isten magass\u00e1g\u00e1ban, a hal\u00e1l m\u00e9lys\u00e9g\u00e9ben, a m\u0171v\u00e9szet t\u00e1vols\u00e1g\u00e1ban, ugyan mi k\u00f6ze lehetett hozz\u00e1juk? De v\u00e9r\u00fck m\u00e9giscsak az \u0151 v\u00e9re, becs\u00fclet \u00e9s h\u0171s\u00e9g k\u00f6ti hozz\u00e1juk, Isten ebb\u0151l az \u00e9lettani k\u00f6z\u00f6s talajb\u00f3l sarjasztotta zenei tehets\u00e9g\u00e9nek paradox vir\u00e1g\u00e1t. \u00c9s ami a m\u0171v\u00e9szetn\u00e9l milli\u00f3szor l\u00e9nyegesebb, mikor az embert \u201edie Erkenntnis der Ungewisshcit des menschlichen Lebens\u201d gondolata foglalkoztatja (az emberi \u00e9let bizonytalans\u00e1g\u00e1nak tudata): a rokons\u00e1g mind az \u0151 anyj\u00e1nak is rokons\u00e1ga, az \u0151 apj\u00e1nak rokons\u00e1ga, \u00e9s ahogy a sz\u00e9p keleti k\u00f6zmond\u00e1s tartja, \u0151sszel a levelek visszak\u00edv\u00e1nkoznak gy\u00f6kereikhez \u2013 \u00fagy George is tudta, hogy \u00e9let\u00e9ben a sz\u00fcl\u0151k: az \u00f3mega \u00e9s az alfa. \u00c9s nem \u0151k jelentik-e az elhagyott, de el nem felejtett protest\u00e1ns N\u00e9metorsz\u00e1got, ahov\u00e1 (\u00e9ppen els\u0151 v\u00e9grendelete lepecs\u00e9tel\u00e9se ut\u00e1n) utazni k\u00e9sz\u00fclt, \u00e9s val\u00f3ban el is utazott. A kopors\u00f3 el\u0151revetett \u00e1rny\u00e9k\u00e1ban az emberi kapcsolatok fontosabbak a m\u0171v\u00e9szeti kapcsolatokn\u00e1l (ha voltak egy\u00e1ltal\u00e1ban).<\/p>\n\n\n\n<p>M\u00e1sodik v\u00e9grendelet-v\u00e9grehajt\u00f3nak George egy keresked\u0151t nevezett meg. Nem voltak-e keresked\u0151k \u00e9s nagypolg\u00e1rok az oratori\u00f3k t\u00e1mogat\u00f3i? Az opera-arisztokr\u00e1cia ut\u00e1n ezek a bibli\u00e1s, b\u00f6rz\u00e9s fick\u00f3k (George a b\u00edr\u00e1lat \u00e9s eln\u00e9z\u00e9s humor\u00e1val mosolygott) k\u00f6vetkeztek, teh\u00e1t meg\u00e9rdemli egyik k\u00e9pvisel\u0151j\u00fck a kit\u00fcntet\u0151 bizalmat \u2013 b\u00e1r: ez m\u00e9g nem az igazi k\u00f6z\u00f6ns\u00e9ge, ezek ravaszul K\u00e1lvinb\u00f3l Kapit\u00e1lt csin\u00e1ltak; az \u00fajabb gener\u00e1ci\u00f3 l\u00e9pteit George m\u00e1r csak a s\u00edrb\u00f3l fogja hallani \u2013 m\u00e1sodik temet\u00e9si d\u00edszruh\u00e1j\u00e1ban. Mert az els\u0151t \u2013 melyr\u0151l fentebb besz\u00e9lt\u00fcnk \u2013 els\u0151 inas\u00e1ra h\u00fazta, mikor az meghalt; jelk\u00e9pesen az utols\u00f3 gombot: George maga gombolta be, miel\u0151tt a kopors\u00f3fedelet r\u00e1sz\u00f6gelt\u00e9k.<\/p>\n\n\n\n<p>Granville \u00farnak k\u00e9t Rembrandt-k\u00e9pet hagyott, az egyik biztos, hogy t\u00e1jk\u00e9p, de George sz\u00edv\u00e9hez k\u00f6zelebb \u00e1llt \u2013 saj\u00e1t szavaib\u00f3l \u00e9s eg\u00e9sz m\u0171v\u00e9szeti (oratorio) felfog\u00e1s\u00e1b\u00f3l tudjuk, a Lelench\u00e1z vil\u00e1g\u00e1b\u00f3l tudjuk: George sz\u00edv\u00e9hez k\u00f6zelebb \u00e1llt a \u201eRembrandt-Bibel\u201d vil\u00e1ga, a Rembrandt-\u00d3sz\u00f6vets\u00e9g \u00e9s Rembrandt-\u00dajsz\u00f6vets\u00e9g, mely annyira m\u00e1s, mint az olasz barocco szentk\u00e9pek vil\u00e1ga (ut\u00f3bbiak, mintha opera-korszak\u00e1nak lettek volna k\u00e9pz\u0151m\u0171v\u00e9szeti \u201ev\u00e9rfert\u0151z\u0151 v\u00e9rtestv\u00e9rei\u201d, hogy ezzel a kifejez\u00e9ssel is a szigor\u00faan meg\u00edg\u00e9rt, hivatalosan sz\u00fcrke st\u00edlusn\u00e1l maradjunk).<\/p>\n\n\n\n<p>George sokat besz\u00e9lt egy Rembrandt-v\u00e1zlatr\u00f3l: Szent J\u00f3zsef \u00e9s Sz\u0171z M\u00e1ria Menek\u00fcl\u00e9se a kis J\u00e9zussal Egyiptomba. Itt? Nincs teatralit\u00e1s, itt nincs teol\u00f3gia: nyomorult v\u00e1ndor, rongyos koldus itt Szent J\u00f3zsef \u2013 vajon \u0151 k\u00e9pviseli az \u00f6r\u00f6kk\u00e9 hontalan H\u00e4ndelt? Vagy a girhes, gebedt szam\u00e1ron, riadt, koron\u00e1tlan, gl\u00f3ri\u00e1tlan M\u00e1ria \u00f6l\u00e9ben a csecsem\u0151: ez a sz\u00e1m\u0171z\u00f6tt, \u00f6r\u00f6kk\u00e9 sz\u00e1m\u0171zet\u00e9sre \u00edt\u00e9lt George, \u00e9desanyja \u00f6r\u00f6kre elvesztett meleg\u00e9ben?<\/p>\n\n\n\n<p>George m\u00e1sik kedves Rembrandt-metszete: v\u00e1ndormuzsikusokat \u00e1br\u00e1zol. Nyomorult, rongyokba bugyol\u00e1lt v\u00e9n koldus mellett fiatal, de szomor\u00fa dud\u00e1s \u2013 paraszt- vagy polg\u00e1rcsal\u00e1d ablakb\u00f3l hallgatja; fal v\u00e1lasztja el a biztos otthon \u00e9s a vil\u00e1gtalan hontalans\u00e1g orsz\u00e1gait.<\/p>\n\n\n\n<p>George-nak egy pap It\u00e1li\u00e1ban nagy nyelv\u00e9szeti sz\u0151rsz\u00e1lhasogat\u00e1ssal azt magyar\u00e1zta, hogy mikor J\u00e9zus a Hegyi Besz\u00e9dben boldogoknak nevezi a \u201elelki szeg\u00e9nyeket\u201d, ez nem a bolondokat, f\u00e9lkegyelm\u0171eket, \u00edr\u00e1studatlanokat jelenti (pedig \u00edgy is milyen igaz \u00e9s m\u00e9ly \u00e9rtelme volna!), hanem: azokat, akiknek van ugyan h\u00e1zuk, p\u00e9nz\u00fck, de \u2013 Isten sz\u00edne \u00e9s a hal\u00e1l sz\u00edne el\u0151tt: meztelen b\u0171n\u00f6s\u00f6knek \u00e9rzik csup\u00e1n magukat, mint a Paradicsomb\u00f3l ki\u0171z\u00f6tt \u00c1d\u00e1m.<\/p>\n\n\n\n<p>George: nemcsak a Rembrandt-hagyom\u00e1nyoz\u00e1s pillanat\u00e1ban, hanem mindig \u00edgy \u00e9rezte mag\u00e1t \u00e9s szerette volna, ha az angolok n\u00e9met sz\u00e1rmaz\u00e1s\u00fa kir\u00e1lya is az aranykoron\u00e1t \u2013 a t\u00f6viskorona v\u00e1ltozatak\u00e9nt viseln\u00e9.<\/p>\n\n\n\n<p>Mikor a Messi\u00e1s-k\u00e9ziratot Lelench\u00e1z\u00e1nak adta: az a sok apr\u00f3szent j\u00e1rt fej\u00e9ben, akiket Her\u00f3des kir\u00e1ly (a kis J\u00e9zust\u00f3l val\u00f3 f\u00e9lelm\u00e9ben) lem\u00e9sz\u00e1roltatott. Fest\u0151knek n\u00e9ha a legfrivolabb (vagy but\u00e1n bonctani) p\u00f3zokra adott alkalmat a vonagl\u00f3 any\u00e1k k\u00e9ts\u00e9gbeesett test\u00e9nek \u00e1br\u00e1zol\u00e1sa; George, kifejezhetetlen megvet\u00e9ssel a v\u00e9rtan\u00fas\u00e1gb\u00f3l is pornogr\u00e1fi\u00e1t \u0171z\u0151 olasz, modoros m\u0171v\u00e9szet ir\u00e1nt: saj\u00e1t anyj\u00e1ra gondolt, \u00e9s? Azokra az any\u00e1kra, akik a londoni \u00e9jszak\u00e1ban \u2013 tal\u00e1n! \u2013 f\u00e1jdalommal tett\u00e9k \u00fatsz\u00e9l\u00e9re fattyaikat; utcal\u00e1ny any\u00e1kra, Vauxhall Gardens-i \u00e1larcos hercegn\u0151any\u00e1kra gondolt George (hol lehetnek? kicsod\u00e1k? hol \u00e9lnek?). Keser\u0171en (de most m\u00e9gsem \u00edt\u00e9lkez\u0151n) gondolt azokra a ringy\u00f3-any\u00e1kra is, akikkel az \u00e9letben k\u00e9s\u0151bb tal\u00e1lkozott: ezek kiv\u00e9tel n\u00e9lk\u00fcl gy\u0171l\u00f6lt\u00e9k, \u00f3cs\u00e1rolt\u00e1k \u00e9s \u00e1tkozt\u00e1k George-ot (\u00e9s t\u00e1rs\u00e1t, Hogarth fest\u0151t), mivel h\u00e1l\u00e1soknak kellett volna lenni\u00f6k j\u00f3tev\u0151iknek, \u00e9s ez az a gondolat \u00e9s \u00e9rz\u00e9s, melyet az emberek k\u00e9ptelenek gondolni \u00e9s \u00e9rezni \u2013 mi\u00e9rt? A j\u00f3tev\u0151 (George): megal\u00e1zta \u0151ket hi\u00fas\u00e1gukban \u2013 az, akivel j\u00f3t tett\u00e9l, s\u00edrodon t\u00fal is csak acsarkodni fog r\u00e1d, mert sz\u00e9gyelli, hogy \u0151 egyszer \u201elent volt\u201d \u00e9s j\u00f3tev\u0151je \u201efent\u201d, \u00e9s ezt semmif\u00e9le \u00e9l\u0151 \u00e9s halott ember meg nem bocs\u00e1tja j\u00f3tev\u0151j\u00e9nek.<\/p>\n\n\n\n<p>Mikor egy kis lelenc megl\u00e1tta George kez\u00e9ben a Messi\u00e1s partit\u00far\u00e1j\u00e1t, szemtelenre hegyezett piszes\u00e9ggel selyp\u00edtette, hogy \u2013 ez nem lehet \u201eaz\u201d, mert azt \u0151 (Isten tudja, kinek \u00f6l\u00e9ben) hallotta, az pedig olyan hossz\u00fa \u201eigaziban\u201d, hogy k\u00e9tsz\u00e1zharminch\u00e1rom \u00e9vig tartott \u2013 \u201eaz\u201d teh\u00e1t nem f\u00e9rhet bele ilyen kurta kott\u00e1ba; m\u00e9g nyelvet is \u00f6lt\u00f6tt az \u0151t becsapni akar\u00f3 George-ra, \u00e9s mutatta, hogy a gyerekek zsolt\u00e1rk\u00f6nyve is vastagabb.<\/p>\n\n\n\n<p>Halott zen\u00e9szek csal\u00e1djait seg\u00edt\u0151 egyes\u00fclet\u00e9re George ne hagyott volna? Itt ism\u00e9t \u201elelki szeg\u00e9ny\u201d volt. \u0150, George, \u00e9pp\u00fagy lehetett volna, mint m\u00e1s, utols\u00f3 heged\u0171s vid\u00e9ki zenekarban, \u00e9s \u201eha majd hal\u00e1lom ut\u00e1n megjelenek az \u00dar sz\u00edne el\u0151tt (\u00f3, ott okvetlen\u00fcl meg akart jelenni \u2013 inas\u00e1t\u00f3l m\u00e9g azt is megk\u00e9rdezte, hogy mit gondolsz, \u00f6regem, Isten az utols\u00f3 \u00edt\u00e9letkor a ruh\u00e1inkat is felt\u00e1masztja?) \u2013 sz\u00f3val, \u201eha hal\u00e1lom ut\u00e1n megjelenek az \u00dar sz\u00edne el\u0151tt: minden vil\u00e1g minden muzsikusa egyform\u00e1n csak utols\u00f3 heged\u0171s lesz vid\u00e9ki zenekarban\u201d. \u00c9s George, majd a t\u00falvil\u00e1gon, karonfogja azt a der\u00e9k, r\u00e9szeges Leporin orgonist\u00e1t, akinek \u2013 szinte gyerekkor\u00e1ban \u2013 ut\u00f3dja lett a hallei reform\u00e1tus D\u00f3mban; lehet, Herr Leporin m\u00e9rges lesz, hogy t\u00fal kor\u00e1n \u00e9bresztett\u00e9k fel a Resszurrekci\u00f3 trombit\u00e1i, biztosan az a diszn\u00f3 H\u00e4ndel t\u00fcrelmetlenkedett, egyszer m\u00e1r hallottam ezt a kukor\u00e9kol\u00f3 tromp\u00e9t\u00e1t s\u00edromban, valahonnan \u00cdrorsz\u00e1gb\u00f3l. (A Messi\u00e1st Dublinban mutatt\u00e1k be\u2026 Ilyen h\u00fclye orsz\u00e1gokba menni?\u2026)<\/p>\n\n\n\n<p>Orvos\u00e1ra, patikus\u00e1ra is hagyott. Persze nem a poz\u0151r\u00f6kre, szadist\u00e1kra, zsarol\u00f3kra \u00e9s term\u00e9szettudatlanokra, akik szidj\u00e1k a babon\u00e1t, de but\u00e1bbak a babon\u00e1n\u00e1l \u2013 nagyszer\u0171 agyvel\u0151knek \u00e9rzik magukat azon egyszer\u0171 okb\u00f3l kifoly\u00f3lag, hogy fant\u00e1zi\u00e1tlan, fagyott \u00f6rd\u00f6g-\u00fcr\u00fcl\u00e9k a sz\u00edv\u00fck \u2013 nyilv\u00e1n nem ezekre sz\u00f3rta s\u00edrj\u00e1b\u00f3l George neh\u00e9z fontjait. \u00c9s nem annak a gy\u00f3gyszer\u00e9sznek, aki haldokl\u00f3nak nem ad orvoss\u00e1got, mert \u201ez\u00e1r\u00f3ra\u201d. Ezek ugyancsak begy\u00e9ben voltak az \u00f6reged\u0151 George-nak.<\/p>\n\n\n\n<p>Volt egy kedves doktora, ez h\u00edv\u00e1s n\u00e9lk\u00fcl \u00e9s kiuzsor\u00e1lt tiszteletd\u00edj n\u00e9lk\u00fcl is meg-megl\u00e1togatta George-ot; egy \u00e1rny\u00e9kos sarokban cs\u00f6ndesen forgatta elef\u00e1ntcsont fej\u0171 s\u00e9tap\u00e1lc\u00e1j\u00e1t sz\u00e9tterpesztett t\u00e9rdei k\u00f6z\u00f6tt, \u00e9s gyermekes-b\u00f6lcs mosollyal arr\u00f3l morfond\u00edrozott, hogy \u2013 \u201emi orvosok, l\u00e9nyeg\u00e9ben, a l\u00e9nyegr\u0151l semmit sem tudunk, minden m\u00e9g a kezdetek kezdete el\u0151tt van, a term\u00e9szet bonyolults\u00e1ga, szinte nyomonk\u00f6vethetetlen\u00fcl, a v\u00e9gtelens\u00e9ggel hat\u00e1ros \u2013 a sejtek sejtjeiben, az atomok atomjaiban j\u00e1tsz\u00f3dnak le a legtitkosabb \u00e9s legd\u00f6nt\u0151bb folyamatok \u2013 egyetlen pr\u00fcsszent\u00e9s \u00e9rtelemhez m\u00e9lt\u00f3 \u00e9rtelmez\u00e9s\u00e9hez: a csillagok belsej\u00e9t \u00e9s a vir\u00e1gok gy\u00f6k\u00e9rcs\u00facsainak minden fizik\u00e1j\u00e1t \u00e9s k\u00e9mi\u00e1j\u00e1t kellene ismern\u00fcnk \u2013 tengerm\u00e9lyi \u00e1llatok ikr\u00e1inak bels\u0151 mozg\u00e1s\u00e1t, keresztmetszetben, pillanatr\u00f3l pillanatra \u2013 a Napf\u00e9ny egyetlen r\u00e9szecsk\u00e9j\u00e9nek vagy rezd\u00fclet\u00e9nek tal\u00e1lkoz\u00e1s\u00e1t egy lev\u00e9l egyetlen r\u00e9szecsk\u00e9j\u00e9vel vagy rezd\u00fclet\u00e9vel\u2026\u201d<\/p>\n\n\n\n<p>A patikus is h\u00e1nyszor felj\u00f6tt \u00e9jjel George-hoz (h\u00e1l\u00f3sipk\u00e1ban! T\u00e9ved\u00e9sb\u0151l: feles\u00e9ge csontkeret\u0171 szem\u00fcveg\u00e9ben) \u2013 boldogan \u00e9s k\u00e1romkodva hozta a legjobb \u00e9s legdr\u00e1g\u00e1bb orvoss\u00e1gokat \u2013 titokban m\u00e1sf\u00e9l\u00e9ket, mint amit a doktor fel\u00edrt \u2013, mert a doktorra m\u00e9rges volt: t\u00fal szer\u00e9ny k\u00e9telked\u00e9sei\u00e9rt \u2013, mikor pedig a J\u00f3isten szinte k\u00e9zb\u0151l k\u00e9zbe adja a mindenhat\u00f3 gy\u00f3gyszern\u00f6v\u00e9nyeket, \u00e1sv\u00e1nyokat \u00e9s \u00e1llati alkatr\u00e9szeket, a patikusok pultj\u00e1ra.<\/p>\n\n\n\n<p>Az ember legyen al\u00e1zatos, ha hal\u00e1l\u00e1ra gondol (enn\u00e9lfogva m\u00e9g t\u00f6bbet gondoljon: a m\u00e1sok \u00e9let\u00e9re) \u00e9s? \u2013 George sehol m\u00e1shol, mint a vil\u00e1g legfens\u00e9gesebb katedr\u00e1lis\u00e1ban, a Westminster Ap\u00e1ts\u00e1gban akart nyugodni. \u201eAmennyiben erre m\u00f3dunk van\u201d \u2013 mondogatta. \u201eHal\u00e1lunk ut\u00e1n, m\u00e1r itt a f\u00f6ld\u00f6n is (elv\u00e9gre betegs\u00e9g, \u00f6regs\u00e9g: el\u00e9g hossz\u00fa iskol\u00e1ja volt az al\u00e1zatnak) \u2013 hal\u00e1lunk ut\u00e1n? \u2013 azonnal kezd\u0151djenek a sz\u00e9p \u00e9s boldog \u00e9gi dolgok. Akkor m\u00e1r semmi dolgom holmi \u00e1rvah\u00e1zak purit\u00e1n temet\u0151ivel (kereken \u00edgy mondta): akkor m\u00e1r b\u00edborral betakarva vonuljak be az Ap\u00e1ts\u00e1g \u00e9szaki g\u00f3t kapuj\u00e1n. Fent, azon a bizonyos westminsteri kapun, majd m\u00e9g a mennyekben is felejthetetlen f\u00f6ldi-sz\u00e9p szobor: Krisztus, a kir\u00e1lyok vil\u00e1galm\u00e1j\u00e1val \u2013 a k\u00e9t bej\u00e1ratot elv\u00e1laszt\u00f3 pill\u00e9ren Madonna, vagyis: v\u00e1r az \u00e9n any\u00e1m! Minden j\u00f3 anya: M\u00e1ria test\u00e9nek r\u00e9sze \u2013 minden j\u00f3 fi\u00fa: J\u00e9zus misztikus test\u00e9nek r\u00e9sze \u2013 hogy ebben az \u00e9rz\u00e9semben mi a protest\u00e1ns vagy katolikus \u00e1rnyalat? Nem \u00e9rdekes, csak vigyetek.\u201d<\/p>\n\n\n\n<p>George sokszor s\u00e9t\u00e1lt (Isten \u00e9s t\u00f6rt\u00e9nelem nehezen kibogozhat\u00f3 k\u00e9rd\u00e9sein t\u00f6prengve) a Westminster Ap\u00e1ts\u00e1g VII. Henrik-k\u00e1poln\u00e1j\u00e1ban. Merev, kocka alak\u00fa, s\u0171r\u0171 z\u00e1szl\u00f3k; \u0151r\u00fclt g\u00f3t bet\u0171kk\u00e9 gyulladt k\u00f3russz\u00e9kek; \u00e1ttetsz\u0151 t\u00edzparancsolat-t\u00e1bl\u00e1khoz hasonl\u00f3 ablakfalak \u00e9s kolostori r\u00e1csketrecben fekv\u0151 kir\u00e1lyi s\u00edrszobrok k\u00f6z\u00f6tt elm\u00e9lkedett George: \u201eeleget zen\u00e9ltem kir\u00e1lyok dics\u0151s\u00e9g\u00e9re \u2013 nekem is itt a helyem\u201d.<\/p>\n\n\n\n<p>\u00c9s mikor s\u00e9t\u00e1iban a keleti kolostorfolyos\u00f3 v\u00e9g\u00e9hez jutott, a napf\u00e9nyes \u00edvek ut\u00e1n a \u201edark cloister\u201d-be, a s\u00f6t\u00e9t \u00e1h\u00edtat-alag\u00fatba: az \u00e9let v\u00e9ge jutott esz\u00e9be. M\u00e9rt ne itt temess\u00e9k el? Nem volt-e valahol szerzetes \u00e9s vezekl\u0151 \u0151 is, mint a r\u00e9g csontv\u00e1zz\u00e1 \u00e9s paradicsomi pillang\u00f3kk\u00e1 v\u00e1ltozott p\u00e1terek \u00e9s fr\u00e1terek? Ne eml\u00e9kezz\u00e9k-e kiss\u00e9 R\u00f3ma loggi\u00e1ira \u00e9s \u00e1rk\u00e1djaira? \u00c9s noha az \u00f6r\u00f6k vil\u00e1goss\u00e1g v\u00e1r re\u00e1nk, ad\u00f3zzunk a \u201edark cloister\u201d-ben az \u00e9j s\u00f6t\u00e9ts\u00e9g\u00e9nek is, antik alvil\u00e1gokban sokszor zen\u00e9l\u0151 operai Orfeo.<\/p>\n","protected":false},"excerpt":{"rendered":"<p>Szentkuthy Mikl\u00f3s: H\u00e4ndel R\u00e9szlet Mint tudjuk, George: n\u00e9gy v\u00e9grendeletet \u00edrt, a k\u00f6r\u00fclm\u00e9nyek v\u00e1ltoz\u00e1sainak megfelel\u0151en. 1750-ben, 1756-ban, 1757-ben, \u00e9s imm\u00e1r hal\u00e1la \u00e9v\u00e9ben, 1759-ben. Azok a memo\u00e1r jelleg\u0171, lelk\u00e9t gy\u00f3n\u00e1sszer\u0171en leleplez\u0151 vallom\u00e1sok, melyeket ez az elbesz\u00e9l\u00e9s George sz\u00e1j\u00e1b\u00f3l sz\u00f3 szerint k\u00f6z\u00f6lt legk\u00f6zelebbi bar\u00e1taival: mintegy l\u00edrai bevezet\u00e9s\u00fcl szolg\u00e1ltak a k\u00e9s\u0151bb megfogalmazand\u00f3, er\u0151sen jogi \u00e9s p\u00e9nz\u00fcgyi jelleg\u0171 v\u00e9grendeleti okirathoz. [&hellip;]<\/p>\n","protected":false},"author":4,"featured_media":0,"parent":723,"menu_order":2,"comment_status":"closed","ping_status":"closed","template":"","meta":{"footnotes":""},"categories":[3],"class_list":["post-728","page","type-page","status-publish","hentry","category-regenyek"],"_links":{"self":[{"href":"https:\/\/www.szentkuthymiklos.hu\/web\/wp-json\/wp\/v2\/pages\/728","targetHints":{"allow":["GET"]}}],"collection":[{"href":"https:\/\/www.szentkuthymiklos.hu\/web\/wp-json\/wp\/v2\/pages"}],"about":[{"href":"https:\/\/www.szentkuthymiklos.hu\/web\/wp-json\/wp\/v2\/types\/page"}],"author":[{"embeddable":true,"href":"https:\/\/www.szentkuthymiklos.hu\/web\/wp-json\/wp\/v2\/users\/4"}],"replies":[{"embeddable":true,"href":"https:\/\/www.szentkuthymiklos.hu\/web\/wp-json\/wp\/v2\/comments?post=728"}],"version-history":[{"count":1,"href":"https:\/\/www.szentkuthymiklos.hu\/web\/wp-json\/wp\/v2\/pages\/728\/revisions"}],"predecessor-version":[{"id":729,"href":"https:\/\/www.szentkuthymiklos.hu\/web\/wp-json\/wp\/v2\/pages\/728\/revisions\/729"}],"up":[{"embeddable":true,"href":"https:\/\/www.szentkuthymiklos.hu\/web\/wp-json\/wp\/v2\/pages\/723"}],"wp:attachment":[{"href":"https:\/\/www.szentkuthymiklos.hu\/web\/wp-json\/wp\/v2\/media?parent=728"}],"wp:term":[{"taxonomy":"category","embeddable":true,"href":"https:\/\/www.szentkuthymiklos.hu\/web\/wp-json\/wp\/v2\/categories?post=728"}],"curies":[{"name":"wp","href":"https:\/\/api.w.org\/{rel}","templated":true}]}}