{"id":695,"date":"2025-01-06T16:17:18","date_gmt":"2025-01-06T16:17:18","guid":{"rendered":"https:\/\/www.szentkuthymiklos.hu\/web\/?page_id=695"},"modified":"2025-01-06T16:17:19","modified_gmt":"2025-01-06T16:17:19","slug":"tartalommutato","status":"publish","type":"page","link":"https:\/\/www.szentkuthymiklos.hu\/web\/regenyek\/szent-orpheus-breviariuma\/euridike-nyomaban\/tartalommutato\/","title":{"rendered":"Tartalommutat\u00f3"},"content":{"rendered":"\n<p class=\"has-text-align-center\">Szentkuthy Mikl\u00f3s: \u00a0Euridik\u00e9 nyom\u00e1ban<\/p>\n\n\n\n<p class=\"has-text-align-center\"><strong>Tartalommutat\u00f3<\/strong><\/p>\n\n\n\n<p>(1) &nbsp; Orpheusz nyolcvanadik \u00e9v\u00e9nek barkapr\u00e9mes tavasz\u00e1n kompon\u00e1lja Brevi\u00e1riuma utols\u00f3 k\u00f6tet\u00e9t.<\/p>\n\n\n\n<p>S-\u00e1gazat\u00fa r\u00e9zcsill\u00e1r \u2013 j\u00fadeai legenda.<\/p>\n\n\n\n<p>(2) &nbsp; Orpheusz mosd\u00f3h\u00e1z\u00e1ban. Meztelens\u00e9g: Belleroph\u00f3n eml\u00e9ke.<\/p>\n\n\n\n<p>(3) &nbsp; Az Eml\u00e9kezet megsarkanty\u00faz\u00e1sa.<\/p>\n\n\n\n<p>P\u00e1rizsi Louvre.<\/p>\n\n\n\n<p>V\u00e1d Orpheusz ellen: Brevi\u00e1riuma nem \u00e9let, csak m\u00fazeum. De: a m\u00fazeumok t\u00e1rgyai aranyes\u0151s \u00e9letet v\u00e1ltanak ki benne! Napl\u00f3ja: legteljesebb al\u00e1mer\u00fcl\u00e9s az \u00e9letbe. Domborm\u0171v\u00f6n Hom\u00e9rosz: antik meztelens\u00e9g, antik ruhared\u0151zet. Kalliop\u00e9: a m\u00fazs\u00e1k kir\u00e1lyn\u0151je ihleti. Orpheusz a v\u00e9gs\u0151 lesz\u00e1mol\u00e1sra k\u00e9sz\u00fcl \u2013 formula-metafor\u00e1k.<\/p>\n\n\n\n<p>(4) &nbsp; Asztal\u00e1n k\u00f6z\u00e9pkori k\u00f3dex. A liturgikus illemtan k\u00f6telez. Ezzel kezdje?<\/p>\n\n\n\n<p>A kolostor k\u00f6zel\u00e9ben: rododendron-park.<\/p>\n\n\n\n<p>Orpheusz Kalliop\u00e9-anyj\u00e1t rododendronnak l\u00e1tja.<\/p>\n\n\n\n<p>(5) &nbsp; K\u00f6z\u00e9pkori k\u00f3dexben: Nagy Szent Gergely p\u00e1pa tr\u00f3nuson \u00fcl, p\u00fcsp\u00f6ki orn\u00e1tusban. Orpheusz mag\u00e1t k\u00e9pzeli hely\u00e9be a Brevi\u00e1rium \u00edr\u00e1sa k\u00f6zben. Farsangi baldachin a p\u00e1pa f\u00f6l\u00f6tt: \u00e9p\u00edt\u00e9szeti zsibv\u00e1s\u00e1r.<\/p>\n\n\n\n<p>(6) &nbsp; Legenda Johanna papissz\u00e1r\u00f3l:<\/p>\n\n\n\n<p>L\u00e1togat\u00e1sa n\u0151i kolostorban, babon\u00e1s rohama, f\u00e9lelme. Koszt\u00fcmje, indulatoss\u00e1ga. A varangyos S\u00e1t\u00e1n.<\/p>\n\n\n\n<p>(7) &nbsp; A kompoz\u00edci\u00f3s tr\u00fckk folytat\u00f3dik: Orpheusz egy ilyen perspekt\u00edva-k\u00e1rtyav\u00e1r tetej\u00e9n elalszik \u2013 megl\u00e1togatja \u0151t egy m\u00fazsa\u2026 vagy Herm\u00e9sz?\u2026 vagy maga az Atyaisten?<\/p>\n\n\n\n<p>William Blake Orpheusz vezet\u0151je. Tan\u00e1csa: j\u00f3 lenne, ha Orpheusz elmondan\u00e1 az el\u0151z\u0151 st\u00e1ci\u00f3k genetik\u00e1j\u00e1t.<\/p>\n\n\n\n<p>(8) &nbsp; Nyit\u00e1ny: Orfeo szabadt\u00e9ri el\u0151ad\u00e1sa. Sz\u00ednhelye: hercegi park. Romok, szobrok, szilfid f\u00e1k \u00e1gai, mint Dymagd haja f\u00e9s\u00fclk\u00f6d\u00e9s k\u00f6zben\u2026<\/p>\n\n\n\n<p>\u00c9s a park kert-sz\u00ednh\u00e1z tornyos gy\u00e1szciprusai? \u2013 mint Dymagd f\u00f6ldszintes nyaral\u00f3j\u00e1ban. Ott olvasta Orpheusz Cola di Rienzo t\u00f6rt\u00e9net\u00e9t. Vicc \u00e9s t\u00f6rt\u00e9nelem-b\u00f6lcseleti reflexi\u00f3k p\u00e1ros \u00e9s p\u00e1ratlan kupic\u00e1k ellen\u00e9ben.<\/p>\n\n\n\n<p>(9) &nbsp; Orfeo park-sz\u00ednpada ut\u00e1n: Pompeji. Orpheusz kamaszkori utaz\u00e1sa: egy kis cig\u00e1nyl\u00e1ny pornos-k\u00e9peket k\u00edn\u00e1lt egy kapualjban.<\/p>\n\n\n\n<p>(10) &nbsp; Orpheusz kamaszkora l\u00e9lektani sablonja ut\u00e1n negyven \u00e9vvel r\u00e1vil\u00e1g\u00edt\u00f3 megold\u00e1s. Maria Montemedale aj\u00e1nd\u00e9ka: Majolika-t\u00e1lon lebeg\u0151 n\u0151i alak.<\/p>\n\n\n\n<p>(11) &nbsp; Velenc\u00e9ben: Nagyboldogasszony \u00fcnnepe. Lit\u00e1na \u2013 m\u00e1sf\u00e9l \u00e9vezredes hagyom\u00e1ny szerint vad pog\u00e1ny t\u00e1nc a Bacchus-szobor k\u00f6r\u00fcl. Montemedale pal\u00e1stja, szent\u00e1ldoz\u00e1sa. Szekvencia az \u00c9gi B\u00e1r\u00e1ny \u00e9s a Sz\u00e9ptest\u0171 Sz\u00fczek n\u00e1sz\u00e1r\u00f3l. Orpheusz v\u00e1lasza: Raffaello-v\u00e1zlat az Olt\u00e1riszents\u00e9g im\u00e1d\u00e1sa fresk\u00f3j\u00e1hoz\u2026 mindenki meztelen. Manierista t\u00falz\u00e1sok.<\/p>\n\n\n\n<p>(12) &nbsp; Sz\u00edniel\u0151ad\u00e1s Szent Amad\u00e9 herceg eml\u00e9k\u00e9re. Seherez\u00e1d\u00e9. Bakst fantasztikus jelmezei. Farsangi mulats\u00e1g \u2013 ut\u00e1na Hamvaz\u00f3szerda hajnala. Temet\u00e9si menet: Szav\u00f3ja elit szeg\u00e9nyeivel, el\u0151kel\u0151s\u00e9gek koldusrongyokban, boh\u00f3c sz\u00edn\u00e9szek fekete tal\u00e1rokban.<\/p>\n\n\n\n<p>(13) &nbsp; Miszt\u00e9riumj\u00e1t\u00e9k Tarragon\u00e1ban I. Szilveszter p\u00e1pa bika-csod\u00e1j\u00e1nak eml\u00e9k\u00e9re. Szilveszter zsinata: legyen nagy nyilv\u00e1nos hitvita zsid\u00f3k \u00e9s kereszt\u00e9nyek k\u00f6z\u00f6tt.<\/p>\n\n\n\n<p>(14) &nbsp; Kezd\u0151dik a miszt\u00e9riumj\u00e1t\u00e9k. A p\u00e1pa bika-csod\u00e1ja. Szent Mih\u00e1ly is sz\u00ednre l\u00e9p.<\/p>\n\n\n\n<p>(15) &nbsp; Opus-keres\u00e9s summ\u00e1ja.<\/p>\n\n\n\n<p>Minta: Francesco Colonna, Polyphilus \u00c1lma.<\/p>\n\n\n\n<p>(16) &nbsp; Orfeo m\u00e1sodik nyit\u00e1ny-jelenet\u00e9hez:<\/p>\n\n\n\n<p>Megh\u00edv\u00f3 egy divatbemutat\u00f3ra, elhagyott kolostorban, Paloma Picasso parf\u00fcmgy\u00e1r v\u00e9dn\u00f6ks\u00e9ge alatt. Loyola-Vogue kontraszt!<\/p>\n\n\n\n<p>(17) &nbsp; Lemenet a katakomb\u00e1kba.<\/p>\n\n\n\n<p>El\u00e1rvult olt\u00e1ron Paloma Picasso sz\u00ednes fot\u00f3ja: t\u00e9bolyult j\u00f3sn\u0151. Manekenek: nyithat\u00f3 anat\u00f3miai b\u00e1buk \u00e9s szentszobrok.<\/p>\n\n\n\n<p>(18) &nbsp; Maria Mascara numero 1 \u2013 numero 5.<\/p>\n\n\n\n<p>(19) &nbsp; Montemedale jelmezei eml\u00e9kek raj\u00e1t \u00e9bresztik Orpheuszban\u2026 tobz\u00f3d\u00e1sa a t\u00e9nyek, t\u00e1rgyak le\u00edr\u00e1s\u00e1ban. De: v\u00e9gtelen viszolyg\u00e1sa gondolatok, filoz\u00f3fi\u00e1k ir\u00e1nt. Melltart\u00f3r\u00f3l eml\u00e9ke: Deauville-i tengerparton eltemetett halacsk\u00e1k s\u00edrhantjai. Slip? \u2013 madarak V-bet\u0171s rep\u00fcl\u00e9se. Katakombai szarkof\u00e1gon: J\u00e9zus sz\u00ednev\u00e1ltoz\u00e1sa. Orpheusz barokk v\u00edzi\u00f3ja Avilai Szent Ter\u00e9zzel \u00e9s Egyiptomi M\u00e1ri\u00e1val.<\/p>\n\n\n\n<p>(20) &nbsp; Raffaello utols\u00f3 k\u00e9pe: Krisztus sz\u00ednev\u00e1ltoz\u00e1sa.<\/p>\n\n\n\n<p>Civiliz\u00e1ci\u00f3nk r\u00e9sze egyszerre Olajf\u00e1khegyi Krisztusok \u00e9s pog\u00e1ny gy\u00f6ny\u00f6ristenn\u0151k. Raffaello k\u00e9p\u00e9n a f\u0151szerepl\u0151 mi\u00e9rt megsz\u00e1llott, nyavalyat\u00f6r\u0151s gyermek? Ennek lehets\u00e9ges magyar\u00e1zatai.<\/p>\n\n\n\n<p>(21) &nbsp; Err\u0151l Orpheusz novella-t\u00e9m\u00e1ja:<\/p>\n\n\n\n<p>Raffaello mint a manierista fest\u0151k Fontainebleau-i kir\u00e1lya? Vagy: Raffaello b\u00edboros lesz?<\/p>\n\n\n\n<p>M\u0171term\u00e9be h\u00e1rom ifj\u00fa archeol\u00f3gus \u00e9rkezik: ki\u00e1sott antik eml\u00e9km\u0171vekr\u0151l rajzm\u00e1solatokat k\u00e9sz\u00edtettek. Az ett\u0151l nagyon is ihletett Raffaello bacchan\u00e1li\u00e1t rendez. Jelmezekbe \u00f6lt\u00f6zve a t\u00e1rsas\u00e1g elj\u00e1tssza az antik hitregei szc\u00e9n\u00e1kat: Mithras sz\u00fclet\u00e9se\u2026 Eur\u00f3pa elrabl\u00e1sa\u2026 Mithras, a vil\u00e1goss\u00e1g meg\u00f6li a Bik\u00e1t, a s\u00f6t\u00e9ts\u00e9get. A Bacchan\u00e1lia v\u00e9ge: Raffaello hajnalt\u00e1jt rosszul lett, h\u00f6r\u00f6g, h\u00e1ny, szeme megkerg\u00fclt rulettgoly\u00f3. El\u0171zi mag\u00e1t\u00f3l a meztelen r\u00e9szegeket. Tapasztalatlan, fiatal papnak gy\u00f3nja meg b\u0171neit.<\/p>\n\n\n\n<p>(22) &nbsp; Orpheusz \u201ekoncepci\u00f3s\u201d \u00e1lmai Orfeo park-sz\u00ednpad\u00e1r\u00f3l: t\u00f6m\u00e9ny catholico-mistico jelenet.<\/p>\n\n\n\n<p>Lelkigyakorlatos csoport fel\u00f6lt\u00f6ztetett Madonna-szobrot visz. Vel\u00fck szemben: satanista h\u00f6lgyek Paloma k\u00e9p\u00e9t hozz\u00e1k.<\/p>\n\n\n\n<p>T\u00e1ncol\u00f3 \u00f6rd\u00f6g\u00f6k sz\u00f3noklata a Madonna ellen. Hirdetik a S\u00e1t\u00e1n vil\u00e1guralm\u00e1t: \u00f3, 20. sz\u00e1zad v\u00e9ge, legszebb politikai tetteid!<\/p>\n\n\n\n<p>(23) &nbsp; Orpheusz \u00fajra\u00e1lmodja utols\u00f3 s\u00e9t\u00e1j\u00e1t Pompejiben Medalia Marijuan\u00e1val. \u201eBotticelli-korom\u201d Fl\u00f3r\u00e1ja. Est\u00e9lyi ruha, l\u00e1bujjak, szand\u00e1l. \u00cdzisz-templom romjain\u00e1l sz\u00f6v\u00f6geti Orpheusz \u00e9s Montemedale mitol\u00f3giai tank\u00f6nyveik eml\u00e9k\u00e9t: hogyan keresi \u00cdzisz f\u00e9rje ama testr\u00e9sz\u00e9t. Baedekker kiny\u00edlik a s\u00edrok \u00e9s temet\u0151k \u00fatj\u00e1n\u00e1l. Veszta-sz\u00fczek intim konferenci\u00e1ja.<\/p>\n\n\n\n<p>Pompeji fresk\u00f3k.<\/p>\n\n\n\n<p>Medale \u00e9s Orpheusz tombol\u00f3 bele\u00e9l\u00e9ssel a Pompeji pusztul\u00e1sakor hamuba temetett szerelmeseket siratja. Pompeji k\u00e9k \u00fcvegv\u00e1z\u00e1k.<\/p>\n\n\n\n<p>Medale Mercedes: aj\u00e1nd\u00e9koz\u00e1s az \u00e9lete!<\/p>\n\n\n\n<p>(24) &nbsp; Ilyen eml\u00e9kekkel, fant\u00e1zi\u00e1kkal kieg\u00e9sz\u00edtve k\u00e9pzeli el Orpheusz Monteverdi: Orfeo-sz\u00ednpad\u00e1t.<\/p>\n\n\n\n<p>Orpheusz csod\u00e1latos azonosul\u00e1sa Claudi\u00f3val.<\/p>\n\n\n\n<p>Mantova \u00faj hercege: Vincenzo. Tr\u00f3nral\u00e9p\u00e9se. \u00dcnneps\u00e9g. A zen\u00e9szek k\u00f6z\u00f6tt az ifj\u00fa Monteverdi. Tan\u00edt\u00f3ja: Ingegneri hozta el a pr\u00f3b\u00e1ra.<\/p>\n\n\n\n<p>Fejedelmi vend\u00e9g is van: Rubens, a fest\u0151.<\/p>\n\n\n\n<p>Vincenzo herceg t\u00e1rsas\u00e1g\u00e1ban: sz\u00ednpadias figur\u00e1k.<\/p>\n\n\n\n<p>(25) &nbsp; A sz\u00edn\u00e9szek p\u00e1sztorj\u00e1t\u00e9k pr\u00f3b\u00e1j\u00e1ra k\u00e9sz\u00fclnek.<\/p>\n\n\n\n<p>Kis Claudio-Orpheusz hasonl\u00f3 szerelmes hinta-palint\u00e1ban: Udvari gy\u00e1sz\u2026 Vincenzo herceg be\u00f6lt\u00f6zik p\u00e1sztornak. Rubens l\u00e9p a terembe, h\u00edvja m\u0171term\u00e9be Vincenzo herceget, tekintse meg Szenth\u00e1roms\u00e1g im\u00e1d\u00e1sa k\u00e9sz\u00fcl\u0151 festm\u00e9ny\u00e9t. Kis Claudio p\u00e1sztors\u00edpon k\u00eds\u00e9ri majd a jelenetet, a mennyei t\u00e9m\u00e1t. De mikor megl\u00e1tja a k\u00e9pet, t\u00e9rdre borul, eln\u00e9mul.<\/p>\n\n\n\n<p>A Szenth\u00e1roms\u00e1got im\u00e1d\u00f3 hercegi figur\u00e1k veszik k\u00f6r\u00fcl. Vincenzo modellt \u00fcl Rubensnek.<\/p>\n\n\n\n<p>(26) &nbsp; Beront a m\u0171terembe Torquado Tasso gy\u00f3ntat\u00f3ja: Tasso elmegy\u00f3gyint\u00e9zetben. Gy\u00f3ntat\u00f3j\u00e1hoz lev\u00e9lben kiszabad\u00edt\u00e1s\u00e9rt k\u00f6ny\u00f6r\u00f6g.<\/p>\n\n\n\n<p>Vincenzo v\u00e1gtat bar\u00e1tj\u00e1t kiszabad\u00edtani.<\/p>\n\n\n\n<p>Claudio kettesben Rubensszel: a k\u00e9pen l\u00e1that\u00f3 ap\u00e1cak\u00fclsej\u0171 h\u00f6lgy t\u00f6rt\u00e9nete. Gonzaga Szent Alajos misztikus elragadtat\u00e1sa. Blaszf\u00e9mia vagy ima?<\/p>\n\n\n\n<p>(27) &nbsp; Claudio visszat\u00e9r szob\u00e1j\u00e1ba. Ablak\u00e1b\u00f3l furcsa k\u00f6rmenetet pillant meg: Vincenzo herceg csele, t\u00f6mj\u00e9nes k\u00f6rmenet alakj\u00e1ban hatolnak be a Szent Ann\u00e1r\u00f3l elnevezett er\u0151d\u00edtett kolostori t\u00e9bolyd\u00e1ba kiszabad\u00edtani Tass\u00f3t. Bolondok maskar\u00e1i.<\/p>\n\n\n\n<p>Bolondok verik \u00e9s g\u00fanyolj\u00e1k Tass\u00f3t.<\/p>\n\n\n\n<p>Vincenzo karddal szabad\u00edtja ki Tass\u00f3t h\u00f3h\u00e9rai keze k\u00f6z\u00fcl.<\/p>\n\n\n\n<p>(28) &nbsp; Vincenzo palot\u00e1ja k\u00f6nyvt\u00e1r\u00e1ba vezeti Tass\u00f3t. Ott dolgozik Guarini k\u00f6lt\u0151 \u00far.<\/p>\n\n\n\n<p>Clorinda-Poppea-Claudio: h\u00e1romlevel\u0171 l\u00f3here, kukucsk\u00e1lnak, piperk\u0151c Guarini \u00far szavalja Tasso sorait. Tasso len\u00e9z\u0151 mosolya, majd t\u00e9bolyult \u00f6nostoroz\u00e1sa: \u201eHaszontalan h\u00fclyes\u00e9g minden k\u00f6lt\u00e9szet\u2026\u201d \u2013 r\u00fagja a b\u00fatorokat, szak\u00edtja a t\u00e9rk\u00e9peket.<\/p>\n\n\n\n<p>Tasso \u0151rj\u00f6ng\u00e9se a keresztes hadj\u00e1ratok ellen. V\u00e9g\u00fcl szolg\u00e1k \u00e9s doktorok lefogj\u00e1k \u0151rj\u00f6ng\u0151 Tass\u00f3t, \u00e9s betegszob\u00e1ba z\u00e1rj\u00e1k.<\/p>\n\n\n\n<p>(29) &nbsp; Kis Claudio-Orpheusz Ingegneri szob\u00e1j\u00e1ban zene-\u00f3r\u00e1ra k\u00e9sz\u00fcl. Kertb\u0151l felhallatszanak szobal\u00e1nyok \u00e9des-egyszer\u0171 canzonett\u00e1i. Claudio ezeket azonnal pap\u00edrra veti.<\/p>\n\n\n\n<p>Orpheusz portr\u00e9j\u00e1ba illik:<\/p>\n\n\n\n<p>1) legbonyolultabb matematikus barokk magass\u00e1gokba t\u00f6r,<\/p>\n\n\n\n<p>2) leg\u00e9desebb gy\u00f6ny\u00f6r\u0171s\u00e9ge az egyszer\u0171 emberek besz\u00e9de, \u00e9neke\u2026<\/p>\n\n\n\n<p>A bel\u00e9p\u0151 Ingegneri \u00e9szreveszi tan\u00edtv\u00e1nya alkot\u00f3 furor\u00e1t: Claudio pap\u00edrra vetette, szavakba foglalta ifj\u00fai t\u00e9pel\u0151d\u00e9seit, \u00e9s\u2026 Ariadn\u00e9 siralma kott\u00e1j\u00e1t.<\/p>\n\n\n\n<p>(30) &nbsp; Orpheusz b\u00facs\u00faz\u00f3 mormog\u00e1s\u00e1ban\u2026 folytatja Claudio-\u00e9let\u00e9nek jeleneteit.<\/p>\n\n\n\n<p>Mantov\u00e1ban Francesco Gonzaga \u00e9s Szavojai Margherita h\u00e1zass\u00e1g\u00e1ra k\u00e9sz\u00fclnek. A negyven\u00e9ves Claudio Monteverdit k\u00e9rik fel az \u00fcnnepi zene kompon\u00e1l\u00e1s\u00e1ra. Margherita: \u201eallumeuse\u201d. Francesco: \u201evoyeur\u201d.<\/p>\n\n\n\n<p>Idill a kertben \u2013 kudarc, Margherita megugrik. Francesco hoppon marad.<\/p>\n\n\n\n<p>Orpheusz-Claudio d\u00fche a f\u00e9rfiakat hi\u00e1ba izgat\u00f3 n\u0151k ellen. Ebb\u0151l sz\u00fcletett a Ballo delle Ingrate, kegyetlen n\u0151k b\u00e1lja \u2013 nimfa-balett.<\/p>\n\n\n\n<p>Caterina, Monteverdi els\u0151 \u00e9nekesn\u0151je, szerelme, nem ilyen Ingrata. T\u00fczeli Claudi\u00f3t: mi\u00e9rt firk\u00e1lt Ariadn\u00e9 nyavalyg\u00e1sair\u00f3l lament\u00f3kat?<\/p>\n\n\n\n<p>Azt \u00edrja meg, mikor Dion\u00fcszosz az alv\u00f3 Ariadn\u00e9t mag\u00e1\u00e9v\u00e1 tette.<\/p>\n\n\n\n<p>Caterina pajz\u00e1n mosollyal elz\u00e1rja a kott\u00e1t.<\/p>\n\n\n\n<p>De Claudio nincs pajz\u00e1n hangulatban: Ariadn\u00e9 siralma meghalt feles\u00e9g\u00e9nek sirat\u00e1sa.<\/p>\n\n\n\n<p>Claudio mag\u00e1nos virraszt\u00e1sa az erk\u00e9lyen. \u00d6nmarcangol\u00e1sa: Holdsarl\u00f3s Sz\u0171z M\u00e1ria dics\u0151s\u00e9g\u00e9re fog ezent\u00fal zen\u00e9lni.<\/p>\n\n\n\n<p>Lent az utc\u00e1n ricsaj. Oka: Francesco herceg szerelme megl\u00f3gott. Claudio el. Caterina: vissza a szob\u00e1j\u00e1ba, el\u0151veszi a Lamento di Arianna kott\u00e1j\u00e1t. K\u00f6zben szobal\u00e1ny beront: Francesco herceg bossz\u00fa-processzi\u00f3t tervez, rejt\u00e9lyes Margherita hal\u00e1losan f\u00e9lt\u00e9keny. Caterina \u00f6tlete: \u00e1tk\u00fcldi a sir\u00e1nkoz\u00f3 menyasszonynak a Lamento di Ariann\u00e1t.<\/p>\n\n\n\n<p>V\u00e9g\u00fcl m\u00e9giscsak sor ker\u00fcl az esk\u00fcv\u0151re.<\/p>\n\n\n\n<p>(31) &nbsp; Orpheusz \u00fajabb epiz\u00f3dokat mes\u00e9l:<\/p>\n\n\n\n<p>Az esk\u00fcv\u0151i zenei j\u00e1t\u00e9kokat Margherita csal\u00e1di pereputtya is v\u00e9gighallgatta. A t\u00fal modern zene miatt zend\u00fcl\u00e9s a publikum k\u00f6r\u00e9ben: disszonancia! kakof\u00f3nia!<\/p>\n\n\n\n<p>De van m\u00e1s k\u00f6z\u00f6ns\u00e9g is: Ingegneri \u00far boldogan mer\u00fcl el Monteverdi \u201eforradalmi zen\u00e9je\u201d \u00e9lvezet\u00e9ben. \u00c9s: Paolo Fiamingo fest\u0151 is ott van. A fest\u0151 Monteverdinek aj\u00e1nd\u00e9kozza Aranykor c\u00edm\u0171 k\u00e9p\u00e9t \u2013 a manierista erotika diadala.<\/p>\n\n\n\n<p>Lamento della Ninfa \u2013 a m\u0171v\u00e9szettel nem t\u00f6r\u0151d\u00e9sben sz\u00fcletik a legizgalmasabb m\u0171v\u00e9szet. Hasonl\u00f3 eretnek sz\u00fcl\u00e9s a M\u00fazsa manierista m\u00e9h\u00e9b\u0151l a Ballo delle Ingrate el\u0151ad\u00e1sa.<\/p>\n\n\n\n<p>Orpheusz b\u00facs\u00faja a vil\u00e1gt\u00f3l.<\/p>\n\n\n\n<p>(32) &nbsp; Farsang utols\u00f3 napj\u00e1n a Mocenigo-csal\u00e1d palot\u00e1j\u00e1ban a Combattimento di Tancredo e Clorind\u00e1t mutatj\u00e1k be. Sikere. D\u00f3zse le\u00e1nya zokog: egy \u00f6reg diplomat\u00e1hoz k\u00e9nyszer\u00edtik feles\u00e9g\u00fcl. Dad\u00e1ja megsz\u00f6kteti\u2026<\/p>\n\n\n\n<p>Mindenki el\u00e9rz\u00e9keny\u00fcl Monteverdi zen\u00e9je hallat\u00e1n. Legenda: a M\u00e1rkus-templomban \u00f6reg karmester \u00e9szrevette, hogy a Szenved\u0151 Istenany\u00e1t \u00e1br\u00e1zol\u00f3 k\u00e9p is k\u00f6nnyeket hullat. A leakasztott k\u00f6nnyez\u0151 k\u00e9ppel a konyh\u00e1ba rohan.<\/p>\n\n\n\n<p>A konyha, a szak\u00e1csok. Legvaskosabb farsangol\u00e1suk. A zajos konyha k\u00fcsz\u00f6b\u00e9n az \u00f6reg karmester magasra emeli a k\u00f6nnyez\u0151 M\u00e1ria-k\u00e9pet.<\/p>\n\n\n\n<p>A karmester sz\u00f3noklata Monteverdi megrend\u00edt\u0151 zen\u00e9j\u00e9r\u0151l.<\/p>\n\n\n\n<p>A farsangol\u00f3 szak\u00e1csn\u00e9ps\u00e9g t\u00e9rdre borul.<\/p>\n\n\n\n<p>A Nagy Kan\u00e1lis ricsaja elhal, mindent el\u00e1rasztanak a Combattimento szakr\u00e1l-szenzu\u00e1lis hangjai.<\/p>\n\n\n\n<p>Claudio-Orpheusz vid\u00e1man fogadja az \u00fcdv\u00f6zl\u00e9seket, mindenkit\u0151l, farsangol\u00f3 st\u00edlusban.<\/p>\n\n\n\n<p>A fergeteges c\u00e9c\u00f3ban az \u00f6reg karmester v\u00e9gre k\u00f6zel f\u00e9rk\u0151zik Claudi\u00f3hoz, \u00e9s k\u00e9ri, \u00edrjon mis\u00e9t\u2026 mert a Madonna \u00edgy megtisztelte \u0151t, hogy zokogott a zene hallat\u00e1n.<\/p>\n\n\n\n<p>Monteverdi vallom\u00e1sa az \u00f6reg karmesternek r\u00e9gi fogadalm\u00e1r\u00f3l.<\/p>\n\n\n\n<p>Lent vaskos, brut\u00e1lis l\u00e1rma: Grimani-muzsikusok r\u00e9szeg zenebon\u00e1val g\u00fanyolj\u00e1k Monteverdi zen\u00e9j\u00e9t. Monteverdi kacagva tapsol.<\/p>\n\n\n\n<p>A Grimaniak neh\u00e9z aranyhaj\u00f3ja k\u00f6zeledik a Nagy Kan\u00e1lison Velence tekint\u00e9lyes uraival.<\/p>\n\n\n\n<p>(33) &nbsp; K\u00e9t intermezzo:<\/p>\n\n\n\n<p>1) A Velence kir\u00e1lyn\u0151je haj\u00f3j\u00e1nak orr\u00e1n sz\u00e9ps\u00e9ges hell\u00e9n-prov\u00e1nszi trubad\u00far \u00e1ll. Ebbe a b\u00e1jtalizm\u00e1n ifj\u00faba szerelmes egy velencei h\u00f6lgy.<\/p>\n\n\n\n<p>A f\u00e9lt\u00e9keny h\u00f6lgy \u00f6ngyilkoss\u00e1gi k\u00eds\u00e9rlete. \u0150r\u00fclt, vagy \u0151r\u00fcltnek tetteti mag\u00e1t?<\/p>\n\n\n\n<p>(V\u0151leg\u00e9nye a Szent Anna t\u00e9bolyd\u00e1ba vitette. Ott egy bizonyos Gismondo Freudiano doktor meg\u00e1llap\u00edtotta, hogy csak tetteti mag\u00e1t, mire kir\u00fagt\u00e1k a k\u00f3rh\u00e1zb\u00f3l. V\u00e1ndorsz\u00edn\u00e9szek k\u00f6z\u00e9 \u00e1llt. Zsuzsanna \u00e9s a v\u00e9nek t\u00f6rt\u00e9net\u00e9nek el\u0151ad\u00e1sa. Ferencesek j\u00f6ttek arra, k\u00f6z\u00f6tt\u00fck a nimfom\u00e1n h\u00f6lgy gy\u00f3ntat\u00f3ja. Egym\u00e1sra borultak. A gy\u00f3ntat\u00f3 hazavitte a l\u00e1nyt).<\/p>\n\n\n\n<p>Vissza az \u00f6ngyilkoss\u00e1gi k\u00eds\u00e9rlethez: megmentik, kih\u00fazz\u00e1k a kan\u00e1lisb\u00f3l, ahova vetette mag\u00e1t.<\/p>\n\n\n\n<p>(34) &nbsp; 2) intermezzo:<\/p>\n\n\n\n<p>Claudio a Mocenigo-palot\u00e1b\u00f3l mindent l\u00e1tott. A sz\u00ednpadr\u00f3l az \u00f6lt\u00f6z\u0151be megy, ott tal\u00e1lja a spanyol \u00e9s az angol nagyk\u00f6vetet, amint nagyban k\u00e1rty\u00e1znak.<\/p>\n\n\n\n<p>Az angol k\u00f6vet szaval: egy bizonyos angol k\u00f6lt\u0151t\u0151l.<\/p>\n\n\n\n<p>A r\u00e9szeg spanyol k\u00f6vet maskar\u00e1kat vesz mag\u00e1ra a m\u00e1sik \u00f6lt\u00f6z\u0151ben.<\/p>\n\n\n\n<p>Egym\u00e1st t\u00e1mogatva legurulnak a l\u00e9pcs\u0151n, \u00e9s elt\u0171nnek egy gondol\u00e1ban.<\/p>\n\n\n\n<p>(35) &nbsp; Orpheusz-Claudio \u00fajra egyed\u00fcl a manierista \u201eVil\u00e1g\u0171r Sz\u00ednpad\u00e1n\u201d.<\/p>\n\n\n\n<p>K\u00eds\u00e9rleti l\u00e1tom\u00e1s: Claudio a sz\u00ednpad v\u00e9g\u00e9ben didereg.<\/p>\n\n\n\n<p>(36) &nbsp; Monteverdi-Orpheusz \u00e1lma:<\/p>\n\n\n\n<p>Poppea menete: diadalmenet.<\/p>\n\n\n\n<p>Saturn\u00e1li\u00e1k: szat\u00edra \u00e9s szexus prim\u00e1tusa.<\/p>\n\n\n\n<p>Orpheusz \u00f6r\u00f6k moralit\u00e1sa: Shakespeare Szentiv\u00e1n\u00e9ji \u00e1lom-\u00e1ban a legegyszer\u0171bb k\u00e9zm\u0171vesekkel rokonszenvezik.<\/p>\n\n\n\n<p>Claudio \u00e1lmodj\u00e9k utols\u00f3 nagy oper\u00e1r\u00f3l\u2026 z\u00fagnak f\u00fcl\u00e9ben, sz\u00edv\u00e9ben az angol k\u00f6lt\u0151 nihil-pr\u00f3f\u00e9t\u00e1l\u00f3 szavai.<\/p>\n\n\n\n<p>A Shakespeare-sz\u00f6veghez hisp\u00e1n Eszkori\u00e1l kripta-te\u00e1truma lesz a dobog\u00f3, a d\u00edszlet.<\/p>\n\n\n\n<p>(37) &nbsp; Hamvaz\u00f3szerda hajnal\u00e1n megsz\u00f3lalnak Velence harangjai.<\/p>\n\n\n\n<p>Claudio nem \u00e9bred fel, a harangsz\u00f3t belesz\u00f6vi \u00e1lmaiba.<\/p>\n\n\n\n<p>A sz\u00ednpad: Dies Irae kor\u00e1ljai, halottak felt\u00e1mad\u00e1sa.<\/p>\n\n\n\n<p>Vonulnak a k\u00eds\u00e9rtetek. A sz\u00ednpad v\u00e9g\u00e9ben \u00fcl a S\u00e1t\u00e1n vagy Antikrisztus: piros poj\u00e1ca. Pr\u00e9dik\u00e1ci\u00f3ja a Hegyi Besz\u00e9d \u201enegat\u00edvja\u201d.<\/p>\n\n\n\n<p>Claudio \u00e1lma Tasso hal\u00e1lra keseredett, \u0151r\u00fclt monol\u00f3gj\u00e1hoz hasonl\u00edt\u2026<\/p>\n\n\n\n<p>Claudio fel\u00e9bred Hamvaz\u00f3szerda reggel\u00e9n: z\u00fagnak, z\u00fagnak Velence vezekl\u00e9sre sz\u00f3l\u00edt\u00f3 harangjai, purgatorio \u00e9s paradiso vill\u00e1mf\u00e9ny\u0171 kulcsai, melyek a Felt\u00e1mad\u00e1st hirdetik.<\/p>\n","protected":false},"excerpt":{"rendered":"<p>Szentkuthy Mikl\u00f3s: \u00a0Euridik\u00e9 nyom\u00e1ban Tartalommutat\u00f3 (1) &nbsp; Orpheusz nyolcvanadik \u00e9v\u00e9nek barkapr\u00e9mes tavasz\u00e1n kompon\u00e1lja Brevi\u00e1riuma utols\u00f3 k\u00f6tet\u00e9t. S-\u00e1gazat\u00fa r\u00e9zcsill\u00e1r \u2013 j\u00fadeai legenda. (2) &nbsp; Orpheusz mosd\u00f3h\u00e1z\u00e1ban. Meztelens\u00e9g: Belleroph\u00f3n eml\u00e9ke. (3) &nbsp; Az Eml\u00e9kezet megsarkanty\u00faz\u00e1sa. P\u00e1rizsi Louvre. V\u00e1d Orpheusz ellen: Brevi\u00e1riuma nem \u00e9let, csak m\u00fazeum. De: a m\u00fazeumok t\u00e1rgyai aranyes\u0151s \u00e9letet v\u00e1ltanak ki benne! Napl\u00f3ja: legteljesebb al\u00e1mer\u00fcl\u00e9s [&hellip;]<\/p>\n","protected":false},"author":4,"featured_media":0,"parent":693,"menu_order":1,"comment_status":"closed","ping_status":"closed","template":"","meta":{"footnotes":""},"categories":[3],"class_list":["post-695","page","type-page","status-publish","hentry","category-regenyek"],"_links":{"self":[{"href":"https:\/\/www.szentkuthymiklos.hu\/web\/wp-json\/wp\/v2\/pages\/695","targetHints":{"allow":["GET"]}}],"collection":[{"href":"https:\/\/www.szentkuthymiklos.hu\/web\/wp-json\/wp\/v2\/pages"}],"about":[{"href":"https:\/\/www.szentkuthymiklos.hu\/web\/wp-json\/wp\/v2\/types\/page"}],"author":[{"embeddable":true,"href":"https:\/\/www.szentkuthymiklos.hu\/web\/wp-json\/wp\/v2\/users\/4"}],"replies":[{"embeddable":true,"href":"https:\/\/www.szentkuthymiklos.hu\/web\/wp-json\/wp\/v2\/comments?post=695"}],"version-history":[{"count":1,"href":"https:\/\/www.szentkuthymiklos.hu\/web\/wp-json\/wp\/v2\/pages\/695\/revisions"}],"predecessor-version":[{"id":696,"href":"https:\/\/www.szentkuthymiklos.hu\/web\/wp-json\/wp\/v2\/pages\/695\/revisions\/696"}],"up":[{"embeddable":true,"href":"https:\/\/www.szentkuthymiklos.hu\/web\/wp-json\/wp\/v2\/pages\/693"}],"wp:attachment":[{"href":"https:\/\/www.szentkuthymiklos.hu\/web\/wp-json\/wp\/v2\/media?parent=695"}],"wp:term":[{"taxonomy":"category","embeddable":true,"href":"https:\/\/www.szentkuthymiklos.hu\/web\/wp-json\/wp\/v2\/categories?post=695"}],"curies":[{"name":"wp","href":"https:\/\/api.w.org\/{rel}","templated":true}]}}