{"id":669,"date":"2025-01-06T15:37:15","date_gmt":"2025-01-06T15:37:15","guid":{"rendered":"https:\/\/www.szentkuthymiklos.hu\/web\/?page_id=669"},"modified":"2025-01-06T15:37:16","modified_gmt":"2025-01-06T15:37:16","slug":"reszlet","status":"publish","type":"page","link":"https:\/\/www.szentkuthymiklos.hu\/web\/regenyek\/szent-orpheus-breviariuma\/cynthia\/reszlet\/","title":{"rendered":"R\u00e9szlet"},"content":{"rendered":"\n<p class=\"has-text-align-center\">Szentkuthy Mikl\u00f3s:\u00a0<em>Cynthia<\/em><\/p>\n\n\n\n<p class=\"has-text-align-center\"><strong>R\u00e9szlet<\/strong><\/p>\n\n\n\n<p>Keresztes J\u00e1nos (1542\u20131591)<\/p>\n\n\n\n<p>Karmel hegye a legszebb J\u00fade\u00e1ban, f\u00e9lelmetesek a k\u00f6vei, mint az\u00e9 a m\u00e1sik\u00e9, a Sinai-hegy\u00e9, ahol annak szikl\u00e1ib\u00f3l v\u00e1gott mor\u00e1l-k\u00f3dexet, azaz T\u00edzparancsolatot M\u00f3zes aff\u00e9le michelangel\u00f3i fluorral (ut\u00f3bbin\u00e1l bizony j\u00f3val szeg\u00e9nyesebb ez a furor, mint a barb\u00e1rbibliai modell\u00e9) \u2013 ugyanakkor v\u00f6lgyei smaragdmohos naj\u00e1d combk\u00f6z\u00f6k, f\u00e1i: papag\u00e1jos f\u00e1ra\u00f3i p\u00e1lmalegyez\u0151k. Karmel el\u00e9ri a tengert, azt a k\u00e9ks\u00e9get \u00e9s felh\u0151feh\u00e9r horizontk\u00f6d\u00f6t, mely (se t\u00e9rben, se id\u0151ben nem is oly messze M\u00f3zest\u0151l) a hell\u00e9n vil\u00e1g ezer Aphrodit\u00e9j\u00e9t sz\u00fclte ezer kagyl\u00f3b\u00f3l \u2013 kagyl\u00f3b\u00f3l, mely megmaradt Komposzt\u00e9lai Szent Jakab apostol, az \u00f6r\u00f6k (ma is, ma is teh\u00e1t!) v\u00e1ndor \u00e9s zar\u00e1ndok jelv\u00e9ny\u00e9nek, amelyb\u0151l \u00e9ppoly Aphrodit\u00e9k sz\u00fclettek, mint a g\u00f6r\u00f6g\u00f6k kedv\u00e9re val\u00f3k, csak \u00e9ppen Keresztes J\u00e1nos \u00f6sszes k\u00f6ltem\u00e9ny\u00e9nek nevezz\u00fck \u0151ket \u2013 ezek azt\u00e1n \u201efinaliter\u201d, v\u00e9glegesen egyes\u00edtik Istent \u00e9s a szerelmet, \u00e9gi \u00e9s f\u00f6ldi \u00c1mor \u00e9g\u0151 csipkebokrait.<\/p>\n\n\n\n<p>Mikor Izai\u00e1s pr\u00f3f\u00e9ta, 33. r\u00e9sz 7\u20138. vers\u00e9ben keservesen siratja, hogy a b\u00e9kess\u00e9g k\u00f6vetei keservesen s\u00edrnak, legjobban azon szomorkodik, hogy \u201elombtalan lett K\u00e1rmel\u201d. Keresztes J\u00e1nos a sarutlan karmelit\u00e1k agyongy\u00f6t\u00f6rt atyja (saj\u00e1t egyh\u00e1za volt tudatos gyilkosa) eg\u00e9sz \u00e9let\u00e9ben \u00e9s k\u00f6lt\u00e9szet\u00e9ben nem akart m\u00e1st, mint hogy ez a Karmel \u00fajra meglombosodj\u00e9k, \u00e9s \u00e1rny\u00e9k\u00e1t meg p\u00e1lmabor\u00e1t Spanyolorsz\u00e1g szeg\u00e9nyei \u00e9lvezz\u00e9k. Milyen m\u00e1s \u00faton pr\u00f3b\u00e1lta ezt el\u00e9rni, mint kort\u00e1rsa, akir\u0151l elm\u00e9lkedve olvastatok, Szent Turibius. J\u00e1rt ezen a hegyen a misztika matematikusa vagy a sz\u00e1mtan orfikus nagyokat sejt\u0151je, P\u00fcthagorasz is, akit Keresztes J\u00e1nos oly buzgalommal olvasott a salamancai egyetemen \u2013 tany\u00e1ztak itt templomos lovagok is, akiknek p\u00e9nz\u00e9t, g\u0151gj\u00e9t, perverz pog\u00e1nys\u00e1g\u00e1t, legb\u0171n\u00f6sebb naponk\u00e9nti Krisztus-felsz\u00f6gel\u00e9s\u00e9t a b\u00fcntet\u0151 s\u00e1t\u00e1nok l\u00fagj\u00e1val \u00e9s sar\u00e1val irtotta volna ki mez\u00edtl\u00e1bas J\u00e1nosunk.<\/p>\n\n\n\n<p>Sz\u00e9p mitol\u00f3gi\u00e1k \u00e9s hol barokkan k\u00f6lt\u0151i, hol b\u00f6lcs\u00e9szetileg prec\u00edz skolasztik\u00e1k sz\u00f3ltak \u00e9vezredeken \u00e1t (hi\u00e1ba persze) arr\u00f3l, hogy J\u00e1nos egyh\u00e1z\u00e1nak apja Krisztus, \u00e9desanyja M\u00e1ria, \u00e9s mikor az \u0151 spanyol inkviz\u00edtorai bord\u00e9lyh\u00e1zi t\u00e9kozl\u00f3 fi\u00fak lettek, \u00e9s a legtiszt\u00e1bb Any\u00e1b\u00f3l magzatkapar\u00f3 m\u0171helyek amulettje: j\u00e1mbor J\u00e1nosunk ebbe a bandzsa logik\u00e1tlans\u00e1gba sehogy sem tudott belenyugodni. Az \u00e9gi N\u0151t, a Madonn\u00e1t neki itt, a f\u00f6ld\u00f6n \u2013 \u00e9desanyja \u2013 a sarutlan karmelita Avilai Ter\u00e9z \u00e9s (nevessetek!) II. F\u00fcl\u00f6p gaz, de naivan szentnek k\u00e9pzelt feles\u00e9ge, angliai v\u00e9res Tudor M\u00e1ria, majd a cinikusan protest\u00e1ns-politikus Tudor Erzs\u00e9bet jelentette \u00e9s tal\u00e1n m\u00e9g sok-sok fant\u00e1zia \u00e9s el\u0151le sz\u00f6kev\u00e9ny val\u00f3s\u00e1g, melyet csak tisztelettel vagy illetlen\u00fcl sejthet\u00fcnk.<\/p>\n\n\n\n<p>J\u00e1nos \u00e9desapja d\u00fasgazdag keresked\u0151 volt, a korabeli szociet\u00e1s k\u00e9plete szerint f\u00e9lig vig\u00e9c, f\u00e9lig f\u00e9larisztokrata, grandseigneur \u00e9s m\u00e9rlegein aranyakat billeget\u0151 keresked\u0151 \u2013 J\u00e1nos m\u00e1r gyerekkor\u00e1ban \u00edrt egy epigramm\u00e1t arr\u00f3l a furcsas\u00e1gr\u00f3l, hogy a m\u00e9rleg: az objekt\u00edv igazs\u00e1gszolg\u00e1ltat\u00e1s, a kuruzsl\u00f3patik\u00e1k m\u0171szere \u00e9s svindler b\u00f6rz\u00e9k \u00e9s bankok instrumentuma volt egyszerre \u00e9s h\u00e1romszor. Szerelmei \u00e9s p\u00e9nzt\u00e1rc\u00e1i szempontj\u00e1b\u00f3l \u00f6sszesz\u0171rte a levet a f\u0151ap\u00e1tokkal, zsid\u00f3kkal, gr\u00f3fokkal \u00e9s arabokkal. Egyszer egy igen-igen gazdag \u00f6zvegyasszonnyal ismerkedett meg, aki bigott vall\u00e1soss\u00e1g\u00e1r\u00f3l is szinte orsz\u00e1gh\u00edr\u0171 volt, szent lelkecsk\u00e9j\u00e9t egy r\u00f3mai cs\u00e1sz\u00e1r aranyp\u00e9nzeib\u0151l f\u0171z\u00f6tt r\u00f3zsaf\u00fcz\u00e9rrel lehetne jelk\u00e9pezni. Az \u00f6zvegy p\u00e9nze, korszer\u0171en nagyhitel\u0171 vall\u00e1soss\u00e1ga \u00e9s r\u00fazsfoltos, parf\u00fcmpack\u00e1s \u00fcres \u00e1gya \u2013 egyar\u00e1nt vonzott\u00e1k az ap\u00e1t, akit Gonz\u00e1l\u00f3nak h\u00edvtak. Nagy\u00f6lel\u00e9s, nagy t\u0151zsde, luxuszar\u00e1ndoklat Komposzt\u00e9lai Szent Jakab katedr\u00e1lis-s\u00edrj\u00e1hoz \u2013 van-e enn\u00e9l szir\u00e9nhang\u00fabb szenth\u00e1roms\u00e1g egy ilyen Gonz\u00e1l\u00f3-f\u00e9le k\u00f6rvonalakkal \u00e9s belezettel rendelkez\u0151 f\u00e9rfi\u00fa, katolik\u00f3tatosz Merk\u00far-Casanova sz\u00e1m\u00e1ra?<\/p>\n\n\n\n<p>Mikor megk\u00e9rte a j\u00e1mbor \u00f6zvegyet, hogy megl\u00e1togathassa kast\u00e9ly\u00e1ban, piet\u00e1sos p\u00e9nz\u00fcgyekr\u0151l t\u00e1rgyaland\u00f3, az \u00f6zvegy (gy\u00f3ntat\u00f3ja tan\u00e1csait is, csak \u00fagy, a forma kedv\u00e9\u00e9rt, kik\u00e9rte) a tal\u00e1lkoz\u00e1snak nem l\u00e1tta k\u00fcl\u00f6n\u00f6sebb akad\u00e1ly\u00e1t. Gonz\u00e1l\u00f3 teh\u00e1t d\u00edszruh\u00e1ban megjelent a h\u00f6lgyn\u00e9l, aki nem volt ott, bizony\u00e1ra nem gondol m\u00e1sra, mint Verdi Falstaff-j\u00e1ra, mikor randev\u00fara megy. A h\u00f6lgy kiss\u00e9 f\u00e1radt volt, mert el\u0151z\u0151leg Hontiveros f\u0151templom\u00e1ban (ebben a v\u00e1rosban lakott) az olt\u00e1rt jelent\u0151, plafonig \u00e9r\u0151, egym\u00e1s mell\u00e9 \u00e9s egym\u00e1s f\u00f6l\u00e9 ragasztott szentk\u00e9peket \u2013 kiter\u00edtett k\u00e1rtya-pakli vagy b\u00e9lyeggy\u0171jt\u0151-album sz\u00ednes lapja, biz\u00e1nci ikonoszt\u00e1z \u2013 t\u0171zolt\u00f3l\u00e9tr\u00e1kon az \u00e9gig f\u00f6lkapaszkodva (minden egyes szentk\u00e9pet!) v\u00e9gigcs\u00f3kolt, n\u00e9zni is sz\u00e9d\u00fclet volt \u2013 szokny\u00e1ja hosszabb az \u00f3ri\u00e1skir\u00e1lyok fekete szemf\u00f6d\u0151j\u00e9n\u00e9l, de csak \u00fagy, mint az 1971-es divatban, a h\u00fclye hossz\u00fas\u00e1got bal oldalt egy h\u00fclye hasad\u00e9kkal k\u00e1rp\u00f3tolta cs\u00edp\u0151ig.<\/p>\n\n\n\n<p>A k\u00e9t partner egyel\u0151re zavartalanul \u00e9s kit\u0171n\u0151en megfelelt egym\u00e1snak \u2013 Gonz\u00e1l\u00f3 sz\u00edvb\u0151l dics\u00e9rte az olasz szobrokat \u00e9s festm\u00e9nyeket, \u00f6rd\u00f6g\u00f6ket jelk\u00e9pez\u0151 szat\u00edrokat, Ad\u00f3nisz-Sebesty\u00e9neket, a b\u00fatorok polit\u00faros min\u0151s\u00e9g\u00e9t, a v\u00e1r nagys\u00e1g\u00fa feh\u00e9rnem\u0171sszekr\u00e9ny ingtornyait, val\u00f3s\u00e1gos r\u00f3mai k\u00f6zk\u00f6nyvt\u00e1r illatos kelengy\u00e9b\u0151l (\u201eezeken a polcokon, amiket m\u00e9g dr\u00e1ga urammal\u2026 azokon a polcokon, amit a megboldogult dr\u00e1g\u00e1m m\u00e1r nem is l\u00e1tott, \u00e9s szent \u00f6zvegys\u00e9gemben ap\u00e1caf\u00e1tyolk\u00e9nt viselek\u2026\u201d), finom anyag, dr\u00e1ga anyag, \u00e1tl\u00e1tsz\u00f3 anyag \u2013 az \u00f6zvegy mindent, ami \u201ehozom\u00e1ny\u201d, eleve erekly\u00e9nek tekintett, mintha legal\u00e1bbis Auxerrei Szent Germanus Perzsi\u00e1ban k\u00e9sz\u00fclt halotti leple lett volna, ez\u00e9rt is mutogatta \u0151ket a legnagyobb l\u00e9leknyugalommal.<\/p>\n\n\n\n<p>Gonz\u00e1l\u00f3 megh\u00edvta az \u00f6zvegyet saj\u00e1t arabeszk pal\u00e1ci\u00f3j\u00e1ba, mindenf\u00e9le cs\u00e1bos dolgokat mes\u00e9lt r\u00f3la, besz\u00e9ltek \u00fczleti tr\u00fckkjeikr\u0151l, im\u00e1dkoztak (\u0151szint\u00e9n! \u2013 ezt \u0151szint\u00e9n mondhatjuk) a h\u00e1zi k\u00e1poln\u00e1ban, s\u00e9t\u00e1ltak a moriszk\u00f3 kertben: egyszerre lehet ezeregy\u00e9j, egyh\u00e1zilag b\u00fcrokratiz\u00e1lt Paradicsom (babaj\u00e1t\u00e9k m\u00e9retekben) vagy a vir\u00e1gz\u00f3 f\u00f6ld \u00e9gi b\u00e9k\u00e9j\u00e9t \u00e9s cs\u00f6ndj\u00e9t \u00e1raszt\u00f3 kolostorkereng\u0151. K\u00e9t ciprusfa k\u00f6z\u00f6tt, borosty\u00e1n \u201emini\u201d bazilik\u00e1ban szentszobor, morzejelekk\u00e9 szaggatott v\u00edzh\u00far cseppjei egy naplangyos t\u00f3ban: Gonz\u00e1l\u00f3 let\u00e9rdelt, t\u00e9rdre h\u00fazta maga mell\u00e9 a kiss\u00e9 (val\u00f3ban csak kiss\u00e9) meglep\u0151d\u00f6tt \u00f6zvegyet \u00e9s \u2013 egy jegygy\u0171r\u0171t h\u00fazott a h\u00f6lgy ujj\u00e1ra, majd a mag\u00e1\u00e9ra, homlokon cs\u00f3kolta az \u00f6zvegyet, \u00e9s fel\u00e1llt vele egy\u00fctt. A h\u00f6lgy (szok\u00e1sos j\u00e1t\u00e9k) kiss\u00e9 ellankadt, de a \u201ekiss\u00e9\u201d-sorozatnak, mint r\u00f6gt\u00f6n l\u00e1tni fogjuk, hamarosan v\u00e9ge fog szakadni, j\u00f6nnek itt majd \u201enagyobb\u00e1ra\u201d dolgok is.<\/p>\n","protected":false},"excerpt":{"rendered":"<p>Szentkuthy Mikl\u00f3s:\u00a0Cynthia R\u00e9szlet Keresztes J\u00e1nos (1542\u20131591) Karmel hegye a legszebb J\u00fade\u00e1ban, f\u00e9lelmetesek a k\u00f6vei, mint az\u00e9 a m\u00e1sik\u00e9, a Sinai-hegy\u00e9, ahol annak szikl\u00e1ib\u00f3l v\u00e1gott mor\u00e1l-k\u00f3dexet, azaz T\u00edzparancsolatot M\u00f3zes aff\u00e9le michelangel\u00f3i fluorral (ut\u00f3bbin\u00e1l bizony j\u00f3val szeg\u00e9nyesebb ez a furor, mint a barb\u00e1rbibliai modell\u00e9) \u2013 ugyanakkor v\u00f6lgyei smaragdmohos naj\u00e1d combk\u00f6z\u00f6k, f\u00e1i: papag\u00e1jos f\u00e1ra\u00f3i p\u00e1lmalegyez\u0151k. Karmel el\u00e9ri a [&hellip;]<\/p>\n","protected":false},"author":4,"featured_media":0,"parent":665,"menu_order":2,"comment_status":"closed","ping_status":"closed","template":"","meta":{"footnotes":""},"categories":[3],"class_list":["post-669","page","type-page","status-publish","hentry","category-regenyek"],"_links":{"self":[{"href":"https:\/\/www.szentkuthymiklos.hu\/web\/wp-json\/wp\/v2\/pages\/669","targetHints":{"allow":["GET"]}}],"collection":[{"href":"https:\/\/www.szentkuthymiklos.hu\/web\/wp-json\/wp\/v2\/pages"}],"about":[{"href":"https:\/\/www.szentkuthymiklos.hu\/web\/wp-json\/wp\/v2\/types\/page"}],"author":[{"embeddable":true,"href":"https:\/\/www.szentkuthymiklos.hu\/web\/wp-json\/wp\/v2\/users\/4"}],"replies":[{"embeddable":true,"href":"https:\/\/www.szentkuthymiklos.hu\/web\/wp-json\/wp\/v2\/comments?post=669"}],"version-history":[{"count":1,"href":"https:\/\/www.szentkuthymiklos.hu\/web\/wp-json\/wp\/v2\/pages\/669\/revisions"}],"predecessor-version":[{"id":670,"href":"https:\/\/www.szentkuthymiklos.hu\/web\/wp-json\/wp\/v2\/pages\/669\/revisions\/670"}],"up":[{"embeddable":true,"href":"https:\/\/www.szentkuthymiklos.hu\/web\/wp-json\/wp\/v2\/pages\/665"}],"wp:attachment":[{"href":"https:\/\/www.szentkuthymiklos.hu\/web\/wp-json\/wp\/v2\/media?parent=669"}],"wp:term":[{"taxonomy":"category","embeddable":true,"href":"https:\/\/www.szentkuthymiklos.hu\/web\/wp-json\/wp\/v2\/categories?post=669"}],"curies":[{"name":"wp","href":"https:\/\/api.w.org\/{rel}","templated":true}]}}