{"id":667,"date":"2025-01-06T15:34:32","date_gmt":"2025-01-06T15:34:32","guid":{"rendered":"https:\/\/www.szentkuthymiklos.hu\/web\/?page_id=667"},"modified":"2025-01-06T15:34:32","modified_gmt":"2025-01-06T15:34:32","slug":"tartalommutato","status":"publish","type":"page","link":"https:\/\/www.szentkuthymiklos.hu\/web\/regenyek\/szent-orpheus-breviariuma\/cynthia\/tartalommutato\/","title":{"rendered":"Tartalommutat\u00f3"},"content":{"rendered":"\n<p class=\"has-text-align-center\">Szentkuthy Mikl\u00f3s: <em>Cynthia<\/em><\/p>\n\n\n\n<p class=\"has-text-align-center\"><strong>Tartalommutat\u00f3<\/strong><\/p>\n\n\n\n<p class=\"has-text-align-left\">Tartalommutat\u00f3<\/p>\n\n\n\n<p>Keresztes J\u00e1nos (1542\u20131591)&nbsp;&nbsp;<\/p>\n\n\n\n<p>A fiatal cambridge-i tud\u00f3s, aki a Jelen\u00e9sek komment\u00e1rjait is \u00edrta (t\u00e1n Brunelleschivel akart vet\u00e9lkedni ebben?), elhat\u00e1rozza, hogy azzal \u00e1ldoz a realizmus olt\u00e1r\u00e1n, hogy meg\u00edrja klinikai pontoss\u00e1ggal a fiatal Tudor Erzs\u00e9bet (Cynthia) arck\u00e9p\u00e9t&nbsp;&nbsp;<\/p>\n\n\n\n<p>az els\u0151 figur\u00e1k Cynthia k\u00f6r\u00fcl&nbsp;&nbsp;<\/p>\n\n\n\n<p>a rajzol\u00f3kedv \u00e9s a fiatals\u00e1g&nbsp;&nbsp;<\/p>\n\n\n\n<p>Donatello D\u00e1vid-ja&nbsp;&nbsp;<\/p>\n\n\n\n<p>egy nagy zen\u00e9sz arck\u00e9pe&nbsp;&nbsp;<\/p>\n\n\n\n<p>az udvari hangversenyek&nbsp;&nbsp;<\/p>\n\n\n\n<p>egy n\u0151 a hangverseny-\u00e9vadb\u00f3l&nbsp;&nbsp;<\/p>\n\n\n\n<p>B. els\u0151 von\u00f3sn\u00e9gyese&nbsp;&nbsp;<\/p>\n\n\n\n<p>Cynthia az utc\u00e1n, v\u00e9letlen tal\u00e1lkoz\u00e1s, sz\u00ednkorrekt\u00far\u00e1k&nbsp;&nbsp;<\/p>\n\n\n\n<p>k\u00e9sz\u00fcl\u0151d\u00e9s a cambridge-i piknikre, kocsiban Cynthi\u00e1val&nbsp;&nbsp;<\/p>\n\n\n\n<p>arck\u00e9pelemz\u00e9s&nbsp;&nbsp;<\/p>\n\n\n\n<p>a nagy k\u00e1lyha mellett \u00e1ll; els\u0151 jellemboncol\u00e1sa&nbsp;&nbsp;<\/p>\n\n\n\n<p>el\u0151fordulhat-e egy emberben a legmagasabb \u00e9rtelem, a legnagyobb arisztokratikum \u00e9s a legj\u00e9zusibb j\u00f3s\u00e1g?&nbsp;&nbsp;<\/p>\n\n\n\n<p>Swan Forest a b\u00e1l el\u0151tt; helyrajz \u00f6r\u00f6me&nbsp;&nbsp;<\/p>\n\n\n\n<p>k\u00e9t szoba: Cynthia k\u00e9s\u0151bbi sz\u00ednpadjai; csill\u00e1r, cs\u00f3k&nbsp;&nbsp;<\/p>\n\n\n\n<p>egyed\u00fcl a muland\u00f3s\u00e1g el\u0151tt \u2013 milyen \u00e1l-mulat\u00f3 a cambridge-i tud\u00f3s&nbsp;&nbsp;<\/p>\n\n\n\n<p>Corremaria&nbsp;&nbsp;<\/p>\n\n\n\n<p>Cynthia bel\u00e9p\u00e9se&nbsp;&nbsp;<\/p>\n\n\n\n<p>kialakul\u00f3 csoportok a Swan Forest-i b\u00e1lon&nbsp;&nbsp;<\/p>\n\n\n\n<p>m\u0171v\u00e9szet? hal\u00e1l, m\u00edtoszok? nyomor\u00e9k k\u00e1rp\u00f3tl\u00e1sok; az \u00e9let \u00e9s a val\u00f3s\u00e1g, a val\u00f3s\u00e1g \u00e9s az \u00e9let: csak ez kell Cynthia ismerete \u00f3ta a cambridge-i tan\u00e1rnak&nbsp;&nbsp;<\/p>\n\n\n\n<p>Cynthia rosszul lesz&nbsp;&nbsp;<\/p>\n\n\n\n<p>betegs\u00e9gst\u00edlusa&nbsp;&nbsp;<\/p>\n\n\n\n<p>nevet\u00e9se&nbsp;&nbsp;<\/p>\n\n\n\n<p>anat\u00f3mia&nbsp;&nbsp;<\/p>\n\n\n\n<p>ing&nbsp;&nbsp;<\/p>\n\n\n\n<p>ujjai, keze&nbsp;&nbsp;<\/p>\n\n\n\n<p>egy csel\u00e9d fekete est\u00e9lyi ruh\u00e1ja rajta&nbsp;&nbsp;<\/p>\n\n\n\n<p>s\u00e9ta reggel egy parkban&nbsp;&nbsp;<\/p>\n\n\n\n<p>Frances lila margar\u00e9t\u00e1i az asztalon; a hajnal&nbsp;&nbsp;<\/p>\n\n\n\n<p>a lila sz\u00edn&nbsp;&nbsp;<\/p>\n\n\n\n<p>Turner&nbsp;&nbsp;<\/p>\n\n\n\n<p>hossz\u00fa besz\u00e9lget\u00e9s a garden-party el\u0151tt&nbsp;&nbsp;<\/p>\n\n\n\n<p>taftruh\u00e1ja a parkban; a labdap\u00e1lya k\u00f6r\u00fcl&nbsp;&nbsp;<\/p>\n\n\n\n<p>s\u00f6t\u00e9t bokrok k\u00f6z\u00f6tt&nbsp;&nbsp;<\/p>\n\n\n\n<p>n\u00f6v\u00e9nyek \u00e9s jellemek&nbsp;&nbsp;<\/p>\n\n\n\n<p>h\u00e1romf\u00e9le nevet\u00e9se h\u00e1romf\u00e9le n\u00f6v\u00e9nnyel kifejezve&nbsp;&nbsp;<\/p>\n\n\n\n<p>k\u00f6zbecs\u00faszott egy V. K\u00e1roly-arck\u00e9p&nbsp;&nbsp;<\/p>\n\n\n\n<p>egy bar\u00e1tn\u0151 fent, a t\u00e1ncteremben&nbsp;&nbsp;<\/p>\n\n\n\n<p>nagy lev\u00e9l az elutaz\u00f3 Corremari\u00e1hoz: Corremaria III. Ott\u00f3 nyom\u00e1ban&nbsp;&nbsp;<\/p>\n\n\n\n<p>a 16 \u00e9ves Ott\u00f3 elhagyja haz\u00e1j\u00e1t, \u00e9s It\u00e1li\u00e1ba megy&nbsp;&nbsp;<\/p>\n\n\n\n<p>egyed\u00fcl Velenc\u00e9ben&nbsp;&nbsp;<\/p>\n\n\n\n<p>mire III. Ott\u00f3 R\u00f3m\u00e1ba \u00e9r, J\u00e1nos p\u00e1pa m\u00e1r meghalt&nbsp;&nbsp;<\/p>\n\n\n\n<p>Philagatus ellenp\u00e1pa (valami g\u00f6r\u00f6g)&nbsp;&nbsp;<\/p>\n\n\n\n<p>Philagatus kiv\u00e9gz\u00e9se&nbsp;&nbsp;<\/p>\n\n\n\n<p>meg\u00e9rkez\u00e9s R\u00f3m\u00e1ba; valami boldogs\u00e1gszer\u0171&nbsp;&nbsp;<\/p>\n\n\n\n<p>III. Ott\u00f3 tud\u00f3s nevel\u0151j\u00e9t teszi p\u00e1p\u00e1v\u00e1&nbsp;&nbsp;<\/p>\n\n\n\n<p>vil\u00e1guralmi tervek, \u00e1br\u00e1ndok&nbsp;&nbsp;<\/p>\n\n\n\n<p>mikor a cambridge-i tan\u00e1r indul Sien\u00e1ba; a b\u00facs\u00fa&nbsp;&nbsp;<\/p>\n\n\n\n<p>lapozgat\u00e1s Szent \u00c1goston De Trinitate-j\u00e1ban&nbsp;&nbsp;<\/p>\n\n\n\n<p>elemz\u00e9s v\u00e9gtelens\u00e9ge; viszonylagoss\u00e1g v\u00e9gtelens\u00e9ge; \u00f6nellentmond\u00e1sok term\u00e9szetes elfogad\u00e1sa&nbsp;&nbsp;<\/p>\n\n\n\n<p>a mil\u00e1n\u00f3i S. Eustorgio&nbsp;&nbsp;<\/p>\n\n\n\n<p>Pietro da Verona kopors\u00f3ja \u2013 hogy tetszett Corremari\u00e1nak?&nbsp;&nbsp;<\/p>\n\n\n\n<p>Corremaria lak\u00e1sai \u00e9s a Lionardo-fej&nbsp;&nbsp;<\/p>\n\n\n\n<p>V. K\u00e1roly, az \u00f3mega \u00e9s az alfa&nbsp;&nbsp;<\/p>\n\n\n\n<p>levelek Cynthi\u00e1hoz&nbsp;&nbsp;<\/p>\n\n\n\n<p>a Last Minstrelhez c\u00edmzett kocsma \u00f6r\u00f6kk\u00e9val\u00f3s\u00e1ga&nbsp;&nbsp;<\/p>\n\n\n\n<p>Cynthia leveleinek kimer\u00edt\u0151 vizsg\u00e1lata elkezd\u0151dik&nbsp;&nbsp;<\/p>\n\n\n\n<p>az els\u0151 tal\u00e1lkoz\u00e1s Londonban, ny\u00e1r ut\u00e1n&nbsp;&nbsp;<\/p>\n\n\n\n<p>a tal\u00e1lkoz\u00e1sok helye, \u00fatja, kompoz\u00edci\u00f3ja, r\u00edtusa&nbsp;&nbsp;<\/p>\n\n\n\n<p>londoni fantasztikus lak\u00e1sa&nbsp;&nbsp;<\/p>\n\n\n\n<p>man\u00f6kenek k\u00f6r\u00fcl\u00f6tte&nbsp;&nbsp;<\/p>\n\n\n\n<p>Cynthia \u00e9s Vivian&nbsp;&nbsp;<\/p>\n\n\n\n<p>a lev\u00e9lelemz\u00e9s folytat\u00f3dik&nbsp;&nbsp;<\/p>\n\n\n\n<p>k\u00fclv\u00e1rosi k\u00e1v\u00e9h\u00e1z&nbsp;&nbsp;<\/p>\n\n\n\n<p>belv\u00e1rosi ny\u00e1ri d\u00e9lel\u0151tt\u00f6k&nbsp;&nbsp;<\/p>\n\n\n\n<p>legjellemz\u0151bb \u00e9s legszebb levele&nbsp;&nbsp;<\/p>\n\n\n\n<p>legnagyobb \u00f6r\u00f6met okoz\u00f3 levele&nbsp;&nbsp;<\/p>\n\n\n\n<p>egy j\u00e1t\u00e9kos lev\u00e9l, egy \u00e1lmodoz\u00f3 lev\u00e9l&nbsp;&nbsp;<\/p>\n\n\n\n<p>\u0151szi es\u0151&nbsp;&nbsp;<\/p>\n\n\n\n<p>ezek ut\u00e1n az \u00f6reg Erzs\u00e9bet leveleir\u0151l (30-40 \u00e9vvel k\u00e9s\u0151bb)&nbsp;&nbsp;<\/p>\n\n\n\n<p>Cynthia r\u00f6vid \u00e9s hi\u00e1baval\u00f3 felt\u00e1mad\u00e1sa a szak\u00edt\u00e1s ut\u00e1n&nbsp;&nbsp;<\/p>\n\n\n\n<p>a h\u00edv\u00f3 k\u00e1rtya&nbsp;&nbsp;<\/p>\n\n\n\n<p>plage-ruh\u00e1ja; egy ismeretlen ny\u00e1r&nbsp;&nbsp;<\/p>\n\n\n\n<p>besz\u00e9l, raccsol a medence mellett&nbsp;&nbsp;<\/p>\n\n\n\n<p>az es\u0151r\u0151l \u00e1radozik (illet\u0151leg \u201e\u00e1chadozik\u201d)&nbsp;&nbsp;<\/p>\n\n\n\n<p>jellemrajzi adal\u00e9kok&nbsp;&nbsp;<\/p>\n\n\n\n<p>\u00f6nelemz\u00e9si rutinja; egy Madonna-szoborr\u00f3l is besz\u00e9l&nbsp;&nbsp;<\/p>\n\n\n\n<p>k\u00f6lt\u0151i? vagy csak ideges?&nbsp;&nbsp;<\/p>\n\n\n\n<p>Viviant nem lehet b\u00edr\u00e1lni&nbsp;&nbsp;<\/p>\n\n\n\n<p>a nihil, a minden\u00fctt jelenlev\u0151&nbsp;&nbsp;<\/p>\n\n\n\n<p>olvas\u00e1s a napos, hajnali parkban: ez kell, nem a n\u0151&nbsp;&nbsp;<\/p>\n\n\n\n<p>Frances vir\u00e1gai: \u00e9letem szerkezet-ad\u00f3ja ez id\u0151ben&nbsp;&nbsp;<\/p>\n\n\n\n<p>maszlagok \u00e9s t\u00e9ved\u00e9sek a cambridge-i tan\u00e1r szem\u00e9r\u0151l&nbsp;&nbsp;<\/p>\n\n\n\n<p>lila selyem pongyola \u00e9s csoszog\u00f3 szalmapapucs&nbsp;&nbsp;<\/p>\n\n\n\n<p>a feh\u00e9r nagyest\u00e9lyi ruha&nbsp;&nbsp;<\/p>\n\n\n\n<p>kapkod\u00f3 \u00f3r\u00e1k&nbsp;&nbsp;<\/p>\n\n\n\n<p>Corremaria v\u00e1laszlevelei (kett\u0151)&nbsp;&nbsp;<\/p>\n\n\n\n<p>\u00f6r\u00f6m, \u00f6r\u00f6m: vajon mi lehet az?&nbsp;&nbsp;<\/p>\n\n\n\n<p>Cynthia ut\u00e1lata a kih\u0171lt test\u0171 cambridge-i tud\u00f3s ir\u00e1nt&nbsp;&nbsp;<\/p>\n\n\n\n<p>Cynthia okos elm\u00e9lked\u00e9sei err\u0151l a f\u00e9lszeg kapcsolatr\u00f3l&nbsp;&nbsp;<\/p>\n\n\n\n<p>Frances levele avagy az Igaz Asszony Summ\u00e1ja&nbsp;&nbsp;<\/p>\n\n\n\n<p>rohan\u00f3 k\u00e9pek, gondolatok \u00e9s eml\u00e9kek a Cynthia-\u00e9letb\u0151l&nbsp;&nbsp;<\/p>\n\n\n\n<p>a t\u00fck\u00f6r el\u0151tt, az el\u0151szob\u00e1ban&nbsp;&nbsp;<\/p>\n\n\n\n<p>reggel egy\u00fctt a kocsiban&nbsp;&nbsp;<\/p>\n\n\n\n<p>becsukott szemmel rajzol a windsori erd\u0151ben&nbsp;&nbsp;<\/p>\n\n\n\n<p>Toscanini-eml\u00e9kek&nbsp;&nbsp;<\/p>\n\n\n\n<p>az \u00e1lom val\u00f3szer\u0171s\u00e9ge&nbsp;&nbsp;<\/p>\n\n\n\n<p>s\u00e9ta Snow-Hillen&nbsp;&nbsp;<\/p>\n\n\n\n<p>az \u0151szi s\u00e9t\u00e1k&nbsp;&nbsp;<\/p>\n\n\n\n<p>minden nap ugyanaz a ritmus&nbsp;&nbsp;<\/p>\n\n\n\n<p>d\u00e9lut\u00e1n \u00e9s este&nbsp;&nbsp;<\/p>\n\n\n\n<p>hold a test\u00e9n&nbsp;&nbsp;<\/p>\n\n\n\n<p>kiskocsma&nbsp;&nbsp;<\/p>\n\n\n\n<p>politika kellene, nem szerelem&nbsp;&nbsp;<\/p>\n\n\n\n<p>kaland VIII. Henrik orvos\u00e1val&nbsp;&nbsp;<\/p>\n\n\n\n<p>k\u00ednai csend\u00e9letek&nbsp;&nbsp;<\/p>\n\n\n\n<p>mi a tud\u00e1s tud\u00e1sa? ez: minden \u00e9l, minden ismeretlen, minden sz\u00e9p \u00e9s minden muland\u00f3&nbsp;&nbsp;<\/p>\n\n\n\n<p>besz\u00e9lget\u00e9s egy f\u0171sz\u00e1llal&nbsp;&nbsp;<\/p>\n\n\n\n<p>Vivian gyermeke beteg&nbsp;&nbsp;<\/p>\n\n\n\n<p>minden este ugyanaz a sz\u0171k, velenceies belv\u00e1rosi utca&nbsp;&nbsp;<\/p>\n\n\n\n<p>pokolv\u00f6r\u00f6s keszty\u0171&nbsp;&nbsp;<\/p>\n\n\n\n<p>d\u00e9lut\u00e1n Vogue, este anat\u00f3miai atlaszok: Vivian gyermeke nagyon rosszul van&nbsp;&nbsp;<\/p>\n\n\n\n<p>egy\u00fctt&nbsp;&nbsp;<\/p>\n\n\n\n<p>Vivian \u00e9s Cynthia; a Cynthia-szerelem \u00e9s a gyermek betegs\u00e9ge: egy&nbsp;&nbsp;<\/p>\n\n\n\n<p>orvosok, k\u00f3rh\u00e1zak, patik\u00e1k&nbsp;&nbsp;<\/p>\n\n\n\n<p>gyerekm\u00faltj\u00e1r\u00f3l mes\u00e9l&nbsp;&nbsp;<\/p>\n\n\n\n<p>l\u00e1togat\u00e1s Vivian gyermek\u00e9n\u00e9l&nbsp;&nbsp;<\/p>\n\n\n\n<p>anat\u00f3miai tanulm\u00e1nyai egy fest\u0151r\u0151l&nbsp;&nbsp;<\/p>\n\n\n\n<p>Frances a szomsz\u00e9d szob\u00e1ban&nbsp;&nbsp;<\/p>\n\n\n\n<p>Cynthia \u00e1lma&nbsp;&nbsp;<\/p>\n\n\n\n<p>Cynthia rajong\u00e1sa apj\u00e1\u00e9rt (VIII. Henrik)&nbsp;&nbsp;<\/p>\n\n\n\n<p>nem festeti le mag\u00e1t: igaz? nem igaz?&nbsp;&nbsp;<\/p>\n\n\n\n<p>szab\u00e1lyos botr\u00e1ny&nbsp;&nbsp;<\/p>\n\n\n\n<p>\u00e1riatervek&nbsp;&nbsp;<\/p>\n\n\n\n<p>szak\u00edt\u00f3lev\u00e9l, Cynthia megvet\u00e9se \u00e9s ut\u00e1lata ir\u00e1nyomban&nbsp;&nbsp;<\/p>\n\n\n\n<p>k\u00e9tf\u00e9le okoss\u00e1g, levantei \u00e9s nyugati&nbsp;&nbsp;<\/p>\n\n\n\n<p>Frances \u00e9s Cynthia egy\u00fctt; Cynthia megn\u00e9mul&nbsp;&nbsp;<\/p>\n\n\n\n<p>Greco&nbsp;&nbsp;<\/p>\n\n\n\n<p>Cynthia rajzolja Drake egzotikus \u00e1llatait&nbsp;&nbsp;<\/p>\n\n\n\n<p>bar\u00e1tn\u0151j\u00e9vel a legel\u0151kel\u0151bb londoni cukr\u00e1szd\u00e1ban&nbsp;&nbsp;<\/p>\n\n\n\n<p>Cynthia rajzolja bar\u00e1tn\u0151j\u00e9t; f\u00e9lt\u00e9kenys\u00e9g&nbsp;&nbsp;<\/p>\n\n\n\n<p>az \u00f6r\u00f6k lid\u00e9rc \u00e9s eszm\u00e9ny: V. K\u00e1roly&nbsp;&nbsp;<\/p>\n\n\n\n<p>a pletyka&nbsp;&nbsp;<\/p>\n\n\n\n<p>a cambridge-i tan\u00e1r arck\u00e9pet festetett Cynthi\u00e1r\u00f3l&nbsp;&nbsp;<\/p>\n\n\n\n<p>Eur\u00f3pa alap-ellentmond\u00e1sai; mag\u00e1ny \u00e9s t\u00f6rt\u00e9nelem&nbsp;&nbsp;<\/p>\n\n\n\n<p>a nagymama-bl\u00faz \u00e9s a keszty\u0171varr\u00e1s&nbsp;&nbsp;<\/p>\n\n\n\n<p>az eg\u00e9szs\u00e9ges gyerekk\u00f3rus a cambridge-i tan\u00e1rnak s\u00f6t\u00e9t \u00e9s alaktalan gyermekkor\u00e1t juttatja esz\u00e9be&nbsp;&nbsp;<\/p>\n\n\n\n<p>hal\u00e1lt\u00e1nc&nbsp;&nbsp;<\/p>\n\n\n\n<p>Cynthia \u00e9s egy Thurz\u00f3-l\u00e1ny&nbsp;&nbsp;<\/p>\n\n\n\n<p>egyp\u00e1r pillanat az es\u0151s Londonban, k\u00e9k b\u00e1rsonyruh\u00e1ban este&nbsp;&nbsp;<\/p>\n\n\n\n<p>keleti k\u00e9pek hozz\u00e1&nbsp;&nbsp;<\/p>\n\n\n\n<p>mikor a tengeri f\u00fcrd\u0151ben j\u00e1rt&nbsp;&nbsp;<\/p>\n\n\n\n<p>Cynthia le\u00edr\u00e1sa a parti hull\u00e1mokr\u00f3l&nbsp;&nbsp;<\/p>\n\n\n\n<p>kifesti mag\u00e1t a h\u00e1ztet\u0151n&nbsp;&nbsp;<\/p>\n\n\n\n<p>m\u00e1s f\u00e9rfival lelkieskedik az elhagyott fasorban&nbsp;&nbsp;<\/p>\n\n\n\n<p>Vivian pongyol\u00e1ja&nbsp;&nbsp;<\/p>\n\n\n\n<p>egy mitikus mese hozz\u00e1&nbsp;&nbsp;<\/p>\n\n\n\n<p>mi az \u00e9sz \u00e9s mi az erk\u00f6lcs lehet\u0151 legjobb meghat\u00e1roz\u00e1sa?&nbsp;&nbsp;<\/p>\n\n\n\n<p>a j\u00f3s\u00e1g l\u00e9nyege&nbsp;&nbsp;<\/p>\n\n\n\n<p>tavaszi lehelet t\u00e9len; nyitott ablak; Cynthia mint k\u00ednai k\u00e9k hercegn\u0151&nbsp;&nbsp;<\/p>\n\n\n\n<p>No\u00e9 b\u00e1rk\u00e1ja&nbsp;&nbsp;<\/p>\n\n\n\n<p>Cynthia j\u00e1tszik Vivian kisl\u00e1ny\u00e1val&nbsp;&nbsp;<\/p>\n\n\n\n<p>Vivian keresztgyermeke meghal&nbsp;&nbsp;<\/p>\n\n\n\n<p>l\u00f3tuszig\u00e9zet \u00e9s prolet\u00e1rhal\u00e1l&nbsp;&nbsp;<\/p>\n\n\n\n<p>n\u00e9gy orvos tan\u00e1cskoz\u00e1sa&nbsp;&nbsp;<\/p>\n\n\n\n<p>Nephrolepis Exaltata&nbsp;&nbsp;<\/p>\n\n\n\n<p>mi k\u00f6z\u00f6m az intellektualizmushoz? semmi&nbsp;&nbsp;<\/p>\n\n\n\n<p>az \u00fat t\u00e9len Corremaria hegytet\u0151i eldugott vill\u00e1j\u00e1hoz&nbsp;&nbsp;<\/p>\n\n\n\n<p>egy\u00fctt Cynthi\u00e1val az elhagyott Swan Forestban&nbsp;&nbsp;<\/p>\n\n\n\n<p>sokat zen\u00e9l Cynthi\u00e1nak, ut\u00e1na elalszik&nbsp;&nbsp;<\/p>\n\n\n\n<p>szak\u00edt\u00e1sra \u00e9retten&nbsp;&nbsp;<\/p>\n\n\n\n<p>biz\u00e1nci t\u00f6rt\u00e9nelmet tan\u00edt a cambridge-i egyetemen: Ir\u00e9ne, k\u00e9prombol\u00f3k, Anacynthus&nbsp;&nbsp;<\/p>\n\n\n\n<p class=\"has-text-align-left\">amare necesse est?&nbsp;<\/p>\n","protected":false},"excerpt":{"rendered":"<p>Szentkuthy Mikl\u00f3s: Cynthia Tartalommutat\u00f3 Tartalommutat\u00f3 Keresztes J\u00e1nos (1542\u20131591)&nbsp;&nbsp; A fiatal cambridge-i tud\u00f3s, aki a Jelen\u00e9sek komment\u00e1rjait is \u00edrta (t\u00e1n Brunelleschivel akart vet\u00e9lkedni ebben?), elhat\u00e1rozza, hogy azzal \u00e1ldoz a realizmus olt\u00e1r\u00e1n, hogy meg\u00edrja klinikai pontoss\u00e1ggal a fiatal Tudor Erzs\u00e9bet (Cynthia) arck\u00e9p\u00e9t&nbsp;&nbsp; az els\u0151 figur\u00e1k Cynthia k\u00f6r\u00fcl&nbsp;&nbsp; a rajzol\u00f3kedv \u00e9s a fiatals\u00e1g&nbsp;&nbsp; Donatello D\u00e1vid-ja&nbsp;&nbsp; egy nagy zen\u00e9sz [&hellip;]<\/p>\n","protected":false},"author":4,"featured_media":0,"parent":665,"menu_order":1,"comment_status":"closed","ping_status":"closed","template":"","meta":{"footnotes":""},"categories":[3],"class_list":["post-667","page","type-page","status-publish","hentry","category-regenyek"],"_links":{"self":[{"href":"https:\/\/www.szentkuthymiklos.hu\/web\/wp-json\/wp\/v2\/pages\/667","targetHints":{"allow":["GET"]}}],"collection":[{"href":"https:\/\/www.szentkuthymiklos.hu\/web\/wp-json\/wp\/v2\/pages"}],"about":[{"href":"https:\/\/www.szentkuthymiklos.hu\/web\/wp-json\/wp\/v2\/types\/page"}],"author":[{"embeddable":true,"href":"https:\/\/www.szentkuthymiklos.hu\/web\/wp-json\/wp\/v2\/users\/4"}],"replies":[{"embeddable":true,"href":"https:\/\/www.szentkuthymiklos.hu\/web\/wp-json\/wp\/v2\/comments?post=667"}],"version-history":[{"count":1,"href":"https:\/\/www.szentkuthymiklos.hu\/web\/wp-json\/wp\/v2\/pages\/667\/revisions"}],"predecessor-version":[{"id":668,"href":"https:\/\/www.szentkuthymiklos.hu\/web\/wp-json\/wp\/v2\/pages\/667\/revisions\/668"}],"up":[{"embeddable":true,"href":"https:\/\/www.szentkuthymiklos.hu\/web\/wp-json\/wp\/v2\/pages\/665"}],"wp:attachment":[{"href":"https:\/\/www.szentkuthymiklos.hu\/web\/wp-json\/wp\/v2\/media?parent=667"}],"wp:term":[{"taxonomy":"category","embeddable":true,"href":"https:\/\/www.szentkuthymiklos.hu\/web\/wp-json\/wp\/v2\/categories?post=667"}],"curies":[{"name":"wp","href":"https:\/\/api.w.org\/{rel}","templated":true}]}}