{"id":642,"date":"2025-01-06T14:53:38","date_gmt":"2025-01-06T14:53:38","guid":{"rendered":"https:\/\/www.szentkuthymiklos.hu\/web\/?page_id=642"},"modified":"2025-01-06T14:55:39","modified_gmt":"2025-01-06T14:55:39","slug":"szeljegyzetek-casanovahoz","status":"publish","type":"page","link":"https:\/\/www.szentkuthymiklos.hu\/web\/regenyek\/szent-orpheus-breviariuma\/szeljegyzetek-casanovahoz\/szeljegyzetek-casanovahoz\/","title":{"rendered":"R\u00e9szlet"},"content":{"rendered":"\n<p class=\"has-text-align-center\">Szentkuthy Mikl\u00f3s: Sz\u00e9ljegyzetek Casanov\u00e1hoz<\/p>\n\n\n\n<p class=\"has-text-align-center\"><strong>R\u00e9szlet<\/strong><\/p>\n\n\n\n<p>95. De hogy k\u00e9t v\u00e1ratlan szerep\u00e9t, a teol\u00f3gust \u00e9s heged\u0171virtu\u00f3zt egy harmadik meglepet\u00e9ssel is koron\u00e1zza \u2013 itt Biz\u00e1ncban (\u00e9s sehol el\u0151tte \u00e9s soha k\u00e9s\u0151bb) a szerelemnek egy olyan form\u00e1j\u00e1t is v\u00e9gig\u00e9li, amilyet a k\u00e9s\u0151bbi sz\u00e1zadok \u00e9reztek csak igaz\u00e1n maguk\u00e9nak: a nosztalgikusan k\u00f6lt\u0151it, a minden \u00edz\u00e9ben \u00e1lomszer\u0171t, a N\u00e1rciszosan mag\u00e1nyosat, sz\u00f3val a legk\u00e9kebb romantik\u00e1t.<\/p>\n\n\n\n<p>Egy ny\u00e1ri \u00e9jjelen t\u00f6rt\u00e9nik ez, mikor megl\u00e1tja a h\u00e1rem s\u00f6t\u00e9t kertj\u00e9ben, egy holds\u00fct\u00f6tte tavacsk\u00e1n\u00e1l, visszaa halak, l\u00e9pcs\u0151k, hull\u00e1mok, \u00e1rnyak, lehullt levelek k\u00f6z\u00f6tt f\u00fcrd\u0151z\u0151 odaliszkokat. Gy\u00f6ny\u00f6r\u0171en van el\u0151k\u00e9sz\u00edtve ez a \u201eMondschein-Partie\u201d, ahogy \u0151 nevezi. El\u0151bb a park-labirintus valamely f\u00e9lrees\u0151 zug\u00e1ban egy lev\u00e9l pecs\u00e9tj\u00e9t t\u00f6ri fel. A pecs\u00e9t, mely piros, heraldikus, olvad\u00e9kony \u00e9s miszteri\u00f3zus egyszerre, vissza\u00f6r\u00f6k jelk\u00e9pe a szerelemnek: cs\u00f3k, r\u00edtus, titok, veget\u00e1ci\u00f3, alaktalans\u00e1g \u00e9s forma mind benne keringenek. Semmif\u00e9le m\u0171v\u00e9szet vagy vak filoz\u00f3fia nem tal\u00e1lt ki oly t\u00f6k\u00e9letes szerelem-anal\u00edzist \u00e9s szerelem-monumentaliz\u00e1l\u00e1st, mint az, aki, ahogy mondj\u00e1k, \u201ef\u00f6lfedezte a spanyolviaszkot\u201d, a p\u00e1lca gyertyal\u00e1ngon val\u00f3 gy\u00fajt\u00e1sa, az els\u0151 hab, az els\u0151 l\u00e1ng \u00e9s f\u00fcst, a t\u00f6mj\u00e9nillat, a cseppen\u00e9s, a p\u00f6rk\u00f6l\u0151d\u0151 pap\u00edr, az elken\u00e9s, a gy\u0171r\u0171, a c\u00edmer-negat\u00edv \u00e9s c\u00edmer-pozit\u00edv, a fagyott rajz, a szertecsurg\u00f3 sz\u00e9lek a rajzon k\u00edv\u00fcl: mindez m\u00edtosz, Proust \u00e9s Paracelsus egyszerre.<\/p>\n\n\n\n<p>A m\u00e1sik ilyen t\u00e1rgyprel\u00fadium a holdf\u00e9ny-strandol\u00e1s orden\u00e1r\u00e9-isteni (tautol\u00f3gia ez?) j\u00e1t\u00e9k\u00e1hoz: a z\u00f6ld zsalug\u00e1terek, melyek rik\u00edtanak a mohamed-feh\u00e9r villa falaib\u00f3l. Kit ne hozna l\u00e1zba a zsalug\u00e1terek k\u00f6nnyed fahangja,visszaa v\u00e9kony, olajfest\u00e9kszag\u00fa \u00e9s es\u0151t\u0151l-napt\u00f3l repedezett deszk\u00e1csk\u00e1k sz\u00e1raz kerepl\u00e9se, a nyikorg\u00e1s, a vaskamp\u00f3k kalimp\u00e1l\u00e1sa a falon, a bizonytalan s\u00farl\u00f3d\u00e1s, mikor keresik a kis gy\u0171r\u0171t, melybe a kamp\u00f3t bele kell akasztani \u2013 minden reggel, az \u00f6r\u00f6k nyaral\u00e1s, a csiripel\u0151 \u201evill\u00e9giature\u201d van benne egy\u00fctt. A rec\u00e9k, amelyeket t\u00e1g\u00edtani \u00e9s s\u0171r\u00edteni lehet; \u00e1llhatnak v\u00edzszintesen, \u00e9s akkor k\u00f6z\u00e9j\u00fck lehet fektetni a tenyeret (\u201evigy\u00e1zzon, tele van porral az eg\u00e9sz\u201d \u2013 \u201e\u00f3, nem baj\u201d), vagy r\u00e1simulhatnak, mint a h\u00e1ztet\u0151 cserepei, s akkor az az \u00e1tl\u00e1tsz\u00f3, h\u00edg, plein air-szag\u00fa s\u00f6t\u00e9ts\u00e9g \u00e1ll el\u0151 a hotelszob\u00e1ban, mely szebb minden \u00e9jszak\u00e1n\u00e1l; titokzatos a zsalug\u00e1ter, z\u00e1r\u00f3bb, mint a Wertheim-ajt\u00f3k, h\u00e1l\u00f3szoba-evok\u00e1l\u00f3bbak, mint b\u00e1rmi m\u00e1s \u2013 van-e zsong\u00edt\u00f3bb, mint egy francia sz\u00fcrke fal\u00fa kast\u00e9ly, melynek \u00f6sszes feh\u00e9r zsalug\u00e1terei csukva vannak? Ez a titkok titka. Nincs-e benne az eg\u00e9sz p\u00e1sztorkod\u00f3 j\u00e1t\u00e9k, szalon \u00e9s falusi h\u00e1z tal\u00e1lkoz\u00e1sa, s az \u00e1rny\u00e9ka falra rajzolt fekete-feh\u00e9r zebracs\u00edkjaiban az egyetlen sz\u00e9p tap\u00e9ta \u00e9s sz\u00f6vetminta, mely meg\u00e9rdemli ezt a nevet?<\/p>\n","protected":false},"excerpt":{"rendered":"<p>Szentkuthy Mikl\u00f3s: Sz\u00e9ljegyzetek Casanov\u00e1hoz R\u00e9szlet 95. De hogy k\u00e9t v\u00e1ratlan szerep\u00e9t, a teol\u00f3gust \u00e9s heged\u0171virtu\u00f3zt egy harmadik meglepet\u00e9ssel is koron\u00e1zza \u2013 itt Biz\u00e1ncban (\u00e9s sehol el\u0151tte \u00e9s soha k\u00e9s\u0151bb) a szerelemnek egy olyan form\u00e1j\u00e1t is v\u00e9gig\u00e9li, amilyet a k\u00e9s\u0151bbi sz\u00e1zadok \u00e9reztek csak igaz\u00e1n maguk\u00e9nak: a nosztalgikusan k\u00f6lt\u0151it, a minden \u00edz\u00e9ben \u00e1lomszer\u0171t, a N\u00e1rciszosan mag\u00e1nyosat, sz\u00f3val [&hellip;]<\/p>\n","protected":false},"author":4,"featured_media":0,"parent":561,"menu_order":2,"comment_status":"closed","ping_status":"closed","template":"","meta":{"footnotes":""},"categories":[3],"class_list":["post-642","page","type-page","status-publish","hentry","category-regenyek"],"_links":{"self":[{"href":"https:\/\/www.szentkuthymiklos.hu\/web\/wp-json\/wp\/v2\/pages\/642","targetHints":{"allow":["GET"]}}],"collection":[{"href":"https:\/\/www.szentkuthymiklos.hu\/web\/wp-json\/wp\/v2\/pages"}],"about":[{"href":"https:\/\/www.szentkuthymiklos.hu\/web\/wp-json\/wp\/v2\/types\/page"}],"author":[{"embeddable":true,"href":"https:\/\/www.szentkuthymiklos.hu\/web\/wp-json\/wp\/v2\/users\/4"}],"replies":[{"embeddable":true,"href":"https:\/\/www.szentkuthymiklos.hu\/web\/wp-json\/wp\/v2\/comments?post=642"}],"version-history":[{"count":2,"href":"https:\/\/www.szentkuthymiklos.hu\/web\/wp-json\/wp\/v2\/pages\/642\/revisions"}],"predecessor-version":[{"id":645,"href":"https:\/\/www.szentkuthymiklos.hu\/web\/wp-json\/wp\/v2\/pages\/642\/revisions\/645"}],"up":[{"embeddable":true,"href":"https:\/\/www.szentkuthymiklos.hu\/web\/wp-json\/wp\/v2\/pages\/561"}],"wp:attachment":[{"href":"https:\/\/www.szentkuthymiklos.hu\/web\/wp-json\/wp\/v2\/media?parent=642"}],"wp:term":[{"taxonomy":"category","embeddable":true,"href":"https:\/\/www.szentkuthymiklos.hu\/web\/wp-json\/wp\/v2\/categories?post=642"}],"curies":[{"name":"wp","href":"https:\/\/api.w.org\/{rel}","templated":true}]}}