{"id":532,"date":"2024-11-19T18:16:35","date_gmt":"2024-11-19T18:16:35","guid":{"rendered":"https:\/\/www.szentkuthymiklos.hu\/web\/?page_id=532"},"modified":"2024-11-19T18:18:42","modified_gmt":"2024-11-19T18:18:42","slug":"dedikaciok-cisszinek","status":"publish","type":"page","link":"https:\/\/www.szentkuthymiklos.hu\/web\/esszek-tanulmanyok-muforditasok-levelezes\/orok-kozelseg-ezer-emlek\/dedikaciok-cisszinek\/","title":{"rendered":"Dedik\u00e1ci\u00f3k Cisszinek"},"content":{"rendered":"\n<p class=\"has-text-align-center\">\u00d6r\u00f6k k\u00f6zels\u00e9g, ezer eml\u00e9k &#8211; Szentkuthy Mikl\u00f3s v\u00e1logatott dedik\u00e1ci\u00f3i<\/p>\n\n\n\n<p class=\"has-text-align-center\">A k\u00f6tetb\u0151l kimaradt dedik\u00e1ci\u00f3k.<\/p>\n\n\n\n<p class=\"has-text-align-center\"><strong>Dedik\u00e1ci\u00f3k Cisszinek<\/strong><\/p>\n\n\n\n<p>T\u00e1virat<\/p>\n\n\n\n<p><strong>1980.<\/strong> X. 29.<\/p>\n\n\n\n<p>Dr\u00e1ga, j\u00f3 Cisszi, mikor a maga \u00e9s az \u00e9n testv\u00e9rem ell\u00e1togat hozz\u00e1m, hogy \u00e9let\u00e9b\u0151l \u00e9letet \u00e9s szellem\u00e9b\u0151l szellemet adjon nekem, akkor mindig \u00e9s mindig Maga is, \u00e9des Cisszi ell\u00e1togat hozz\u00e1nk vir\u00e1gaival, gy\u00fcm\u00f6lcsivel, lombokkal \u00e9s f\u0171szerekkel, paradicsomkerttel \u00e9s konyhakerttel stop. \u00cdgy h\u00e1t napr\u00f3l napra forr\u00f3 h\u00e1l\u00e1val \u00e9s \u00e1ld\u00e1ssal k\u00f6sz\u00f6ntj\u00fck mag\u00e1t stop. Ezek a h\u00e1l\u00e1k nem muland\u00f3k, ez\u00e9rt h\u00e1t n\u00e9vnapj\u00e1n mindet \u00f6ssze tudom gy\u0171jteni, \u00e9s \u00f3ri\u00e1si aranykazalban kertje sark\u00e1ban rakni.<\/p>\n\n\n\n<p>Mikl\u00f3s \u00e9s Dolly<\/p>\n\n\n\n<p>Lev\u00e9l<\/p>\n\n\n\n<p><strong>1981.<\/strong> I. 25.&nbsp;<\/p>\n\n\n\n<p>Dr\u00e1ga, j\u00f3 Cisszi!<\/p>\n\n\n\n<p>Tal\u00e1n-tal\u00e1n nagytal\u00e1n m\u00e9g eml\u00e9kszik r\u00e1: azt mondtam Mag\u00e1nak, hogy lelkemet-testemet ugyan bet\u00f6lti Marink ,,F\u00f6ldk\u00f6zi-tengere\u201d, de: van! van! van! benne egy gy\u00f6ny\u00f6r\u0171 sziget \u00e9s budo\u00e1r, amely csakis Cisszi\u00e9 -, odah\u00edvom most Mag\u00e1t, ott \u00fcnnepelj\u00fck arany \u2013 nagyon, ez\u00fcst \u2013 agyon mag\u00e1t, &#8211; az \u00e9n legkedvesebb Bar\u00e1tom \u00e9s Mari-\u00e9lm\u00e9nyem jogi v\u00e9dn\u00f6ke: <em>Oszi <\/em>a h\u00e1zigazd\u00e1nk, \u00edgy h\u00e1t v\u00e9gleg biztos, hogy mediterr\u00e1n M\u00e1ri\u00e1nk <em>CISSZI<\/em>-nev\u0171 isola bell\u00e1j\u00e1n remek\u00fcl fogjuk \u00e9rezni magunkat! Isten \u00e1ldja! *Mikl\u00f3s*&nbsp;<\/p>\n\n\n\n<p><strong>1982.<\/strong> X. 29. t\u00e1virat<\/p>\n\n\n\n<p>\u00c9des j\u00f3 Cisszi, mivel \u00fcnnepnapjaira mindig a legszebbet akarom k\u00fcldeni Mag\u00e1nak, csak saj\u00e1t mag\u00e1t k\u00fcldhetem, stop, most azt a sok ragyog\u00f3 \u00f6sszetev\u0151b\u0151l \u00e1ll\u00f3 lelkesed\u00e9s\u00e9t, mellyel Mari it\u00e1liai f\u00e9nyk\u00e9peit n\u00e9zte stop. Isten tartsa meg sok\u00e1ig Oszk\u00e1rral egyetemben ebben az \u00e1llapot\u00e1ban. Mikl\u00f3s<\/p>\n\n\n\n<p><strong>1983.<\/strong> VII. 22.<\/p>\n\n\n\n<p>\u00c9des, j\u00f3 szeretteim -, nem \u201eWilde\u201d hanem Milde <em>Oszk\u00e1rom<\/em> \u00e9s N\u00e1rcissz\u00e1nk, &#8211; dehogy dedik\u00e1lok Nektek V\u00e9rszeg\u00e9ny Szam\u00e1rs\u00e1gokat (=ORPH. IV. K.),- dedik\u00e1lja nagy uras\u00e1godnak \u00e9s Sz\u00edve H\u00f6lgy\u00e9nek Vergilius az \u0151 \u201eGeorgic\u00e1\u201d-j\u00e1t = Ez m\u00e9lt\u00f3 a te gy\u00fcm\u00f6lcs\u00f6s, babos, f\u0171szeres, mindenes, benedek-rendi szent szorgalommal m\u0171velt \u2013 mini maxi paradicsomotokhoz, &#8211; ezen a h\u0171s\u00e9get esk\u00fcv\u0151 h\u0171b\u00e9res c\u00e9dul\u00e1n ,,csak\u201d \u00fajra \u00e9s \u00fajra forr\u00f3 \u00f6lel\u00e9semet, vall\u00e1sos \u00e9s szerelem-szint\u0171 h\u00e1l\u00e1mat k\u00fcld\u00f6m sz\u00e1ml\u00e1lhatatlan j\u00f3s\u00e1gtok\u00e9rt, aj\u00e1nd\u00e9kaitok\u00e9rt, Mari-szint\u0171 kedvess\u00e9gtek\u00e9rt,- olyan j\u00f3: kurta sorokban szilaj igazs\u00e1gokat v\u00e9sni!<\/p>\n\n\n\n<p>CS\u00d3K: MIKL\u00d3ST\u00d3L<\/p>\n\n\n\n<p><strong>1984.<\/strong> III. 9.<\/p>\n\n\n\n<p><em>CISSZINEK,<\/em><\/p>\n\n\n\n<p>akivel <em>p\u00e1ratlanul<\/em> j\u00f3l tud kacagni Mari \u00e9s Mikl\u00f3s \u2013 ez a <em>humo<\/em>r: intellektus, szeretet, b\u00f6lcsess\u00e9g, kamasz-l\u00e1nys\u00e1g leg\u00e9desebb h\u00f3vir\u00e1ga, &#8211; boldog <em>OSZI<\/em>, ez\u00e1ltal n\u00e1la mindig ilyen t\u00e1ncos tavasz van! Cs\u00f3k: Sz. Mikl\u00f3s<\/p>\n\n\n\n<p><strong>1984.<\/strong> X. 29. *<\/p>\n\n\n\n<p>Dr\u00e1ga j\u00f3 <em>Cisszi<\/em>!<\/p>\n\n\n\n<p>Eg\u00e9sz csal\u00e1dj\u00e1nak, de most itten Mari, Dolly, Mikl\u00f3s Cisszije, N\u00e1rcissz\u00e1ja, &#8211; persze, hogy a tavasz legszebb feh\u00e9r vir\u00e1g\u00e1ra gondolunk: <em>fontos <\/em>\u00e9lete <em>mindenben<\/em> legyen tov\u00e1bbra is ilyen!&nbsp;<\/p>\n\n\n\n<p>Persze, hogy a hitrege Nrcissu\u00e1ra gondolunk, <em>nem<\/em> balga \u00f6nszeretet\u00e9re, hanem ami err\u0151l \u00e1tt\u00e9tellel jut esz\u00fcnkbe: a Maga gondolkoz\u00e1s\u00e1nak, \u00e9rz\u00e9svil\u00e1g\u00e1nak, mor\u00e1lj\u00e1nak legimpoz\u00e1nsabb \u00f6n\u00e1ll\u00f3s\u00e1ga &#8211;&nbsp; mutasson ezzel tov\u00e1bbra is \u00e9des \u00e9s ihlet\u0151 \u00e9s er\u0151s\u00edt\u0151 p\u00e9ld\u00e1t nek\u00fcnk!<\/p>\n\n\n\n<p>Persze, hogy Szent N\u00e1rcisz p\u00fcsp\u00f6kre is gondolunk: ,,p\u00fcsp\u00f6ki m\u00e9lt\u00f3s\u00e1g\u00e1t er\u0151s k\u00e9zzel viselte hal\u00e1l\u00e1ig, mely 116 \u00e9ves kor\u00e1ban k\u00f6vetkezett be.\u201d \u2013&nbsp;<\/p>\n\n\n\n<p>dr\u00e1ga Cisszi, <em>el\u0151sz\u00f6ris,<\/em> m\u00e9g magasabb \u00e9letkort k\u00edv\u00e1nunk, \u00e9s: ,,er\u0151s kezet\u201d \u00e9pp \u00fagy <em>ne<\/em> vegye le r\u00f3lunk, ahogy gy\u00f6ny\u00f6r\u0171 kertj\u00e9nek ezer vir\u00e1g\u00e1r\u00f3l \u00e9s gy\u00fcm\u00f6lcs\u00e9r\u0151l nem veszi le, \u00e9s <em>akkor<\/em>: Mari, Dolly, Mikl\u00f3s \u00e9pp olyan sz\u00fcreti mulats\u00e1g lesz egyetlen Cisszinknek, mintha Simonyiba \u00fcltettek volna! Cs\u00f3k! Oszinak is!<\/p>\n\n\n\n<p>M.<\/p>\n\n\n\n<p>D.<\/p>\n\n\n\n<p>M.<\/p>\n\n\n\n<p>*<\/p>\n\n\n\n<p><strong>1985.<\/strong> I. 25.<\/p>\n\n\n\n<p>\u00c9des, j\u00f3 Cisszike!<\/p>\n\n\n\n<p>L\u00e1zas izgalomban olvastam E\u00fcripedes ,,Hel\u00e9n\u00e1\u201d-j\u00e1t&nbsp; &#8211; <em>Kit\u0151l<\/em> kaptam? <em>Cisszik\u00e9t\u0151l!<\/em>&nbsp;<\/p>\n\n\n\n<p>Tartal\u00e9k \u00e9s p\u00f3t ,,l\u00e1zakkal\u201d n\u00e9ztem nagy\u00edt\u00f3 \u00fcveggel a bibliai metszeteket (Sz\u00e9pm\u0171v\u00e9szeti M\u00fazeum) \u2013 <em>Kit\u0151<\/em>l kaptam? <em>Cisszik\u00e9t\u0151l!<\/em><\/p>\n\n\n\n<p>Mari pomp\u00e1zik a ,,p\u00e1va\u201d-pongyol\u00e1ban &#8211; <em>Kit\u0151<\/em>l kapta? <em>Cisszik\u00e9t\u0151l!<\/em><\/p>\n\n\n\n<p>H\u00e1t \u2013 hely\u00e9be, h\u00e1t- \u00fcnnepre \u00e9n mit adjak?<\/p>\n\n\n\n<p>Hogy: <em>CISSZI <\/em>m\u0171v\u00e9szetben, szeretetben, szerelemben, theol\u00f3gi\u00e1j\u00e1ban, gy\u00fcm\u00f6lcs\u00f6skert\u00e9jen, eg\u00e9szs\u00e9g\u00e9ben, Gratia Plena <em>&nbsp;Etceter\u00e1j\u00e1ban<\/em> olyan boldog, mint Mari, Dolly, Mikl\u00f3s a Maga Pazar \u00e9s legihlet\u0151bb aj\u00e1nd\u00e9kait\u00f3l.<\/p>\n\n\n\n<p>M.<\/p>\n\n\n\n<p><strong>1985.<\/strong> VI. 18.<\/p>\n\n\n\n<p>*<em>Cisszinek, Oszinak,&nbsp;<\/em><\/p>\n\n\n\n<p>\u00c9desapa sz\u00fclet\u00e9snapj\u00e1n, aperitif-k\u00e9nt, egy kis gyomor-keser\u0171t k\u00fcld\u00f6k (noha <em>biztosan <\/em>NEM ,,unicum\u201d\u2026) \u2013 de ha sz\u00edvetekbe, fejetekbe sz\u00f6kik, tal\u00e1n m\u00e9g meg is \u00e9desedik.<\/p>\n\n\n\n<p>MIKL\u00d3S *<\/p>\n\n\n\n<p><strong>1986.<\/strong> I. 25.<\/p>\n\n\n\n<p>* Dr\u00e1ga, j\u00f3 <em>CISSZI<\/em>!<\/p>\n\n\n\n<p>Ez csak aff\u00e9le ,,b\u00f6jt\u00f6s\u201d k\u00e1rtya \u00e9des-sz\u00e9p, \u00fcnnepi, \u00fcnnep sz\u00fclet\u00e9snapj\u00e1ra, amennyiben minden \u2013 sz\u00e9p aj\u00e1nd\u00e9kot szerettem volna k\u00fcldeni, de Marival val\u00f3 b\u00f6lcs (\u00e9s legszeret\u0151bb!) tanakod\u00e1saink ,,eredm\u00e9nye\u201d az vala, hogy <em>nem<\/em> tudt\u00e1k, mit is szeretne t\u0151lem legjobban? Vagy hogy legszer\u00e9nyebb m\u0171vecsk\u00e9imb\u0151l (ha m\u00e1r a B\u0151s\u00e9g Szaruja sok filozof\u00e1l\u00e1s ut\u00e1n \u2013 medd\u0151 l\u0151n\u2026) Mi van, mi nincs meg Cisszinek. Egy biztos \u2013 <em>sz\u00edvem<\/em> megvan m\u00e1r Mag\u00e1nak, &#8211; EZT = nem sz\u00e9gyellem repet\u00e1lni!<\/p>\n\n\n\n<p>MIKL\u00d3S *<\/p>\n\n\n\n<p><strong>1987.<\/strong> III. 25.<\/p>\n\n\n\n<p>Gy\u00fcm\u00f6lcsolt\u00f3 Boldogasszony napj\u00e1n k\u00fcl\u00f6n\u00f6sk\u00e9pen gondolok <em>CISSZI<\/em>-re, f\u00fcvek, vir\u00e1gok, gy\u00fcm\u00f6lcs\u00f6k, tud\u00f3s testv\u00e9r\u00e9re.<\/p>\n\n\n\n<p>Oltogasson <em>boldogan <\/em>tov\u00e1bb! (Tal\u00e1n az \u00c9let F\u00e1j\u00e1nak nem legifjabb \u00e1g\u00e1t is= MIKL\u00d3ST \u2026.)<\/p>\n\n\n\n<p>K\u00f6nyvjelz\u0151n<\/p>\n\n\n\n<p><strong>1987.<\/strong> VII. 22.<\/p>\n\n\n\n<p>\u00c9de, j\u00f3 <em>Oszi<\/em>!= a k<em>\u00f6nyvjelz\u0151<\/em> JELZ\u00c9SE boldog evidencia = bar\u00e1ts\u00e1g, duett, testv\u00e9ris\u00e9g, szellemi rokons\u00e1g, ny\u00e1ri \u00f6r\u00f6k kacag\u00e1s<\/p>\n\n\n\n<p>MIKL\u00d3S<\/p>\n\n\n\n<p><strong>1988.<\/strong> V. 13=<\/p>\n\n\n\n<p>\u00c9des, j\u00f3 <em>CISSZI<\/em>, ezen a napon hozta legszebb vir\u00e1gokkal, legszebb Saj\u00e1t Mag\u00e1val ezt a \u201eMari-Mik\u201d <em>k\u00f6z\u00f6s <\/em>m\u0171vet, \u00e9s <em>FRIHI-<\/em>t, mellyen Maga is oly sokat dolgozott! H\u00e1la, h\u00e1la az \u00e9n dr\u00e1ga <em>OSZK\u00c1R <\/em>Bar\u00e1tomnak, hogy ezt royal-loyal m\u00f3don lehet\u0151v\u00e9 tette. V\u00e1rom a csal\u00e1d \u00fajra-\u00f6lel\u00e9s\u00e9nek d\u00e1tum\u00e1t!<\/p>\n\n\n\n<p>CS\u00d3K M.<\/p>\n\n\n\n<p><strong>1988. <\/strong>IV. 29.<\/p>\n\n\n\n<p>*Dr\u00e1ga Cisszi! A maga b\u00e1jos test\u00e9rk\u00e9je legb\u00e1josabb modorainak egyik\u00e9ben idel\u00f6kte nekem ezt a f\u00fczetet &#8211; ,,dedik\u00e1ld!!!\u201d* Eff\u00e9le sinai-hegyi, mennyei parancsokra term\u00e9szetesen nekem <em>semmi <\/em>sz\u00fcks\u00e9gem -, egy\u00e9bk\u00e9nt is, magamt\u00f3l is viszont nem tudok m\u00e1s dedik\u00e1ci\u00f3t \u00edrni, mint hogy reggel \u00bd 11 \u00f3ra van, \u00e9s nem tudok m\u00e1sra gondolni, mint hogy: Mikor! Mikor! Mikor j\u00f6n m\u00e1r ide, hogy Maga, Leg\u00e9l\u0151bb Gy\u00f3gyn\u00f6v\u00e9nye h\u0171s\u00e9ges sz\u00edvemnek, &#8211; sweet reason t\u00e1rsalg\u00e1s\u00e1val a tavasznak m\u00e9g \u201eAdonis Vernali\u201d jelleg\u0171bb tartalmat adjon. Teh\u00e1t? V\u00c1ROK\u2026<\/p>\n\n\n\n<p>Mikl\u00f3s *<\/p>\n","protected":false},"excerpt":{"rendered":"<p>\u00d6r\u00f6k k\u00f6zels\u00e9g, ezer eml\u00e9k &#8211; Szentkuthy Mikl\u00f3s v\u00e1logatott dedik\u00e1ci\u00f3i A k\u00f6tetb\u0151l kimaradt dedik\u00e1ci\u00f3k. Dedik\u00e1ci\u00f3k Cisszinek T\u00e1virat 1980. X. 29. Dr\u00e1ga, j\u00f3 Cisszi, mikor a maga \u00e9s az \u00e9n testv\u00e9rem ell\u00e1togat hozz\u00e1m, hogy \u00e9let\u00e9b\u0151l \u00e9letet \u00e9s szellem\u00e9b\u0151l szellemet adjon nekem, akkor mindig \u00e9s mindig Maga is, \u00e9des Cisszi ell\u00e1togat hozz\u00e1nk vir\u00e1gaival, gy\u00fcm\u00f6lcsivel, lombokkal \u00e9s f\u0171szerekkel, paradicsomkerttel [&hellip;]<\/p>\n","protected":false},"author":4,"featured_media":0,"parent":153,"menu_order":2,"comment_status":"closed","ping_status":"closed","template":"","meta":{"footnotes":""},"categories":[6],"class_list":["post-532","page","type-page","status-publish","hentry","category-esszek"],"_links":{"self":[{"href":"https:\/\/www.szentkuthymiklos.hu\/web\/wp-json\/wp\/v2\/pages\/532","targetHints":{"allow":["GET"]}}],"collection":[{"href":"https:\/\/www.szentkuthymiklos.hu\/web\/wp-json\/wp\/v2\/pages"}],"about":[{"href":"https:\/\/www.szentkuthymiklos.hu\/web\/wp-json\/wp\/v2\/types\/page"}],"author":[{"embeddable":true,"href":"https:\/\/www.szentkuthymiklos.hu\/web\/wp-json\/wp\/v2\/users\/4"}],"replies":[{"embeddable":true,"href":"https:\/\/www.szentkuthymiklos.hu\/web\/wp-json\/wp\/v2\/comments?post=532"}],"version-history":[{"count":1,"href":"https:\/\/www.szentkuthymiklos.hu\/web\/wp-json\/wp\/v2\/pages\/532\/revisions"}],"predecessor-version":[{"id":533,"href":"https:\/\/www.szentkuthymiklos.hu\/web\/wp-json\/wp\/v2\/pages\/532\/revisions\/533"}],"up":[{"embeddable":true,"href":"https:\/\/www.szentkuthymiklos.hu\/web\/wp-json\/wp\/v2\/pages\/153"}],"wp:attachment":[{"href":"https:\/\/www.szentkuthymiklos.hu\/web\/wp-json\/wp\/v2\/media?parent=532"}],"wp:term":[{"taxonomy":"category","embeddable":true,"href":"https:\/\/www.szentkuthymiklos.hu\/web\/wp-json\/wp\/v2\/categories?post=532"}],"curies":[{"name":"wp","href":"https:\/\/api.w.org\/{rel}","templated":true}]}}