{"id":525,"date":"2024-11-19T17:28:45","date_gmt":"2024-11-19T17:28:45","guid":{"rendered":"https:\/\/www.szentkuthymiklos.hu\/web\/?page_id=525"},"modified":"2024-11-19T17:28:45","modified_gmt":"2024-11-19T17:28:45","slug":"tartalom","status":"publish","type":"page","link":"https:\/\/www.szentkuthymiklos.hu\/web\/esszek-tanulmanyok-muforditasok-levelezes\/varazskert\/tartalom\/","title":{"rendered":"Tartalom"},"content":{"rendered":"\n<p class=\"has-text-align-center\">Szentkuthy Mikl\u00f3s: Var\u00e1zskert &#8211; Tanulm\u00e1nyok, essz\u00e9k, el\u0151ad\u00e1sok<\/p>\n\n\n\n<p class=\"has-text-align-center\"><em>Pet\u0151fi Irodalmi M\u00fazeum, 2012<\/em><\/p>\n\n\n\n<p><\/p>\n\n\n\n<p><strong>Tartalom<\/strong><\/p>\n\n\n\n<p>Bevezet\u0151 7<\/p>\n\n\n\n<p>Konszolid\u00e1lt anarchia (1930)<\/p>\n\n\n\n<p>Aldous Huxley: Do what you will. Essays. Chatto and Windus 11<\/p>\n\n\n\n<p>Az angol l\u00edra (1936) 17<\/p>\n\n\n\n<p>Ben Jonson (1937) 23<\/p>\n\n\n\n<p>Az \u00fajabb magyar filoz\u00f3fia m\u00e9rlege (1941-42) 29<\/p>\n\n\n\n<p>Bertrand Russell (1944) 43<\/p>\n\n\n\n<p>Csoda \u00e9s j\u00e1t\u00e9koss\u00e1g az angol irodalomban (1946) 49<\/p>\n\n\n\n<p>Aldons Huxley: Mona Lisa mosolya (1946) 56<\/p>\n\n\n\n<p>Femina (1946)<\/p>\n\n\n\n<p>A \u201eFemina&#8221; c\u00edm\u0171 p\u00e1rizsi divatlap 1946. tavaszi k\u00fcl\u00f6nsz\u00e1m\u00e1nak<\/p>\n\n\n\n<p>ismertet\u00e9se 59<\/p>\n\n\n\n<p>Pet\u0151fi napjai &#8211; \u201eEgy gondolat b\u00e1nt engemet..(1946) 63<\/p>\n\n\n\n<p>Alvil\u00e1gi j\u00e1t\u00e9kok (1946)<\/p>\n\n\n\n<p>D\u00e9ry Tibor novell\u00e1sk\u00f6tete 67<\/p>\n\n\n\n<p>A t\u00edz\u00e9ves Mikes Kelemen Akad\u00e9mia (1946) 69<\/p>\n\n\n\n<p>Thomas Mann: Kir\u00e1ly Fens\u00e9g (K\u00f6nigliche Hoheit) (1947) 7S<\/p>\n\n\n\n<p>XVIII. sz\u00e1zadi pillanatok (1947) 78<\/p>\n\n\n\n<p>\u00edr\u00f3kr\u00f3l olvas\u00f3knak (1947)<\/p>\n\n\n\n<p>Szentkuthy Mikl\u00f3s \u00e9s \u00d6rk\u00e9ny Istv\u00e1n besz\u00e9lget\u00e9se E\u00f6tv\u00f6s J\u00f3zsefr\u0151l 81<\/p>\n\n\n\n<p>A. Leslie Morton: Az angol n\u00e9p t\u00f6rt\u00e9nete (1947) 89<\/p>\n\n\n\n<p>A j\u00f3zans\u00e1g dics\u00e9rete (1947)<\/p>\n\n\n\n<p>Somerset Maugham: Summing Up 92<\/p>\n\n\n\n<p>Lear, az \u0151r\u00fck pipacs (1947) 95<\/p>\n\n\n\n<p>Kuthy Lajos (1948) 113<\/p>\n\n\n\n<p>Chartres szobrai (1948) 117<\/p>\n\n\n\n<p>Napl\u00f3jegyzetek<\/p>\n\n\n\n<p>1956. okt\u00f3ber-november 122<\/p>\n\n\n\n<p>Frank Frigyes fest\u0151m\u0171v\u00e9sz ki\u00e1ll\u00edt\u00e1sa (1958) 127<\/p>\n\n\n\n<p>A legnagyobb dics\u0151s\u00e9g (1963)<\/p>\n\n\n\n<p>Ters\u00e1nszky J\u00f3zsi Jen\u0151 sz\u00fclet\u00e9snapi k\u00f6sz\u00f6nt\u00e9se 130<\/p>\n\n\n\n<p>Vajda J\u00falia hal\u00e1l\u00e1ra (1982) 132<\/p>\n\n\n\n<p>El\u0151ad\u00e1s James Joyce-r\u00f3l (1983) 134<\/p>\n\n\n\n<p>Gondolatok a k\u00e9pt\u00e1rban (1984)<\/p>\n\n\n\n<p>Veter\u00e1n mag\u00e1ntanul\u00f3 elm\u00e9lked\u00e9sei \u00e9s t\u00f6rt\u00e9nelmi capricci\u00f3i<\/p>\n\n\n\n<p>az Eur\u00f3pai Iskola utols\u00f3 padj\u00e1ban 148<\/p>\n\n\n\n<p>A m\u00f3kus \u00e9s a Hal\u00e1l Angyala (1984)<\/p>\n\n\n\n<p>Radn\u00f3ti Mikl\u00f3s hal\u00e1l\u00e1nak 40. \u00e9vfordul\u00f3j\u00e1ra 171<\/p>\n\n\n\n<p>Sorsford\u00edt\u00f3 lelkigyakorlatt\u00f3l v\u00e9gki\u00e1rus\u00edt\u00e1sig (1985)<\/p>\n\n\n\n<p>Kosztol\u00e1nyi Dezs\u0151 sz\u00fclet\u00e9s\u00e9nek 100. \u00e9vfordul\u00f3j\u00e1ra 182<\/p>\n\n\n\n<p>Ek\u0171nt k\u00e1v\u00e9h\u00e1zak nyom\u00e1ban (1986) 204<\/p>\n\n\n\n<p>A var\u00e1zskert (1986) 212<\/p>\n\n\n\n<p>Remete Szent \u00c1rp\u00e1d st\u00e1ci\u00f3i (1986)<\/p>\n\n\n\n<p>Egy Via Dolorosa erk\u00f6lcs- \u00e9s k\u00f6lt\u00e9szettana 218<\/p>\n\n\n\n<p>Wagner (1988) 239<\/p>\n\n\n\n<p>F\u00fcggel\u00e9k<\/p>\n\n\n\n<p>Ank\u00e9t a Magyar Csillag foly\u00f3iratr\u00f3l 245<\/p>\n\n\n\n<p>Ker\u00e9nyi-\u00fcgyben 247<\/p>\n\n\n\n<p>Szentkuthy Lear-el\u0151ad\u00e1sa 248<\/p>\n\n\n\n<p>Szentkuthy-el\u0151ad\u00e1sok jegyz\u00e9ke 250<\/p>\n\n\n\n<p>Jegyzetek, 1956. okt\u00f3ber-november 251<\/p>\n\n\n\n<p>Mell\u00e9kletek 254<\/p>\n\n\n\n<p>Szentkuthy Mikl\u00f3s m\u0171vei 269<\/p>\n","protected":false},"excerpt":{"rendered":"<p>Szentkuthy Mikl\u00f3s: Var\u00e1zskert &#8211; Tanulm\u00e1nyok, essz\u00e9k, el\u0151ad\u00e1sok Pet\u0151fi Irodalmi M\u00fazeum, 2012 Tartalom Bevezet\u0151 7 Konszolid\u00e1lt anarchia (1930) Aldous Huxley: Do what you will. Essays. Chatto and Windus 11 Az angol l\u00edra (1936) 17 Ben Jonson (1937) 23 Az \u00fajabb magyar filoz\u00f3fia m\u00e9rlege (1941-42) 29 Bertrand Russell (1944) 43 Csoda \u00e9s j\u00e1t\u00e9koss\u00e1g az angol irodalomban (1946) [&hellip;]<\/p>\n","protected":false},"author":4,"featured_media":0,"parent":523,"menu_order":1,"comment_status":"closed","ping_status":"closed","template":"","meta":{"footnotes":""},"categories":[6],"class_list":["post-525","page","type-page","status-publish","hentry","category-esszek"],"_links":{"self":[{"href":"https:\/\/www.szentkuthymiklos.hu\/web\/wp-json\/wp\/v2\/pages\/525","targetHints":{"allow":["GET"]}}],"collection":[{"href":"https:\/\/www.szentkuthymiklos.hu\/web\/wp-json\/wp\/v2\/pages"}],"about":[{"href":"https:\/\/www.szentkuthymiklos.hu\/web\/wp-json\/wp\/v2\/types\/page"}],"author":[{"embeddable":true,"href":"https:\/\/www.szentkuthymiklos.hu\/web\/wp-json\/wp\/v2\/users\/4"}],"replies":[{"embeddable":true,"href":"https:\/\/www.szentkuthymiklos.hu\/web\/wp-json\/wp\/v2\/comments?post=525"}],"version-history":[{"count":1,"href":"https:\/\/www.szentkuthymiklos.hu\/web\/wp-json\/wp\/v2\/pages\/525\/revisions"}],"predecessor-version":[{"id":526,"href":"https:\/\/www.szentkuthymiklos.hu\/web\/wp-json\/wp\/v2\/pages\/525\/revisions\/526"}],"up":[{"embeddable":true,"href":"https:\/\/www.szentkuthymiklos.hu\/web\/wp-json\/wp\/v2\/pages\/523"}],"wp:attachment":[{"href":"https:\/\/www.szentkuthymiklos.hu\/web\/wp-json\/wp\/v2\/media?parent=525"}],"wp:term":[{"taxonomy":"category","embeddable":true,"href":"https:\/\/www.szentkuthymiklos.hu\/web\/wp-json\/wp\/v2\/categories?post=525"}],"curies":[{"name":"wp","href":"https:\/\/api.w.org\/{rel}","templated":true}]}}