{"id":412,"date":"2020-10-31T11:27:34","date_gmt":"2020-10-31T11:27:34","guid":{"rendered":"https:\/\/www.szentkuthymiklos.hu\/web\/?page_id=412"},"modified":"2020-11-03T10:11:15","modified_gmt":"2020-11-03T10:11:15","slug":"archive-et-bibliotheque","status":"publish","type":"page","link":"https:\/\/www.szentkuthymiklos.hu\/web\/fr\/fondation\/archive-et-bibliotheque\/","title":{"rendered":"Archive et Biblioth\u00e8que"},"content":{"rendered":"\n<p>Parragi M\u00e1rta (Pet\u0151fi Irodalmi M\u00fazeum)<\/p>\n\n\n\n<p>SZENTKUTHY MIKL\u00d3S K\u00d6NYVT\u00c1R\u00c1R\u00d3L<\/p>\n\n\n\n<p>A 20. sz\u00e1zadi magyar \u00edr\u00f3k k\u00f6zt nem Szentkuthy Mikl\u00f3s az egyetlen, aki h\u00edres k\u00f6nyvszeretet\u00e9r\u0151l, nagy k\u00f6nyvgy\u0171jtem\u00e9ny\u00e9r\u0151l, kort\u00e1rsai k\u00f6z\u00fcl Cs. Szab\u00f3 L\u00e1szl\u00f3, F\u00fclep Lajos, Illy\u00e9s Gyula is hasonl\u00f3 k\u00f6nyvt\u00e1rral b\u00fcszk\u00e9lkedhetett. Nem az egyes k\u00f6nyvek \u00e9rt\u00e9ke vagy sz\u00e1mbeli nagys\u00e1ga teszi k\u00fcl\u00f6nlegess\u00e9 Szentkuthy k\u00f6nyvt\u00e1r\u00e1t, hanem az a szoros, mindennapi kapcsolat, ahogyan \u00e9let\u00e9nek \u2013 \u00e9s napl\u00f3j\u00e1nak is \u2013 n\u00e9lk\u00fcl\u00f6zhetetlen r\u00e9sze lett a gy\u0171jtem\u00e9ny. Interj\u00faiban sz\u00edvesen \u00e9s hosszan mes\u00e9lt kedvenc k\u00f6nyveir\u0151l, s mindig megeml\u00edtette t\u0151l\u00fck elv\u00e1laszthatatlan napl\u00f3j\u00e1t is. K\u00f6nyvt\u00e1r\u00e1t a napl\u00f3 szerves r\u00e9sz\u00e9nek tekintette, hiszen k\u00f6nyveit d\u00e1tumokkal, nevekkel, hosszabb-r\u00f6videbb bejegyz\u00e9sekkel l\u00e1tta, az egyes oldalakat al\u00e1h\u00faz\u00e1sok, nyilak, csillagok \u00e9s egy\u00e9b jelek tark\u00edtj\u00e1k, amelyeknek jelent\u00e9s\u00e9t napl\u00f3j\u00e1ban fejtette ki r\u00e9szletesen. \u201e\u00c9n mindent d\u00e1tummal l\u00e1tok el. Mikor n\u00e9zem, oda\u00edrom a napot, \u00e9s azokhoz a k\u00e9pekhez \u00edrom, melyek izgalmat jelentenek. N\u00e9ha sz\u00e9ljegyzet is van, de m\u00e1r a d\u00e1tum azt jelenti, hogy d\u00f6bbenetes benyom\u00e1st tett r\u00e1m\u201d \u2013 jegyzi meg Harmonikus t\u00e9pett l\u00e9lek c\u00edm\u0171 interj\u00fak\u00f6tet\u00e9ben. \u201eHaszn\u00e1lati t\u00e1rgyk\u00e9nt\u201d b\u00e1nt a k\u00f6nyveivel, a legszebb albumba, k\u00f6nyvm\u0171v\u00e9szeti remekbe sem \u00e1tallott bele\u00edrni. \u201eSz\u00e1momra minden napl\u00f3, illetve napl\u00f3anyag, \u2026szenved\u00e9lyesen olvasok, adatokat szenved\u00e9lyesen gy\u0171jt\u00f6k \u00e9s szenved\u00e9lyesen \u00e1br\u00e1zolok\u201d \u2013 vallotta meg az eml\u00edtett interj\u00fak\u00f6tetben. Az \u201e\u00f3ri\u00e1snapl\u00f3\u201d \u00edr\u00e1s\u00e1t az 1920-as \u00e9vek elej\u00e9n kezdte, s 1939-t\u0151l rendszeresen, \u00e1ltal\u00e1ban naponta jegyezte f\u00f6l eml\u00edt\u00e9sre m\u00e9lt\u00f3 gondolatait, \u00e9let\u00e9nek esem\u00e9nyeit. Az 1948-ig \u00edrott r\u00e9szt hal\u00e1la ut\u00e1n 25 \u00e9vre, az 1988-ig, hal\u00e1l\u00e1ig vezetett di\u00e1riumokat 50 \u00e9vre z\u00e1roltatta, \u00e9s egy\u00e9b k\u00e9zirataival egy\u00fctt a Pet\u0151fi Irodalmi M\u00fazeum K\u00e9ziratt\u00e1r\u00e1ban helyezte el. A napl\u00f3 val\u00f3di tartalm\u00e1ra \u00edgy csak k\u00f6zvetve, az \u0151 utal\u00e1saib\u00f3l k\u00f6vetkeztethet\u00fcnk, amihez a k\u00f6nyvekbe \u00edrt jegyzetek is seg\u00edts\u00e9get ny\u00fajtanak.<\/p>\n\n\n\n<p>Szentkuthy k\u00f6nyvt\u00e1ra gyermekkor\u00e1t\u00f3l, 1914-t\u0151l hal\u00e1l\u00e1ig \u00e1lland\u00f3an n\u00f6vekedett. Hagyat\u00e9k\u00e1nak gondoz\u00f3ja, Tompa M\u00e1ria, 1988 \u00f3ta is gy\u0171jti az \u00fajabb kiad\u00e1sokat, a k\u00fclf\u00f6ld\u00f6n kiadott ford\u00edt\u00e1sokat, az eddig k\u00e9ziratban l\u00e9v\u0151 m\u0171vek els\u0151 kiad\u00e1s\u00e1t \u00e9s a r\u00f3la sz\u00f3l\u00f3 k\u00f6nyveket, foly\u00f3iratcikkeket is.<\/p>\n\n\n\n<p>Mintegy 8800 m\u0171b\u0151l (k\u00f6r\u00fclbel\u00fcl 9500 k\u00f6tetb\u0151l) \u00e1ll a gy\u0171jtem\u00e9ny, amelynek r\u00e9sze a gazdag foly\u00f3irat-anyag is, amelyek k\u00f6z\u00f6tt szint\u00e9n tal\u00e1lni sz\u00e9ljegyzetes p\u00e9ld\u00e1nyokat. A k\u00f6nyveknek mintegy k\u00e9tharmad\u00e1ban szerepel al\u00e1h\u00faz\u00e1s \u00e9s d\u00e1tum, k\u00f6r\u00fclbel\u00fcl 2300 m\u0171ben tal\u00e1lhat\u00f3 r\u00f6videbb sz\u00e9ljegyzet, 260-ban pedig napl\u00f3szer\u0171, hosszabb be\u00edr\u00e1s.<\/p>\n\n\n\n<p>B\u00e1r \u00e9desapja, Pfisterer Lajos nem volt nagy k\u00f6nyvbar\u00e1t, fia sz\u00e1m\u00e1ra biztos\u00edtotta a k\u00f6nyvv\u00e1s\u00e1rl\u00e1s anyagi fedezet\u00e9t. Az 1930-as \u00e9vekt\u0151l Szentkuthy feles\u00e9g\u00e9nek, Eppinger D\u00f3r\u00e1nak k\u00f6nyvei is be\u00e9p\u00fcltek a k\u00f6nyvt\u00e1rba. (Ezek nagyobb r\u00e9sze n\u00e9met irodalom, illetve n\u00e9met nyelvre ford\u00edtott vil\u00e1girodalmi m\u0171.) Az Eppinger csal\u00e1d egyik \u00fcgyfel\u00e9nek, dr. Lothar Hertzk\u00e1nak k\u00f6nyvt\u00e1r\u00e1b\u00f3l ker\u00fclt Szentkuthy Mikl\u00f3shoz 110 darab, f\u0151leg a 19\u201320. sz\u00e1zad fordul\u00f3j\u00e1n kiadott, sz\u00e9p k\u00f6t\u00e9s\u0171, ex librissel ell\u00e1tott francia \u00e9s n\u00e9met nyelv\u0171 k\u00f6nyv. 1931\u20131932-ben, els\u0151 angliai \u00f6szt\u00f6nd\u00edja idej\u00e9n is sz\u00e1mos m\u0171vel gyarap\u00edtotta k\u00f6nyvt\u00e1r\u00e1t, az angol irodalom k\u00f6tetei mellett nagyon sok m\u00fazeumi katal\u00f3gust (p\u00e9ld\u00e1ul a British Museum gy\u0171jtem\u00e9ny\u00e9r\u0151l), ki\u00e1ll\u00edt\u00e1si vezet\u0151t is meg\u0151rz\u00f6tt. A vil\u00e1gh\u00e1bor\u00faban bombatal\u00e1lat \u00e9rte Der\u00e9k utcai lak\u00e1sukat, \u00e1m szinte csod\u00e1val hat\u00e1ros m\u00f3don a k\u00f6nyvt\u00e1r \u00e9pen maradt. A h\u00e1bor\u00fa alatt Hatvany Lajos utc\u00e1ra dob\u00e1lt k\u00f6nyvei k\u00f6z\u00fcl Szentkuthy Mikl\u00f3s ismer\u0151sei mentettek meg n\u00e9h\u00e1nyat, \u00e9s adt\u00e1k tov\u00e1bb az \u00edr\u00f3nak. A szint\u00e9n legend\u00e1s k\u00f6nyvt\u00e1rral b\u00edr\u00f3 Szab\u00f3 Dezs\u0151 hal\u00e1la ut\u00e1n az \u0151 k\u00f6nyvei k\u00f6z\u00fcl is ker\u00fclt n\u00e9h\u00e1ny \u00e9rt\u00e9kes darab Szentkuthyhoz. Bar\u00e1tok, ismer\u0151s\u00f6k, vend\u00e9gek gyakran vittek k\u00f6nyvet neki aj\u00e1nd\u00e9kba. Az 1930\u20131940-es \u00e9vekben kort\u00e1rsait\u00f3l, akik k\u00f6z\u00fcl sokan j\u00f3 bar\u00e1tai voltak, els\u0151 kiad\u00e1s\u00fa dedik\u00e1lt k\u00f6teteket kapott. Figyelemrem\u00e9lt\u00f3 nevek, antikv\u00e1riumok keresett darabja egy-egy m\u0171. A teljess\u00e9g ig\u00e9nye n\u00e9lk\u00fcl: Babits Mih\u00e1lyn\u00e9 T\u00f6r\u00f6k Sophie, Devecseri G\u00e1bor, Hal\u00e1sz G\u00e1bor, Hamvas B\u00e9la, J\u00e9kely Zolt\u00e1n, Ker\u00e9nyi K\u00e1roly, Radn\u00f3ti Mikl\u00f3s, Szab\u00f3 L\u0151rinc, Szerb Antal, Vas Istv\u00e1n, We\u00f6res S\u00e1ndor. Az irodalmi \u2013 sz\u00e9pirodalmi, irodalomtudom\u00e1nyi \u2013 m\u0171vek helyett \u201eels\u0151sorban, k\u00f6z\u00e9ps\u0151sorban \u00e9s utols\u00f3sorban\u201d (ahogy Bencsik G\u00e1bor interj\u00faj\u00e1ban fogalmaz) a k\u00e9pz\u0151m\u0171v\u00e9szeti albumok \u00e9s term\u00e9szettudom\u00e1nyi munk\u00e1k \u00e9rdekelt\u00e9k, de term\u00e9szetesen gy\u0171jt\u00f6tte a magyar irodalom klasszikusait Arany J\u00e1nost\u00f3l Zr\u00ednyi Mikl\u00f3sig. A vil\u00e1girodalomb\u00f3l az angol, a francia \u00e9s a n\u00e9met irodalom m\u0171vei t\u00f6bbnyire eredeti nyelven, ig\u00e9nyes kiad\u00e1sokban tal\u00e1lhat\u00f3k a k\u00f6nyvt\u00e1rban. Szerette t\u00f6bbek k\u00f6z\u00f6tt Dante, Ben Jonson, Shakespeare, Keats, Jane Austen, a Bront\u00eb n\u0151v\u00e9rek, Chesterton, John Cowper Powys, James Joyce, Goethe, H\u00f6lderlin, Marcel Proust \u00edr\u00e1sait.<\/p>\n\n\n\n<p>A legt\u00f6bb tudom\u00e1nyter\u00fclet egy-egy jelent\u0151sebb k\u00e9zik\u00f6nyv\u00e9t is megv\u00e1s\u00e1rolta, egyh\u00e1zt\u00f6rt\u00e9neti \u00e9s vall\u00e1st\u00f6rt\u00e9neti munk\u00e1k, bibliakiad\u00e1sok, imak\u00f6nyvek, mitol\u00f3gia, r\u00e9g\u00e9szet, t\u00f6rt\u00e9nettudom\u00e1ny, zene, csillag\u00e1szat, b\u00e1bokr\u00f3l, jelk\u00e9pekr\u0151l sz\u00f3l\u00f3 munk\u00e1k, \u00f6lt\u00f6zk\u00f6d\u00e9st\u00f6rt\u00e9net, a \u201emegtal\u00e1lt otthonokat\u201d, azaz kedves katedr\u00e1lisait bemutat\u00f3 fot\u00f3albumok, m\u00fazeumi \u00e9s ki\u00e1ll\u00edt\u00e1si katal\u00f3gusok, \u00fatle\u00edr\u00e1sok, erotika a k\u00e9pz\u0151m\u0171v\u00e9szetben, kert\u00e9p\u00edt\u00e9szet, ifj\u00fas\u00e1gi reg\u00e9nyek, krimik, Szt\u00e1lin \u00e9s Lenin m\u0171vei egyar\u00e1nt szerepelnek hatalmas gy\u0171jtem\u00e9ny\u00e9ben.<\/p>\n\n\n\n<p>Leggazdagabb a m\u0171v\u00e9szeti, m\u0171vel\u0151d\u00e9st\u00f6rt\u00e9neti anyag: fest\u00e9szet, szobr\u00e1szat, \u00e9p\u00edt\u00e9szet, k\u00f6nyvm\u0171v\u00e9szet stb. M\u0171v\u00e9szek albumai, \u00edgy Tintoretto\u00e9 (akinek egyik ki\u00e1ll\u00edt\u00e1sa volt az Orpheus k\u00f6tetek ihlet\u0151je), Caravaggio\u00e9, Bosch\u00e9, L\u00e9on Bakst\u00e9, Daumier\u00e9; a L&#8217;Escorial (1973) albuma a spanyol m\u0171v\u00e9szetr\u0151l kedvencei k\u00f6z\u00e9 tartoztak.<\/p>\n\n\n\n<p>A m\u0171v\u00e9szetek mellett a term\u00e9szettudom\u00e1nyi munk\u00e1k sz\u00e1ma is jelent\u0151s\u037e n\u00f6v\u00e9nyek, \u00e1llatok, \u00e1sv\u00e1nyok, csillag\u00e1szat egyform\u00e1n \u00e9rdekelte. A Frivolit\u00e1sok \u00e9s hitvall\u00e1sok k\u00f6tet\u00e9ben egy r\u00e9g\u00f3ta keresett k\u00f6nyv\u00e9r\u0151l k\u00fcl\u00f6nleges megjegyz\u00e9st tesz: \u201e\u2026ezt a biol\u00f3giai lexikont szint\u00e9n \u00fagy olvasom, mint egy reg\u00e9nyt, sok-sok metafor\u00e1mat f\u00e9lreismerhetetlen\u00fcl befoly\u00e1solta.\u201d Az egyes tudom\u00e1nyter\u00fcletek szakk\u00f6nyveinek korai kiad\u00e1sait is gyakran megszerezte, \u00edgy p\u00e9ld\u00e1ul Max Planck, Albert Einstein, Werner Heisenberg, Arthur Eddington, James H. Jeans 1930-as \u00e9vekben kiadott k\u00f6nyveit.<\/p>\n\n\n\n<p>A k\u00e9t vil\u00e1gh\u00e1bor\u00fa k\u00f6z\u00f6tt megjelent irodalmi lapokat (a Nyugatot, a Magyarokat, a V\u00e1laszt, a Literatur\u00e1t stb.), s az ebb\u0151l a korszakb\u00f3l sz\u00e1rmaz\u00f3 m\u0171v\u00e9szeti kiadv\u00e1nyokat (a M\u0171v\u00e9szetet \u00e9s a Magyar M\u0171v\u00e9szetet), a n\u00e9met nyelv\u0171 Zeitschrift f\u00fcr Bildende Kunst (Leipzig), az angol nyelv\u0171 The Art News (New York), az An illustrated magazine of fine and applied art (London) \u00e9s a The Studio p\u00e9ld\u00e1nyait is gy\u0171jt\u00f6tte.<\/p>\n\n\n\n<p>A 20. sz\u00e1zad m\u00e1sodik fel\u00e9nek magyar irodalmi foly\u00f3iratai, amelyekben \u00edr\u00e1sai megjelentek (Kort\u00e1rs, \u00daj \u00cdr\u00e1s, \u00c9let \u00e9s Irodalom stb.), 1933-t\u00f3l 1986-ig a The Times Literary Supplement t\u00f6bb sz\u00e1ma, 1934-t\u0151l a National Geographic sok \u00e9vfolyama is ott sorakozik a polcokon. T\u00f6bb tucat foly\u00f3iratb\u00f3l egy-k\u00e9t sz\u00e1mot \u0151rz\u00f6tt meg, amelyek \u00e9rdekes k\u00e9peket, esetleg t\u00f6rt\u00e9neteket tartalmaznak, s ezeket k\u00e9s\u0151bb f\u00f6lhaszn\u00e1lta, p\u00e9ld\u00e1ul a divatlapok forr\u00e1sk\u00e9nt szolg\u00e1ltak m\u0171veiben a n\u0151i ruh\u00e1k le\u00edr\u00e1s\u00e1hoz.<\/p>\n\n\n\n<p>N\u00e9h\u00e1ny a legkedvesebb k\u00f6tetek k\u00f6z\u00fcl: a nagyapj\u00e1t\u00f3l kapott Verne-k\u00f6nyv, a Grant kapit\u00e1ny gyermekei (1906), az El Greco-albumok, k\u00f6z\u00fcl\u00fck az egyiket m\u00e9g 15 \u00e9vesen v\u00e1s\u00e1rolta; PetzVilmos \u00d3kori lexikona; a keleti miniat\u00far\u00e1kat tartalmaz\u00f3 Beatty-katal\u00f3gus: The Library of A. Chester Beatty (1936); a Sch\u00fctz Antal szerkesztette Szentek \u00e9lete, Castiglione L\u00e1szl\u00f3 Az \u00f3kor nagyjai (1982), Steinmann Henrik Az \u00e1llatok n\u00e1sza (1980), ez ut\u00f3bbi h\u00e1rom m\u0171 \u00e9veken kereszt\u00fcl a csal\u00e1d d\u00e9lut\u00e1ni felolvas\u00e1sainak t\u00e1rgya volt; M. T. Ciceronis Epistolae \u2013 S\u00e4mmtliche Briefe (1813\u20131824), Cicero \u00f6sszes level\u00e9nek Wieland-f\u00e9le n\u00e9met ford\u00edt\u00e1sa; az Il grande libro delle meraviglie (1973) c\u00edm\u0171 k\u00f6tet, k\u00e9pek a F\u00f6ld minden t\u00e1j\u00e1r\u00f3l, kincs\u00e9r\u0151l, amelyhez hasonl\u00f3t egyszer \u0151 is szeretett volna \u00f6ssze\u00e1ll\u00edtani, a sz\u00e9p hasonm\u00e1s kiad\u00e1sok k\u00f6z\u00fcl p\u00e9ld\u00e1ul a Biblia Pauperum (1966), a M\u00e1ty\u00e1s Graduale (1982) vagy a The Book of Kells (1980).<\/p>\n\n\n\n<p>Szentkuthy Mikl\u00f3s k\u00f6nyvt\u00e1r\u00e1r\u00f3l b\u0151vebben sz\u00f3lnak az al\u00e1bbi k\u00f6tetek, illetve cikkek:<br>Frivolit\u00e1sok \u00e9s hitvall\u00e1sok, v\u00e1logatta, szerkesztette Tompa M\u00e1ria, Bp., Magvet\u0151, 1988.<br>Harmonikus t\u00e9pett l\u00e9lek, R\u00e9z P\u00e1l video-besz\u00e9lget\u00e9se Szentkuthy Mikl\u00f3ssal, sajt\u00f3 al\u00e1 rendezte Tompa M\u00e1ria. Bp., Magvet\u0151, 1994.<br>Szentkuthy Mikl\u00f3s, Orpheus h\u00e1reme, H\u00e1tt\u00e9r 1987\/3.<br>Bencsik G\u00e1bor, Szentkuthy Mikl\u00f3s \u00e9s A csod\u00e1k (Igazi) Nagy K\u00f6nyve, A K\u00f6nyv 1988\/3.<br>Bat\u00e1ri Gyula, Szentkuthy Mikl\u00f3s olvasm\u00e1nyair\u00f3l \u00e9s a k\u00f6nyvt\u00e1rakr\u00f3l, K\u00f6nyvt\u00e1ros 1993\/3.<br>Boj\u00e1r Iv\u00e1n Andr\u00e1s\u2013Keszthelyi Andr\u00e1s, Az egyetlen k\u00f6nyvt\u00e1r fel\u00e9, Magyar Narancs 1990. szeptember 13.<br>Ferch Magda, \u201e\u00c9n bizony\u00e1ra irodalmi Szent Elek vagyok.\u201d A Szentkuthy-k\u00f6nyvt\u00e1r viszontags\u00e1gai, Magyar Nemzet 1993. m\u00e1jus 29.<br>Kov\u00e1cs Bogl\u00e1rka, Neh\u00e9z teher: a Szentkuthy-hagyat\u00e9k, Magyar K\u00f6nyvgy\u0171jt\u0151 2001\/2.<\/p>\n\n\n\n<div class=\"wp-block-group\"><div class=\"wp-block-group__inner-container is-layout-flow wp-block-group-is-layout-flow\">\n<figure class=\"wp-block-gallery columns-3 is-cropped wp-block-gallery-1 is-layout-flex wp-block-gallery-is-layout-flex\"><ul class=\"blocks-gallery-grid\"><li class=\"blocks-gallery-item\"><figure><img loading=\"lazy\" decoding=\"async\" width=\"731\" height=\"550\" src=\"https:\/\/www.szentkuthymiklos.hu\/web\/wp-content\/uploads\/2020\/10\/DD-Kerenyi_crop.jpg\" alt=\"\" data-id=\"64\" data-full-url=\"https:\/\/www.szentkuthymiklos.hu\/web\/wp-content\/uploads\/2020\/10\/DD-Kerenyi_crop.jpg\" data-link=\"https:\/\/www.szentkuthymiklos.hu\/web\/alapitvany\/szentkuthy-archivum-es-konyvtar\/dd-kerenyi_crop\/\" class=\"wp-image-64\" srcset=\"https:\/\/www.szentkuthymiklos.hu\/web\/wp-content\/uploads\/2020\/10\/DD-Kerenyi_crop.jpg 731w, https:\/\/www.szentkuthymiklos.hu\/web\/wp-content\/uploads\/2020\/10\/DD-Kerenyi_crop-300x226.jpg 300w\" sizes=\"auto, (max-width: 731px) 100vw, 731px\" \/><figcaption class=\"blocks-gallery-item__caption\"><em>Szentkuthy Mikl\u00f3s sz\u00e9ljegyzetei<\/em><\/figcaption><\/figure><\/li><li class=\"blocks-gallery-item\"><figure><img loading=\"lazy\" decoding=\"async\" width=\"782\" height=\"550\" src=\"https:\/\/www.szentkuthymiklos.hu\/web\/wp-content\/uploads\/2020\/10\/DD-Monet_crop.jpg\" alt=\"\" data-id=\"65\" data-full-url=\"https:\/\/www.szentkuthymiklos.hu\/web\/wp-content\/uploads\/2020\/10\/DD-Monet_crop.jpg\" data-link=\"https:\/\/www.szentkuthymiklos.hu\/web\/alapitvany\/szentkuthy-archivum-es-konyvtar\/dd-monet_crop\/\" class=\"wp-image-65\" srcset=\"https:\/\/www.szentkuthymiklos.hu\/web\/wp-content\/uploads\/2020\/10\/DD-Monet_crop.jpg 782w, https:\/\/www.szentkuthymiklos.hu\/web\/wp-content\/uploads\/2020\/10\/DD-Monet_crop-300x211.jpg 300w, https:\/\/www.szentkuthymiklos.hu\/web\/wp-content\/uploads\/2020\/10\/DD-Monet_crop-768x540.jpg 768w\" sizes=\"auto, (max-width: 782px) 100vw, 782px\" \/><figcaption class=\"blocks-gallery-item__caption\"><em>Szentkuthy Mikl\u00f3s sz\u00e9ljegyzetei<\/em><\/figcaption><\/figure><\/li><li class=\"blocks-gallery-item\"><figure><img loading=\"lazy\" decoding=\"async\" width=\"550\" height=\"413\" src=\"https:\/\/www.szentkuthymiklos.hu\/web\/wp-content\/uploads\/2020\/10\/emlekko2_crop.jpg\" alt=\"\" data-id=\"66\" data-full-url=\"https:\/\/www.szentkuthymiklos.hu\/web\/wp-content\/uploads\/2020\/10\/emlekko2_crop.jpg\" data-link=\"https:\/\/www.szentkuthymiklos.hu\/web\/alapitvany\/szentkuthy-archivum-es-konyvtar\/emlekko2_crop\/\" class=\"wp-image-66\" srcset=\"https:\/\/www.szentkuthymiklos.hu\/web\/wp-content\/uploads\/2020\/10\/emlekko2_crop.jpg 550w, https:\/\/www.szentkuthymiklos.hu\/web\/wp-content\/uploads\/2020\/10\/emlekko2_crop-300x225.jpg 300w\" sizes=\"auto, (max-width: 550px) 100vw, 550px\" \/><figcaption class=\"blocks-gallery-item__caption\"><em>Eml\u00e9kk\u0151 a kertben<\/em><\/figcaption><\/figure><\/li><li class=\"blocks-gallery-item\"><figure><img loading=\"lazy\" decoding=\"async\" width=\"413\" height=\"550\" src=\"https:\/\/www.szentkuthymiklos.hu\/web\/wp-content\/uploads\/2020\/10\/fotoCsigo-crop.jpg\" alt=\"\" data-id=\"67\" data-full-url=\"https:\/\/www.szentkuthymiklos.hu\/web\/wp-content\/uploads\/2020\/10\/fotoCsigo-crop.jpg\" data-link=\"https:\/\/www.szentkuthymiklos.hu\/web\/alapitvany\/szentkuthy-archivum-es-konyvtar\/fotocsigo-crop\/\" class=\"wp-image-67\" srcset=\"https:\/\/www.szentkuthymiklos.hu\/web\/wp-content\/uploads\/2020\/10\/fotoCsigo-crop.jpg 413w, https:\/\/www.szentkuthymiklos.hu\/web\/wp-content\/uploads\/2020\/10\/fotoCsigo-crop-225x300.jpg 225w\" sizes=\"auto, (max-width: 413px) 100vw, 413px\" \/><figcaption class=\"blocks-gallery-item__caption\"><em>Fot\u00f3: Csig\u00f3 L\u00e1szl\u00f3 (1983)<\/em><\/figcaption><\/figure><\/li><li class=\"blocks-gallery-item\"><figure><img loading=\"lazy\" decoding=\"async\" width=\"733\" height=\"550\" src=\"https:\/\/www.szentkuthymiklos.hu\/web\/wp-content\/uploads\/2020\/10\/emlektabla.jpg\" alt=\"\" data-id=\"295\" data-full-url=\"https:\/\/www.szentkuthymiklos.hu\/web\/wp-content\/uploads\/2020\/10\/emlektabla.jpg\" data-link=\"https:\/\/www.szentkuthymiklos.hu\/web\/alapitvany\/szentkuthy-archivum-es-konyvtar\/emlektabla\/\" class=\"wp-image-295\" srcset=\"https:\/\/www.szentkuthymiklos.hu\/web\/wp-content\/uploads\/2020\/10\/emlektabla.jpg 733w, https:\/\/www.szentkuthymiklos.hu\/web\/wp-content\/uploads\/2020\/10\/emlektabla-300x225.jpg 300w\" sizes=\"auto, (max-width: 733px) 100vw, 733px\" \/><figcaption class=\"blocks-gallery-item__caption\">Eml\u00e9kt\u00e1bla a h\u00e1zon<\/figcaption><\/figure><\/li><li class=\"blocks-gallery-item\"><figure><img loading=\"lazy\" decoding=\"async\" width=\"735\" height=\"550\" src=\"https:\/\/www.szentkuthymiklos.hu\/web\/wp-content\/uploads\/2020\/10\/konyv-03_crop.jpg\" alt=\"\" data-id=\"69\" data-full-url=\"https:\/\/www.szentkuthymiklos.hu\/web\/wp-content\/uploads\/2020\/10\/konyv-03_crop.jpg\" data-link=\"https:\/\/www.szentkuthymiklos.hu\/web\/alapitvany\/szentkuthy-archivum-es-konyvtar\/konyv-03_crop\/\" class=\"wp-image-69\" srcset=\"https:\/\/www.szentkuthymiklos.hu\/web\/wp-content\/uploads\/2020\/10\/konyv-03_crop.jpg 735w, https:\/\/www.szentkuthymiklos.hu\/web\/wp-content\/uploads\/2020\/10\/konyv-03_crop-300x224.jpg 300w\" sizes=\"auto, (max-width: 735px) 100vw, 735px\" \/><figcaption class=\"blocks-gallery-item__caption\"><em>Fot\u00f3: Salamon Istv\u00e1n<\/em><\/figcaption><\/figure><\/li><li class=\"blocks-gallery-item\"><figure><img loading=\"lazy\" decoding=\"async\" width=\"825\" height=\"550\" src=\"https:\/\/www.szentkuthymiklos.hu\/web\/wp-content\/uploads\/2020\/10\/konyv-04_crop.jpg\" alt=\"\" data-id=\"70\" data-full-url=\"https:\/\/www.szentkuthymiklos.hu\/web\/wp-content\/uploads\/2020\/10\/konyv-04_crop.jpg\" data-link=\"https:\/\/www.szentkuthymiklos.hu\/web\/alapitvany\/szentkuthy-archivum-es-konyvtar\/konyv-04_crop\/\" class=\"wp-image-70\" srcset=\"https:\/\/www.szentkuthymiklos.hu\/web\/wp-content\/uploads\/2020\/10\/konyv-04_crop.jpg 825w, https:\/\/www.szentkuthymiklos.hu\/web\/wp-content\/uploads\/2020\/10\/konyv-04_crop-300x200.jpg 300w, https:\/\/www.szentkuthymiklos.hu\/web\/wp-content\/uploads\/2020\/10\/konyv-04_crop-768x512.jpg 768w\" sizes=\"auto, (max-width: 825px) 100vw, 825px\" \/><figcaption class=\"blocks-gallery-item__caption\"><em>Fot\u00f3: B\u00f3kay L\u00e1szl\u00f3<\/em><\/figcaption><\/figure><\/li><li class=\"blocks-gallery-item\"><figure><img loading=\"lazy\" decoding=\"async\" width=\"421\" height=\"550\" src=\"https:\/\/www.szentkuthymiklos.hu\/web\/wp-content\/uploads\/2020\/10\/konyv-05_crop.jpg\" alt=\"\" data-id=\"71\" data-full-url=\"https:\/\/www.szentkuthymiklos.hu\/web\/wp-content\/uploads\/2020\/10\/konyv-05_crop.jpg\" data-link=\"https:\/\/www.szentkuthymiklos.hu\/web\/alapitvany\/szentkuthy-archivum-es-konyvtar\/konyv-05_crop\/\" class=\"wp-image-71\" srcset=\"https:\/\/www.szentkuthymiklos.hu\/web\/wp-content\/uploads\/2020\/10\/konyv-05_crop.jpg 421w, https:\/\/www.szentkuthymiklos.hu\/web\/wp-content\/uploads\/2020\/10\/konyv-05_crop-230x300.jpg 230w\" sizes=\"auto, (max-width: 421px) 100vw, 421px\" \/><figcaption class=\"blocks-gallery-item__caption\"><em>Fot\u00f3: J\u00f3kay Gy\u00f6rgy<\/em><\/figcaption><\/figure><\/li><li class=\"blocks-gallery-item\"><figure><img loading=\"lazy\" decoding=\"async\" width=\"421\" height=\"550\" src=\"https:\/\/www.szentkuthymiklos.hu\/web\/wp-content\/uploads\/2020\/10\/konyv-07_crop.jpg\" alt=\"\" data-id=\"73\" data-full-url=\"https:\/\/www.szentkuthymiklos.hu\/web\/wp-content\/uploads\/2020\/10\/konyv-07_crop.jpg\" data-link=\"https:\/\/www.szentkuthymiklos.hu\/web\/alapitvany\/szentkuthy-archivum-es-konyvtar\/konyv-07_crop\/\" class=\"wp-image-73\" srcset=\"https:\/\/www.szentkuthymiklos.hu\/web\/wp-content\/uploads\/2020\/10\/konyv-07_crop.jpg 421w, https:\/\/www.szentkuthymiklos.hu\/web\/wp-content\/uploads\/2020\/10\/konyv-07_crop-230x300.jpg 230w\" sizes=\"auto, (max-width: 421px) 100vw, 421px\" \/><figcaption class=\"blocks-gallery-item__caption\"><em>Fot\u00f3: Balla Demeter<\/em><\/figcaption><\/figure><\/li><li class=\"blocks-gallery-item\"><figure><img loading=\"lazy\" decoding=\"async\" width=\"748\" height=\"550\" src=\"https:\/\/www.szentkuthymiklos.hu\/web\/wp-content\/uploads\/2020\/10\/konyv-06_crop.jpg\" alt=\"\" data-id=\"72\" data-full-url=\"https:\/\/www.szentkuthymiklos.hu\/web\/wp-content\/uploads\/2020\/10\/konyv-06_crop.jpg\" data-link=\"https:\/\/www.szentkuthymiklos.hu\/web\/alapitvany\/szentkuthy-archivum-es-konyvtar\/konyv-06_crop\/\" class=\"wp-image-72\" srcset=\"https:\/\/www.szentkuthymiklos.hu\/web\/wp-content\/uploads\/2020\/10\/konyv-06_crop.jpg 748w, https:\/\/www.szentkuthymiklos.hu\/web\/wp-content\/uploads\/2020\/10\/konyv-06_crop-300x221.jpg 300w\" sizes=\"auto, (max-width: 748px) 100vw, 748px\" \/><figcaption class=\"blocks-gallery-item__caption\"><em>Fot\u00f3: B\u00f3kay L\u00e1szl\u00f3<\/em><\/figcaption><\/figure><\/li><\/ul><\/figure>\n<\/div><\/div>\n","protected":false},"excerpt":{"rendered":"<p>Parragi M\u00e1rta (Pet\u0151fi Irodalmi M\u00fazeum) SZENTKUTHY MIKL\u00d3S K\u00d6NYVT\u00c1R\u00c1R\u00d3L A 20. sz\u00e1zadi magyar \u00edr\u00f3k k\u00f6zt nem Szentkuthy Mikl\u00f3s az egyetlen, aki h\u00edres k\u00f6nyvszeretet\u00e9r\u0151l, nagy k\u00f6nyvgy\u0171jtem\u00e9ny\u00e9r\u0151l, kort\u00e1rsai k\u00f6z\u00fcl Cs. Szab\u00f3 L\u00e1szl\u00f3, F\u00fclep Lajos, Illy\u00e9s Gyula is hasonl\u00f3 k\u00f6nyvt\u00e1rral b\u00fcszk\u00e9lkedhetett. Nem az egyes k\u00f6nyvek \u00e9rt\u00e9ke vagy sz\u00e1mbeli nagys\u00e1ga teszi k\u00fcl\u00f6nlegess\u00e9 Szentkuthy k\u00f6nyvt\u00e1r\u00e1t, hanem az a szoros, mindennapi kapcsolat, [&hellip;]<\/p>\n","protected":false},"author":2,"featured_media":0,"parent":399,"menu_order":2,"comment_status":"closed","ping_status":"closed","template":"","meta":{"footnotes":""},"categories":[],"class_list":["post-412","page","type-page","status-publish","hentry"],"_links":{"self":[{"href":"https:\/\/www.szentkuthymiklos.hu\/web\/wp-json\/wp\/v2\/pages\/412","targetHints":{"allow":["GET"]}}],"collection":[{"href":"https:\/\/www.szentkuthymiklos.hu\/web\/wp-json\/wp\/v2\/pages"}],"about":[{"href":"https:\/\/www.szentkuthymiklos.hu\/web\/wp-json\/wp\/v2\/types\/page"}],"author":[{"embeddable":true,"href":"https:\/\/www.szentkuthymiklos.hu\/web\/wp-json\/wp\/v2\/users\/2"}],"replies":[{"embeddable":true,"href":"https:\/\/www.szentkuthymiklos.hu\/web\/wp-json\/wp\/v2\/comments?post=412"}],"version-history":[{"count":1,"href":"https:\/\/www.szentkuthymiklos.hu\/web\/wp-json\/wp\/v2\/pages\/412\/revisions"}],"predecessor-version":[{"id":413,"href":"https:\/\/www.szentkuthymiklos.hu\/web\/wp-json\/wp\/v2\/pages\/412\/revisions\/413"}],"up":[{"embeddable":true,"href":"https:\/\/www.szentkuthymiklos.hu\/web\/wp-json\/wp\/v2\/pages\/399"}],"wp:attachment":[{"href":"https:\/\/www.szentkuthymiklos.hu\/web\/wp-json\/wp\/v2\/media?parent=412"}],"wp:term":[{"taxonomy":"category","embeddable":true,"href":"https:\/\/www.szentkuthymiklos.hu\/web\/wp-json\/wp\/v2\/categories?post=412"}],"curies":[{"name":"wp","href":"https:\/\/api.w.org\/{rel}","templated":true}]}}