{"id":381,"date":"2020-10-31T11:22:14","date_gmt":"2020-10-31T11:22:14","guid":{"rendered":"https:\/\/www.szentkuthymiklos.hu\/web\/?page_id=381"},"modified":"2020-11-02T15:24:36","modified_gmt":"2020-11-02T15:24:36","slug":"diaries-and-drawings","status":"publish","type":"page","link":"https:\/\/www.szentkuthymiklos.hu\/web\/en\/diaries-and-drawings\/","title":{"rendered":"Diaries and Drawings"},"content":{"rendered":"\n<p>Szentkuthy Mikl\u00f3s a grafik\u00e1kat kiz\u00e1r\u00f3lag napl\u00f3illsztr\u00e1ci\u00f3k\u00e9nt \u00e9rtelmezte, egy r\u00e9sz\u00fck megjelent a F\u00e1jdalmak \u00e9s titkok j\u00e1t\u00e9ka c\u00edm\u0171 korai napl\u00f3k\u00f6tetben<\/p>\n","protected":false},"excerpt":{"rendered":"<p>Szentkuthy Mikl\u00f3s a grafik\u00e1kat kiz\u00e1r\u00f3lag napl\u00f3illsztr\u00e1ci\u00f3k\u00e9nt \u00e9rtelmezte, egy r\u00e9sz\u00fck megjelent a F\u00e1jdalmak \u00e9s titkok j\u00e1t\u00e9ka c\u00edm\u0171 korai napl\u00f3k\u00f6tetben<\/p>\n","protected":false},"author":2,"featured_media":0,"parent":0,"menu_order":4,"comment_status":"closed","ping_status":"closed","template":"","meta":{"footnotes":""},"categories":[],"class_list":["post-381","page","type-page","status-publish","hentry"],"_links":{"self":[{"href":"https:\/\/www.szentkuthymiklos.hu\/web\/wp-json\/wp\/v2\/pages\/381","targetHints":{"allow":["GET"]}}],"collection":[{"href":"https:\/\/www.szentkuthymiklos.hu\/web\/wp-json\/wp\/v2\/pages"}],"about":[{"href":"https:\/\/www.szentkuthymiklos.hu\/web\/wp-json\/wp\/v2\/types\/page"}],"author":[{"embeddable":true,"href":"https:\/\/www.szentkuthymiklos.hu\/web\/wp-json\/wp\/v2\/users\/2"}],"replies":[{"embeddable":true,"href":"https:\/\/www.szentkuthymiklos.hu\/web\/wp-json\/wp\/v2\/comments?post=381"}],"version-history":[{"count":1,"href":"https:\/\/www.szentkuthymiklos.hu\/web\/wp-json\/wp\/v2\/pages\/381\/revisions"}],"predecessor-version":[{"id":382,"href":"https:\/\/www.szentkuthymiklos.hu\/web\/wp-json\/wp\/v2\/pages\/381\/revisions\/382"}],"wp:attachment":[{"href":"https:\/\/www.szentkuthymiklos.hu\/web\/wp-json\/wp\/v2\/media?parent=381"}],"wp:term":[{"taxonomy":"category","embeddable":true,"href":"https:\/\/www.szentkuthymiklos.hu\/web\/wp-json\/wp\/v2\/categories?post=381"}],"curies":[{"name":"wp","href":"https:\/\/api.w.org\/{rel}","templated":true}]}}