{"id":359,"date":"2020-10-31T11:15:05","date_gmt":"2020-10-31T11:15:05","guid":{"rendered":"https:\/\/www.szentkuthymiklos.hu\/web\/?page_id=359"},"modified":"2025-05-23T13:19:02","modified_gmt":"2025-05-23T13:19:02","slug":"prae","status":"publish","type":"page","link":"https:\/\/www.szentkuthymiklos.hu\/web\/en\/novels\/prae\/","title":{"rendered":"Prae"},"content":{"rendered":"\n<p class=\"has-text-align-center\">Mikl\u00f3s Szentkuthy: Prae<\/p>\n\n\n\n<p>Considered an eerie attack on realism, when first published in 1934, Mikl\u00f3s Szentkuthy\u2019s debut novel <em>Prae<\/em> so astonished Hungarian critics that many deemed it monstrous, derogatorily referred to Szentkuthy as cosmopolitan, and classified him alien to Hungarian culture.<br><br>Incomparable and unprecedented in Hungarian literature, <em>Prae<\/em> compels recognition as a serious contribution to modernist fiction, as ambitious in its aspirations as <em>Ulysses<\/em> or <em>\u00c0 la recherche du temps perdu<\/em>. With no traditional narration and no psychologically motivated characters, in playing with voices, temporality, and events, while fiction, <em>Prae<\/em> is more what Northrop Frye calls an anatomy (\u00e0 la Lucian, Rabelais, &amp; Burton) or Menippean satire: the basic concern of the book is intellectual, its pervading mood is that of a comedy of ideas. As a virtual novel that preempts every possibility for its realization, it is a novel but only virtually so, a book which is actually a prae-paration for an unwritten (unwritable) novel. In this, it maintains the freedom and openness of its potentialities, indicative for instance in the Non-<em>Prae<\/em> diagonals, a series of passages that intercut the novel and continually fracture space and time to engage in what one of the figures of the book calls the culture of wordplay or dogmatic accidentalism. \u201cThe book\u2019s title,\u201d said Szentkuthy, \u201calludes to it being an overture. A multitude of thoughts, emotions, ideas, fantasies, and motifs that mill and churn as chimes, an overture to my subsequent oeuvre.\u201d<br><br>By challenging the then prevailing dogmas and conventions of prose writing, Szentkuthy was said to have created a new canon for himself but later derided as insignificant for supposedly not acquiring followers.<br><br>Largely unread at the time, <em>Prae<\/em> eventually gained cult status and would be reprinted in 1980 and 2004. To some critics, the book is not only one of the representative experimental works of the early 20th century, but in its attempt to bring \u2018impossible literature\u2019 into being, it also presages the nouveau roman by almost 30 years. And in its rejection of sequentiality and celebration of narrative shuffling, long before Burroughs &amp; Gysin, <em>Prae<\/em> enacts what is conceptually akin to the cut-up. Few of Szentkuthy\u2019s contemporaries would reveal with equal bravura and audacity the new horizons that were opened up for narrative forms after the era of realism.<br><br>In <em>Frivolities &amp; Confessions<\/em>, Szentkuthy said that his goal with <em>Prae<\/em> was \u201cto absorb the problems of modern philosophy and mathematics into modern fashion, love, and every manifestation of life.\u201d Translated for the first time since its original publication in 1934, upon its 80th anniversary, this legendary and controversial Hungarian modernist novel is now at last available in English.<\/p>\n\n\n\n<p class=\"has-text-align-center\"><br><\/p>\n\n\n\n<figure class=\"wp-block-gallery has-nested-images columns-default is-cropped wp-block-gallery-1 is-layout-flex wp-block-gallery-is-layout-flex\">\n<figure class=\"wp-block-image size-large\"><img loading=\"lazy\" decoding=\"async\" width=\"800\" height=\"529\" data-id=\"82\" src=\"https:\/\/www.szentkuthymiklos.hu\/web\/wp-content\/uploads\/2020\/10\/ab_Brangwyn_crop.jpg\" alt=\"\" class=\"wp-image-82\" srcset=\"https:\/\/www.szentkuthymiklos.hu\/web\/wp-content\/uploads\/2020\/10\/ab_Brangwyn_crop.jpg 800w, https:\/\/www.szentkuthymiklos.hu\/web\/wp-content\/uploads\/2020\/10\/ab_Brangwyn_crop-300x198.jpg 300w, https:\/\/www.szentkuthymiklos.hu\/web\/wp-content\/uploads\/2020\/10\/ab_Brangwyn_crop-768x508.jpg 768w\" sizes=\"auto, (max-width: 800px) 100vw, 800px\" \/><figcaption class=\"wp-element-caption\"><em>Frank Brangwyn:<\/em><br><em>A Duncan lebont\u00e1sa<\/em><\/figcaption><\/figure>\n\n\n\n<figure class=\"wp-block-image size-large\"><img loading=\"lazy\" decoding=\"async\" width=\"257\" height=\"332\" data-id=\"83\" src=\"https:\/\/www.szentkuthymiklos.hu\/web\/wp-content\/uploads\/2020\/10\/bb-02-ac2_crop.jpg\" alt=\"\" class=\"wp-image-83\" srcset=\"https:\/\/www.szentkuthymiklos.hu\/web\/wp-content\/uploads\/2020\/10\/bb-02-ac2_crop.jpg 257w, https:\/\/www.szentkuthymiklos.hu\/web\/wp-content\/uploads\/2020\/10\/bb-02-ac2_crop-232x300.jpg 232w\" sizes=\"auto, (max-width: 257px) 100vw, 257px\" \/><figcaption class=\"wp-element-caption\"><em>Szentkuthy Mikl\u00f3s, 1934.<\/em><br><em>A Prae megjelen\u00e9se t\u00e1j\u00e1n<\/em><\/figcaption><\/figure>\n\n\n\n<figure class=\"wp-block-image size-large\"><img loading=\"lazy\" decoding=\"async\" width=\"413\" height=\"550\" data-id=\"84\" src=\"https:\/\/www.szentkuthymiklos.hu\/web\/wp-content\/uploads\/2020\/10\/fotoCsigo-crop-1.jpg\" alt=\"\" class=\"wp-image-84\" srcset=\"https:\/\/www.szentkuthymiklos.hu\/web\/wp-content\/uploads\/2020\/10\/fotoCsigo-crop-1.jpg 413w, https:\/\/www.szentkuthymiklos.hu\/web\/wp-content\/uploads\/2020\/10\/fotoCsigo-crop-1-225x300.jpg 225w\" sizes=\"auto, (max-width: 413px) 100vw, 413px\" \/><figcaption class=\"wp-element-caption\"><em>Fot\u00f3: Csig\u00f3 L\u00e1szl\u00f3<\/em><\/figcaption><\/figure>\n\n\n\n<figure class=\"wp-block-image size-large\"><img loading=\"lazy\" decoding=\"async\" width=\"420\" height=\"550\" data-id=\"85\" src=\"https:\/\/www.szentkuthymiklos.hu\/web\/wp-content\/uploads\/2020\/10\/PraeCimlap_crop.jpg\" alt=\"\" class=\"wp-image-85\" srcset=\"https:\/\/www.szentkuthymiklos.hu\/web\/wp-content\/uploads\/2020\/10\/PraeCimlap_crop.jpg 420w, https:\/\/www.szentkuthymiklos.hu\/web\/wp-content\/uploads\/2020\/10\/PraeCimlap_crop-229x300.jpg 229w\" sizes=\"auto, (max-width: 420px) 100vw, 420px\" \/><figcaption class=\"wp-element-caption\"><em>Prae c\u00edmlap<\/em><\/figcaption><\/figure>\n\n\n\n<figure class=\"wp-block-image size-large\"><img loading=\"lazy\" decoding=\"async\" width=\"442\" height=\"550\" data-id=\"86\" src=\"https:\/\/www.szentkuthymiklos.hu\/web\/wp-content\/uploads\/2020\/10\/V5498_1_25-9a_crop.jpg\" alt=\"\" class=\"wp-image-86\" srcset=\"https:\/\/www.szentkuthymiklos.hu\/web\/wp-content\/uploads\/2020\/10\/V5498_1_25-9a_crop.jpg 442w, https:\/\/www.szentkuthymiklos.hu\/web\/wp-content\/uploads\/2020\/10\/V5498_1_25-9a_crop-241x300.jpg 241w\" sizes=\"auto, (max-width: 442px) 100vw, 442px\" \/><figcaption class=\"wp-element-caption\"><em>Prae, 1934.<\/em><\/figcaption><\/figure>\n\n\n\n<figure class=\"wp-block-image size-large\"><img loading=\"lazy\" decoding=\"async\" width=\"442\" height=\"550\" data-id=\"87\" src=\"https:\/\/www.szentkuthymiklos.hu\/web\/wp-content\/uploads\/2020\/10\/V5498_1_25-9b_crop.jpg\" alt=\"\" class=\"wp-image-87\" srcset=\"https:\/\/www.szentkuthymiklos.hu\/web\/wp-content\/uploads\/2020\/10\/V5498_1_25-9b_crop.jpg 442w, https:\/\/www.szentkuthymiklos.hu\/web\/wp-content\/uploads\/2020\/10\/V5498_1_25-9b_crop-241x300.jpg 241w\" sizes=\"auto, (max-width: 442px) 100vw, 442px\" \/><figcaption class=\"wp-element-caption\"><em>Prae, 1934.<\/em><\/figcaption><\/figure>\n\n\n\n<figure class=\"wp-block-image size-large\"><img loading=\"lazy\" decoding=\"async\" width=\"442\" height=\"550\" data-id=\"88\" src=\"https:\/\/www.szentkuthymiklos.hu\/web\/wp-content\/uploads\/2020\/10\/V5498_1_25-10a_crop.jpg\" alt=\"\" class=\"wp-image-88\" srcset=\"https:\/\/www.szentkuthymiklos.hu\/web\/wp-content\/uploads\/2020\/10\/V5498_1_25-10a_crop.jpg 442w, https:\/\/www.szentkuthymiklos.hu\/web\/wp-content\/uploads\/2020\/10\/V5498_1_25-10a_crop-241x300.jpg 241w\" sizes=\"auto, (max-width: 442px) 100vw, 442px\" \/><figcaption class=\"wp-element-caption\"><em>Prae, 1934.<\/em><\/figcaption><\/figure>\n\n\n\n<figure class=\"wp-block-image size-large\"><img loading=\"lazy\" decoding=\"async\" width=\"442\" height=\"550\" data-id=\"89\" src=\"https:\/\/www.szentkuthymiklos.hu\/web\/wp-content\/uploads\/2020\/10\/V5498_1_25-10b_crop.jpg\" alt=\"\" class=\"wp-image-89\" srcset=\"https:\/\/www.szentkuthymiklos.hu\/web\/wp-content\/uploads\/2020\/10\/V5498_1_25-10b_crop.jpg 442w, https:\/\/www.szentkuthymiklos.hu\/web\/wp-content\/uploads\/2020\/10\/V5498_1_25-10b_crop-241x300.jpg 241w\" sizes=\"auto, (max-width: 442px) 100vw, 442px\" \/><figcaption class=\"wp-element-caption\"><em>Prae, 1934.<\/em><\/figcaption><\/figure>\n\n\n\n<figure class=\"wp-block-image size-large\"><img loading=\"lazy\" decoding=\"async\" width=\"442\" height=\"550\" data-id=\"90\" src=\"https:\/\/www.szentkuthymiklos.hu\/web\/wp-content\/uploads\/2020\/10\/V5498_1_25-11a_crop.jpg\" alt=\"\" class=\"wp-image-90\" srcset=\"https:\/\/www.szentkuthymiklos.hu\/web\/wp-content\/uploads\/2020\/10\/V5498_1_25-11a_crop.jpg 442w, https:\/\/www.szentkuthymiklos.hu\/web\/wp-content\/uploads\/2020\/10\/V5498_1_25-11a_crop-241x300.jpg 241w\" sizes=\"auto, (max-width: 442px) 100vw, 442px\" \/><figcaption class=\"wp-element-caption\"><em>Prae, 1934.<\/em><\/figcaption><\/figure>\n\n\n\n<figure class=\"wp-block-image size-large\"><img loading=\"lazy\" decoding=\"async\" width=\"442\" height=\"550\" data-id=\"91\" src=\"https:\/\/www.szentkuthymiklos.hu\/web\/wp-content\/uploads\/2020\/10\/V5498_1_25-11b_crop.jpg\" alt=\"\" class=\"wp-image-91\" srcset=\"https:\/\/www.szentkuthymiklos.hu\/web\/wp-content\/uploads\/2020\/10\/V5498_1_25-11b_crop.jpg 442w, https:\/\/www.szentkuthymiklos.hu\/web\/wp-content\/uploads\/2020\/10\/V5498_1_25-11b_crop-241x300.jpg 241w\" sizes=\"auto, (max-width: 442px) 100vw, 442px\" \/><figcaption class=\"wp-element-caption\"><em>Prae, 1934.<\/em><\/figcaption><\/figure>\n<\/figure>\n","protected":false},"excerpt":{"rendered":"<p>Mikl\u00f3s Szentkuthy: Prae Considered an eerie attack on realism, when first published in 1934, Mikl\u00f3s Szentkuthy\u2019s debut novel Prae so astonished Hungarian critics that many deemed it monstrous, derogatorily referred to Szentkuthy as cosmopolitan, and classified him alien to Hungarian culture. Incomparable and unprecedented in Hungarian literature, Prae compels recognition as a serious contribution to [&hellip;]<\/p>\n","protected":false},"author":2,"featured_media":0,"parent":357,"menu_order":1,"comment_status":"closed","ping_status":"closed","template":"","meta":{"footnotes":""},"categories":[],"class_list":["post-359","page","type-page","status-publish","hentry"],"_links":{"self":[{"href":"https:\/\/www.szentkuthymiklos.hu\/web\/wp-json\/wp\/v2\/pages\/359","targetHints":{"allow":["GET"]}}],"collection":[{"href":"https:\/\/www.szentkuthymiklos.hu\/web\/wp-json\/wp\/v2\/pages"}],"about":[{"href":"https:\/\/www.szentkuthymiklos.hu\/web\/wp-json\/wp\/v2\/types\/page"}],"author":[{"embeddable":true,"href":"https:\/\/www.szentkuthymiklos.hu\/web\/wp-json\/wp\/v2\/users\/2"}],"replies":[{"embeddable":true,"href":"https:\/\/www.szentkuthymiklos.hu\/web\/wp-json\/wp\/v2\/comments?post=359"}],"version-history":[{"count":3,"href":"https:\/\/www.szentkuthymiklos.hu\/web\/wp-json\/wp\/v2\/pages\/359\/revisions"}],"predecessor-version":[{"id":851,"href":"https:\/\/www.szentkuthymiklos.hu\/web\/wp-json\/wp\/v2\/pages\/359\/revisions\/851"}],"up":[{"embeddable":true,"href":"https:\/\/www.szentkuthymiklos.hu\/web\/wp-json\/wp\/v2\/pages\/357"}],"wp:attachment":[{"href":"https:\/\/www.szentkuthymiklos.hu\/web\/wp-json\/wp\/v2\/media?parent=359"}],"wp:term":[{"taxonomy":"category","embeddable":true,"href":"https:\/\/www.szentkuthymiklos.hu\/web\/wp-json\/wp\/v2\/categories?post=359"}],"curies":[{"name":"wp","href":"https:\/\/api.w.org\/{rel}","templated":true}]}}