{"id":284,"date":"2020-10-13T06:07:02","date_gmt":"2020-10-13T06:07:02","guid":{"rendered":"https:\/\/www.szentkuthymiklos.hu\/web\/?page_id=284"},"modified":"2025-03-08T13:46:14","modified_gmt":"2025-03-08T13:46:14","slug":"szentkuthy-miklos-kulfoldon-megjelent-muvei-1991-tol","status":"publish","type":"page","link":"https:\/\/www.szentkuthymiklos.hu\/web\/bibliografia\/szentkuthy-miklos-kulfoldon-megjelent-muvei-1991-tol\/","title":{"rendered":"Szentkuthy Mikl\u00f3s k\u00fclf\u00f6ld\u00f6n 1991 \u00f3ta megjelent m\u0171veinek katal\u00f3gusa"},"content":{"rendered":"\n<p><\/p>\n\n\n\n<p><strong>Belgium:<\/strong><\/p>\n\n\n\n<p>\u00ab&nbsp;Vies parall\u00e8les&nbsp;\u00bb, Bruxelles<\/p>\n\n\n\n<p>&#8211; En marge de Casanova, 2015 &#8211; (Sz\u00e9ljegyzetek Casanov\u00e1hoz)<\/p>\n\n\n\n<p>&#8211; Renaissance noire, 2016 \u2013 (Fekete Renesz\u00e1nsz)<\/p>\n\n\n\n<p>&#8211; Escorial, 2017 &#8211;&nbsp;<\/p>\n\n\n\n<p>&#8211; Europa Minor, 2018<\/p>\n\n\n\n<p>&#8211; Cynthia, 2019<\/p>\n\n\n\n<p><strong>Franciaorsz\u00e1g:<\/strong><\/p>\n\n\n\n<p>\u00c9ditions Ph\u00e9bus, Paris&nbsp;:<\/p>\n\n\n\n<p>&#8211; Caravane, revue annuelle, \u00ab&nbsp;Litt\u00e9rature a d\u00e9couvrir&nbsp;\u00bb les premieres 55 paged sur Mikl\u00f3s Szentkuthy. (\u00e9vk\u00f6nyv, No.1. az els\u0151 65 oldal) 1991.&nbsp;<\/p>\n\n\n\n<p><em>&#8211; En marge de Casanova, <\/em>1991 \u2013 (Sz\u00e9ljegyzetek Casanov\u00e1hoz)<\/p>\n\n\n\n<p><em>&#8211; Renaissance noire<\/em>,1991 \u2013 (Fekete Renesz\u00e1nsz)<\/p>\n\n\n\n<p><em>&#8211; Escorial<\/em>, 1993<\/p>\n\n\n\n<p><em>&#8211; Europa Minor, <\/em>2006<\/p>\n\n\n\n<p><em>&#8211; La confession frivole<\/em>,1999 \u2013 (Frivolit\u00e1sok \u00e9s hitvall\u00e1sok))<\/p>\n\n\n\n<p><em>Librairie Jos\u00e9 Corti, Paris:<\/em><\/p>\n\n\n\n<p><em>&#8211; Vers l\u2019unique m\u00e9taphore<\/em>,1991 \u2013 (Az egyetlen metafora fel\u00e9)<\/p>\n\n\n\n<p><em>&#8211; En lisant Augustin<\/em>,1996 \u2013 (\u00c1goston olvas\u00e1sa k\u00f6zben)<\/p>\n\n\n\n<p><em>&#8211; Le calendrier de l\u2019humilit\u00e9<\/em>,1998<em> \u2013 (Az al\u00e1zat kalend\u00e1riuma)<\/em><\/p>\n\n\n\n<p><em>&#8211; Robert Baroque<\/em>,1998 (Barokk R\u00f3bert)<\/p>\n\n\n\n<p><em>\u00c9ditions du Seuil, Paris:<\/em><\/p>\n\n\n\n<p>&#8211; <em>La Chronique Burgonde,<\/em> 1996 (Burgundi kr\u00f3nika)<\/p>\n\n\n\n<p><em>Europe&nbsp;:<\/em> revue litt\u00e9raire (irodalmi foly\u00f3irat), Paris, 2001. augusztus-szeptember. 50 oldal (244-294 o.) Szentkuthy Mikl\u00f3snak szentelve.&nbsp;<\/p>\n\n\n\n<p><\/p>\n\n\n\n<p><strong>Portug\u00e1lia:<\/strong><\/p>\n\n\n\n<p>Editorial Teorema, Lisboa<\/p>\n\n\n\n<p><em>&#8211; \u00c0 Margem de Casanova<\/em>, 1992? \u2013 Sz\u00e9ljegyzetek Casanov\u00e1hoz<em>&#8211; Escorial,1999&nbsp;<\/em><\/p>\n\n\n\n<p><strong>Rom\u00e1nia:<\/strong><\/p>\n\n\n\n<p><em>&#8211; Bianca Lanza di Casalanza<\/em> \u2013 Editura Univers, Bucuresti, 1999<\/p>\n\n\n\n<p><strong>Szlov\u00e1kia:<\/strong><\/p>\n\n\n\n<p><em>&#8211; Divertimento. Variacie na zivot Wolfganga Amadea Mozarta \u2013 <\/em>Tatran, Bratislava, 1990<\/p>\n\n\n\n<p>Burgundsk\u00e1 kronika, 2017<\/p>\n\n\n\n<p><strong>Spanyolorsz\u00e1g:<\/strong><\/p>\n\n\n\n<p>Ediciones Siruela, Madrid<\/p>\n\n\n\n<p><em>&#8211; A prop\u00f3sito de Casanova, <\/em>2002 \u2013 Sz\u00e9ljegyzetek Casanov\u00e1hoz<\/p>\n\n\n\n<p><em>&#8211; Renacimiento Negro, <\/em>2007 \u2013 Fekete Renesz\u00e1nsz<\/p>\n\n\n\n<p>Ediciones del Subsuelo, Barcelona<\/p>\n\n\n\n<p>&#8211; <em>Leyendo a Agust\u00edn, <\/em>2014 \u2013 \u00c1goston olvas\u00e1sa k\u00f6zben<\/p>\n\n\n\n<p><strong>Lengyelorsz\u00e1g:<\/strong><\/p>\n\n\n\n<p>Literatura na swiecie \u2013 \u00ab&nbsp;Pan Miklos Szentkuthy&nbsp;\u00bb, &#8211; no 3 &#8211;&nbsp; foly\u00f3irat Szentkuthy-k\u00fcl\u00f6nsz\u00e1m, 344 oldalon Szentkuthy szerepel benne, 2019.&nbsp;<\/p>\n\n\n\n<p><strong>T\u00f6r\u00f6korsz\u00e1g:<\/strong><\/p>\n\n\n\n<p>Aylak&nbsp; Adam K\u00fclt\u00fcr Sanat Yayincilik, Istanbul<\/p>\n\n\n\n<p>&#8211; Casanova \u00fczerine notlar, 2015<\/p>\n\n\n\n<p><strong>N\u00e9metorsz\u00e1g<\/strong>: <\/p>\n\n\n\n<p>Die Andere Bibliotek (Berlin)<\/p>\n\n\n\n<p>-Apropos Casanova, 2020<\/p>\n\n\n\n<p><strong>USA:<\/strong><\/p>\n\n\n\n<p>Contra Mundum Press, New York (Rainer J. Hanshe)<\/p>\n\n\n\n<p>&#8211; Marginalia on Casanova, 2012 \u2013 Sz\u00e9ljegyzetek Casanov\u00e1hoz<\/p>\n\n\n\n<p>&#8211; Black Renaissance, 2018 \u2013 Fekete Renesz\u00e1nsz<\/p>\n\n\n\n<p>&#8211; Towards the One and Only Metaphore, 2013 \u2013 Az egyetlen metafora fel\u00e9<\/p>\n\n\n\n<p>&#8211; Chapter on Love, 2020 &#8211; Fejezet a szerelemr\u0151l<\/p>\n\n\n\n<p>&#8211; Prae I., 2015<\/p>\n\n\n\n<p>&#8211; Prae II. 2022<\/p>\n","protected":false},"excerpt":{"rendered":"<p>Belgium: \u00ab&nbsp;Vies parall\u00e8les&nbsp;\u00bb, Bruxelles &#8211; En marge de Casanova, 2015 &#8211; (Sz\u00e9ljegyzetek Casanov\u00e1hoz) &#8211; Renaissance noire, 2016 \u2013 (Fekete Renesz\u00e1nsz) &#8211; Escorial, 2017 &#8211;&nbsp; &#8211; Europa Minor, 2018 &#8211; Cynthia, 2019 Franciaorsz\u00e1g: \u00c9ditions Ph\u00e9bus, Paris&nbsp;: &#8211; Caravane, revue annuelle, \u00ab&nbsp;Litt\u00e9rature a d\u00e9couvrir&nbsp;\u00bb les premieres 55 paged sur Mikl\u00f3s Szentkuthy. (\u00e9vk\u00f6nyv, No.1. az els\u0151 65 oldal) [&hellip;]<\/p>\n","protected":false},"author":2,"featured_media":0,"parent":205,"menu_order":3,"comment_status":"closed","ping_status":"closed","template":"","meta":{"footnotes":""},"categories":[11],"class_list":["post-284","page","type-page","status-publish","hentry","category-bibliografia"],"_links":{"self":[{"href":"https:\/\/www.szentkuthymiklos.hu\/web\/wp-json\/wp\/v2\/pages\/284","targetHints":{"allow":["GET"]}}],"collection":[{"href":"https:\/\/www.szentkuthymiklos.hu\/web\/wp-json\/wp\/v2\/pages"}],"about":[{"href":"https:\/\/www.szentkuthymiklos.hu\/web\/wp-json\/wp\/v2\/types\/page"}],"author":[{"embeddable":true,"href":"https:\/\/www.szentkuthymiklos.hu\/web\/wp-json\/wp\/v2\/users\/2"}],"replies":[{"embeddable":true,"href":"https:\/\/www.szentkuthymiklos.hu\/web\/wp-json\/wp\/v2\/comments?post=284"}],"version-history":[{"count":5,"href":"https:\/\/www.szentkuthymiklos.hu\/web\/wp-json\/wp\/v2\/pages\/284\/revisions"}],"predecessor-version":[{"id":820,"href":"https:\/\/www.szentkuthymiklos.hu\/web\/wp-json\/wp\/v2\/pages\/284\/revisions\/820"}],"up":[{"embeddable":true,"href":"https:\/\/www.szentkuthymiklos.hu\/web\/wp-json\/wp\/v2\/pages\/205"}],"wp:attachment":[{"href":"https:\/\/www.szentkuthymiklos.hu\/web\/wp-json\/wp\/v2\/media?parent=284"}],"wp:term":[{"taxonomy":"category","embeddable":true,"href":"https:\/\/www.szentkuthymiklos.hu\/web\/wp-json\/wp\/v2\/categories?post=284"}],"curies":[{"name":"wp","href":"https:\/\/api.w.org\/{rel}","templated":true}]}}