{"id":125,"date":"2020-10-05T16:26:11","date_gmt":"2020-10-05T16:26:11","guid":{"rendered":"https:\/\/www.szentkuthymiklos.hu\/web\/?page_id=125"},"modified":"2020-11-02T15:24:31","modified_gmt":"2020-11-02T15:24:31","slug":"esszek-tanulmanyok-muforditasok-levelezes","status":"publish","type":"page","link":"https:\/\/www.szentkuthymiklos.hu\/web\/esszek-tanulmanyok-muforditasok-levelezes\/","title":{"rendered":"Essz\u00e9k, tanulm\u00e1nyok, m\u0171ford\u00edt\u00e1sok, levelez\u00e9s"},"content":{"rendered":"","protected":false},"excerpt":{"rendered":"","protected":false},"author":2,"featured_media":0,"parent":0,"menu_order":3,"comment_status":"closed","ping_status":"closed","template":"","meta":{"footnotes":""},"categories":[2],"class_list":["post-125","page","type-page","status-publish","hentry","category-archivum"],"_links":{"self":[{"href":"https:\/\/www.szentkuthymiklos.hu\/web\/wp-json\/wp\/v2\/pages\/125","targetHints":{"allow":["GET"]}}],"collection":[{"href":"https:\/\/www.szentkuthymiklos.hu\/web\/wp-json\/wp\/v2\/pages"}],"about":[{"href":"https:\/\/www.szentkuthymiklos.hu\/web\/wp-json\/wp\/v2\/types\/page"}],"author":[{"embeddable":true,"href":"https:\/\/www.szentkuthymiklos.hu\/web\/wp-json\/wp\/v2\/users\/2"}],"replies":[{"embeddable":true,"href":"https:\/\/www.szentkuthymiklos.hu\/web\/wp-json\/wp\/v2\/comments?post=125"}],"version-history":[{"count":2,"href":"https:\/\/www.szentkuthymiklos.hu\/web\/wp-json\/wp\/v2\/pages\/125\/revisions"}],"predecessor-version":[{"id":274,"href":"https:\/\/www.szentkuthymiklos.hu\/web\/wp-json\/wp\/v2\/pages\/125\/revisions\/274"}],"wp:attachment":[{"href":"https:\/\/www.szentkuthymiklos.hu\/web\/wp-json\/wp\/v2\/media?parent=125"}],"wp:term":[{"taxonomy":"category","embeddable":true,"href":"https:\/\/www.szentkuthymiklos.hu\/web\/wp-json\/wp\/v2\/categories?post=125"}],"curies":[{"name":"wp","href":"https:\/\/api.w.org\/{rel}","templated":true}]}}